{"id":1651,"date":"2018-08-31T21:11:24","date_gmt":"2018-08-31T19:11:24","guid":{"rendered":"http:\/\/wp.octanes.de\/?page_id=1651"},"modified":"2019-09-12T13:58:31","modified_gmt":"2019-09-12T11:58:31","slug":"worum-gehts","status":"publish","type":"page","link":"https:\/\/voltages.de\/en\/worum-gehts\/","title":{"rendered":"Worum geht&#8217;s?"},"content":{"rendered":"<h2 class=\"has-text-align-center wp-block-heading\">The Club<\/h2>\n\n\n\n<p>High-Octane Motorsports e.V. is a registered, nonprofit organisation and also a university group at Friedrich-Alexander-University Erlangen-Nuremberg.<\/p>\n\n\n\n<p>As a formula student team we are building race cars since our founding in 2007. All tasks necessary for our goal of building innovative new race cars each year are solved by our team members without professional Help. The Students develop their own concept, model it in CAD and construct the race car. The car also needs to be tested before each race to ensure safety and performance.<\/p>\n\n\n\n<p>The team members are students from all faculties who gather knowledge independently and learn about automotive engineering and manufacturing technology. The interdisciplinary topics from technical to economic Fields are unique in formula student as the race cars are not only judged by the technical aspects but also on financial points.<\/p>\n\n\n<div id=\"metaslider-id-1652\" style=\"max-width: 800px; margin: 0 auto;\" class=\"ml-slider-3-107-0 metaslider metaslider-flex metaslider-1652 ml-slider has-dots-nav ms-theme-default\" role=\"region\" aria-label=\"Worumgehtsmobile\" data-height=\"400\" data-width=\"800\">\n    <div id=\"metaslider_container_1652\">\n        <div id=\"metaslider_1652\">\n            <ul class='slides'>\n                <li style=\"display: block; width: 100%;\" class=\"slide-1653 ms-image\" aria-roledescription=\"slide\" data-date=\"2018-08-31 21:09:51\" data-filename=\"IMG_9918_3-800x400.jpg\" data-slide-type=\"image\"><img src=\"https:\/\/voltages.de\/wp-content\/uploads\/2018\/08\/IMG_9918_3-800x400.jpg\" height=\"400\" width=\"800\" alt=\"\" class=\"slider-1652 slide-1653 msDefaultImage\" title=\"IMG_9918_3\" \/><\/li>\n                <li style=\"display: none; width: 100%;\" class=\"slide-1654 ms-image\" aria-roledescription=\"slide\" data-date=\"2018-08-31 21:09:51\" data-filename=\"raceCar-800x400.jpeg\" data-slide-type=\"image\"><img src=\"https:\/\/voltages.de\/wp-content\/uploads\/2018\/06\/raceCar-800x400.jpeg\" height=\"400\" width=\"800\" alt=\"\" class=\"slider-1652 slide-1654 msDefaultImage\" title=\"raceCar\" \/><\/li>\n            <\/ul>\n        <\/div>\n        \n    <\/div>\n<\/div>\n\n\n\n<hr class=\"wp-block-separator\"\/>\n\n\n\n<h2 class=\"has-text-align-center wp-block-heading\">Sponsoring and Support<\/h2>\n\n\n\n<p>To accomplish our goals we are working together closely with Sponsors in the fields of industry and economy. For their support we are not only offering marketing opportunities but also contact to the engineers of the future. Through the close contact between students and companies in the development both sides have benefits. If you want more information about sponsorship you can find them in the section&nbsp;<a href=\"http:\/\/www.octanes.de\/sponsoren\/\" target=\"_blank\" rel=\"noreferrer noopener\">Sponsors<\/a>.<\/p>\n\n\n\n<figure class=\"wp-block-image\"><img decoding=\"async\" loading=\"lazy\" width=\"2282\" height=\"534\" src=\"http:\/\/www.octanes.de\/wp-content\/uploads\/2018\/08\/csm_infoSponsoren_954da74b2d-1.png\" alt=\"\" class=\"wp-image-1659\" srcset=\"https:\/\/voltages.de\/wp-content\/uploads\/2018\/08\/csm_infoSponsoren_954da74b2d-1.png 2282w, https:\/\/voltages.de\/wp-content\/uploads\/2018\/08\/csm_infoSponsoren_954da74b2d-1-300x70.png 300w, https:\/\/voltages.de\/wp-content\/uploads\/2018\/08\/csm_infoSponsoren_954da74b2d-1-768x180.png 768w, https:\/\/voltages.de\/wp-content\/uploads\/2018\/08\/csm_infoSponsoren_954da74b2d-1-1024x240.png 1024w\" sizes=\"(max-width: 2282px) 100vw, 2282px\" \/><\/figure>\n\n\n\n<hr class=\"wp-block-separator\"\/>\n\n\n\n<h2 class=\"has-text-align-center wp-block-heading\">Formula Student<\/h2>\n\n\n\n<p>Formula Student is a racing series departed in three different categories. In these categories electric, combustion and driverless vehicles compete against each other. High-Octane Motorsports e.V. represents the FAU in the combustion and driverless class (since 2018). There are different international events in countries all over the world and the competitions take place on famous tracks, like the Formula Student Germany at the Hockenheimring or the historic Silverstone track. With the example of Formula Student Germany we want to explain the different disciplines and the process of the events.<\/p>\n\n\n\n<hr class=\"wp-block-separator\"\/>\n\n\n\n<h2 class=\"has-text-align-center wp-block-heading\">The Disciplines<\/h2>\n\n\n\n<p>Formula Student is a combined event like the athletics. In eight different disciplines our team is competing against the others and collect points depending on our results. In the end the team with the highest overall score wins.<\/p>\n\n\n\n<figure class=\"wp-block-image\"><img decoding=\"async\" loading=\"lazy\" width=\"1638\" height=\"1047\" src=\"http:\/\/www.octanes.de\/wp-content\/uploads\/2018\/09\/Punktevergabe1.png\" alt=\"\" class=\"wp-image-3516\" srcset=\"https:\/\/voltages.de\/wp-content\/uploads\/2018\/09\/Punktevergabe1.png 1638w, https:\/\/voltages.de\/wp-content\/uploads\/2018\/09\/Punktevergabe1-300x192.png 300w, https:\/\/voltages.de\/wp-content\/uploads\/2018\/09\/Punktevergabe1-768x491.png 768w, https:\/\/voltages.de\/wp-content\/uploads\/2018\/09\/Punktevergabe1-1024x655.png 1024w\" sizes=\"(max-width: 1638px) 100vw, 1638px\" \/><figcaption> <br>The diversion of points (see combustion and electric above, driverless below) <\/figcaption><\/figure>\n\n\n\n<figure class=\"wp-block-image\"><img decoding=\"async\" loading=\"lazy\" width=\"1638\" height=\"1047\" src=\"http:\/\/www.octanes.de\/wp-content\/uploads\/2018\/09\/Punktevergabe2.png\" alt=\"\" class=\"wp-image-3515\" srcset=\"https:\/\/voltages.de\/wp-content\/uploads\/2018\/09\/Punktevergabe2.png 1638w, https:\/\/voltages.de\/wp-content\/uploads\/2018\/09\/Punktevergabe2-300x192.png 300w, https:\/\/voltages.de\/wp-content\/uploads\/2018\/09\/Punktevergabe2-768x491.png 768w, https:\/\/voltages.de\/wp-content\/uploads\/2018\/09\/Punktevergabe2-1024x655.png 1024w\" sizes=\"(max-width: 1638px) 100vw, 1638px\" \/><figcaption> <br>The diversion of points (driverless vehicles) <\/figcaption><\/figure>\n\n\n\n<p>The disciplines can be parted into static and dynamic. While the dynamic events are classic motor sport disciplines like acceleration, SkidPad, Autocross or Endurance the static disciplines, Business Plan, Cost Report and Engineering Design Report are covering different areas of product development.<\/p>\n\n\n\n<hr class=\"wp-block-separator\"\/>\n\n\n\n<h2 class=\"has-text-align-center wp-block-heading\">Acceleration<\/h2>\n\n\n\n<p>Die Disziplin Acceleration ist ein Beschleunigungsrennen \u00fcber 75 Meter. Die schnellsten Teams erreichen das Ziel oft in weniger als 4 Sekunden. Obwohl es sich auf den ersten Blick um eine der einfachsten Disziplinen handelt, ist Acceleration eine gro\u00dfe technische Heraus-forderung. Motordrehmoment, Drehzahl und Traktion m\u00fcssen genau aufeinander abgestimmt werden um einen optimalen Geschwindigkeitsverlauf zu erm\u00f6glichen und ein durchdrehen der R\u00e4der zu verhindern.<\/p>\n\n\n\n<blockquote class=\"wp-block-quote\"><p>&#8222;Beim Beschleunigen m\u00fcssen die Tr\u00e4nen der Entz\u00fcckung waagrecht zum Ohr hin abflie\u00dfen.&#8220;<br><\/p><cite>&#8211; Walter R\u00f6hrl<\/cite><\/blockquote>\n\n\n\n<figure class=\"wp-block-image\"><img decoding=\"async\" loading=\"lazy\" width=\"3578\" height=\"2385\" src=\"http:\/\/www.octanes.de\/wp-content\/uploads\/2018\/09\/20180810_17-08-24_9374_rankin.jpg\" alt=\"\" class=\"wp-image-3031\" srcset=\"https:\/\/voltages.de\/wp-content\/uploads\/2018\/09\/20180810_17-08-24_9374_rankin.jpg 3578w, https:\/\/voltages.de\/wp-content\/uploads\/2018\/09\/20180810_17-08-24_9374_rankin-300x200.jpg 300w, https:\/\/voltages.de\/wp-content\/uploads\/2018\/09\/20180810_17-08-24_9374_rankin-768x512.jpg 768w, https:\/\/voltages.de\/wp-content\/uploads\/2018\/09\/20180810_17-08-24_9374_rankin-1024x683.jpg 1024w, https:\/\/voltages.de\/wp-content\/uploads\/2018\/09\/20180810_17-08-24_9374_rankin-360x240.jpg 360w\" sizes=\"(max-width: 3578px) 100vw, 3578px\" \/><\/figure>\n\n\n\n<hr class=\"wp-block-separator\"\/>\n\n\n\n<h2 class=\"has-text-align-center wp-block-heading\">SkidPad<\/h2>\n\n\n\n<p>The SkidPad-Course is probably the most striking course in motor sport and is best described as an infinity sign. The shape of the course demands a high cross acceleration and at the same time good handling as the circles only have a diameter of 15 meter. The driver has to complete two consecutive laps as fast as possible, while the shearing force of up to 1.4 g are affecting the car.<\/p>\n\n\n\n<div class=\"wp-block-image\"><figure class=\"aligncenter\"><img decoding=\"async\" loading=\"lazy\" width=\"1140\" height=\"761\" src=\"http:\/\/www.octanes.de\/wp-content\/uploads\/2018\/08\/csm_infoAutocross_3cd7aa6818.jpg\" alt=\"\" class=\"wp-image-961\" srcset=\"https:\/\/voltages.de\/wp-content\/uploads\/2018\/08\/csm_infoAutocross_3cd7aa6818.jpg 1140w, https:\/\/voltages.de\/wp-content\/uploads\/2018\/08\/csm_infoAutocross_3cd7aa6818-300x200.jpg 300w, https:\/\/voltages.de\/wp-content\/uploads\/2018\/08\/csm_infoAutocross_3cd7aa6818-768x513.jpg 768w, https:\/\/voltages.de\/wp-content\/uploads\/2018\/08\/csm_infoAutocross_3cd7aa6818-1024x684.jpg 1024w, https:\/\/voltages.de\/wp-content\/uploads\/2018\/08\/csm_infoAutocross_3cd7aa6818-360x240.jpg 360w\" sizes=\"(max-width: 1140px) 100vw, 1140px\" \/><\/figure><\/div>\n\n\n\n<hr class=\"wp-block-separator\"\/>\n\n\n\n<h2 class=\"has-text-align-center wp-block-heading\">Autocross<\/h2>\n\n\n\n<p>The autocross course is a twisting approximately one km long track, which has to be completed as fast as possible to set the starting order for the endurance event. The task for the driver and the car compares to the endurance and there fore the Autocross is excellent to compare the different Teams. It also gives the first opportunity to test the car in racing condition and perform last changes for the endurance if necessary.<\/p>\n\n\n\n<hr class=\"wp-block-separator\"\/>\n\n\n\n<h2 class=\"has-text-align-center wp-block-heading\">Endurance<\/h2>\n\n\n\n<p>This discipline is the most important one of the dynamic events. 30% of the total score can be scored in this event only. The goal is to prove the power of the vehicle and the drivers skill for a track of 22 km. After the first 11 km the second driver gets into the car to minimize the risk of an accident and to keep the physical and mental requirements of the driver low. This discipline shows how much the teams regarded the interaction of the different factors like speed, handling, fuel consumption and reliability of the parts.<\/p>\n\n\n\n<div class=\"wp-block-image\"><figure class=\"aligncenter\"><img decoding=\"async\" loading=\"lazy\" width=\"1024\" height=\"683\" src=\"http:\/\/www.octanes.de\/wp-content\/uploads\/2018\/08\/20180812_14-18-23_1254_rankin-1024x683-1.jpg\" alt=\"\" class=\"wp-image-963\" srcset=\"https:\/\/voltages.de\/wp-content\/uploads\/2018\/08\/20180812_14-18-23_1254_rankin-1024x683-1.jpg 1024w, https:\/\/voltages.de\/wp-content\/uploads\/2018\/08\/20180812_14-18-23_1254_rankin-1024x683-1-300x200.jpg 300w, https:\/\/voltages.de\/wp-content\/uploads\/2018\/08\/20180812_14-18-23_1254_rankin-1024x683-1-768x512.jpg 768w, https:\/\/voltages.de\/wp-content\/uploads\/2018\/08\/20180812_14-18-23_1254_rankin-1024x683-1-360x240.jpg 360w, https:\/\/voltages.de\/wp-content\/uploads\/2018\/08\/20180812_14-18-23_1254_rankin-1024x683-1-620x413.jpg 620w, https:\/\/voltages.de\/wp-content\/uploads\/2018\/08\/20180812_14-18-23_1254_rankin-1024x683-1-400x266.jpg 400w\" sizes=\"(max-width: 1024px) 100vw, 1024px\" \/><\/figure><\/div>\n\n\n\n<hr class=\"wp-block-separator\"\/>\n\n\n\n<h2 class=\"has-text-align-center wp-block-heading\"> Trackdrive <\/h2>\n\n\n\n<p>\n\nIn the Formula Student Driverless Class Trackdrive replaces the discipline Endurance. In this event the vehicle has to navigate itself around the given course for 10 laps. In Trackdrive the classic factors like speed, fuel consumption and reliability are tested again. Additionally the autonomous car has to manage with a completely new and unplanned track.\n\n<\/p>\n\n\n\n<hr class=\"wp-block-separator\"\/>\n\n\n\n<h2 class=\"has-text-align-center wp-block-heading\">Fuel Efficiency<\/h2>\n\n\n\n<p>The fuel consumption is one of the most important statistic in modern automotive engineering. For that reason young engineers also have to prove their knowledge in this discipline. In this event to score points not only the fuel consumption but also the speed is important. No extra track has to be completed, the data from the endurance event is counted. Only the teams that completed the endurance with less than 5.7 liter on 22 km score points at all.<\/p>\n\n\n\n<hr class=\"wp-block-separator\"\/>\n\n\n\n<h2 class=\"has-text-align-center wp-block-heading\">Business Plan<\/h2>\n\n\n\n<p>At the Business Plan Presentation the teams have to show their knowledge on marketing. Each team has to work out a concept on how to bring their car on the market and present it to the judges. marketing Know-How is rated as well as techniques of presentation. Even though the concept is never put into practice, it has to be developed close to reality and logical justified.<\/p>\n\n\n\n<figure class=\"wp-block-image\"><img decoding=\"async\" loading=\"lazy\" width=\"5903\" height=\"3935\" src=\"http:\/\/www.octanes.de\/wp-content\/uploads\/2018\/09\/20180808_13-24-12_0781_shidhartha-de.jpg\" alt=\"\" class=\"wp-image-2736\" srcset=\"https:\/\/voltages.de\/wp-content\/uploads\/2018\/09\/20180808_13-24-12_0781_shidhartha-de.jpg 5903w, https:\/\/voltages.de\/wp-content\/uploads\/2018\/09\/20180808_13-24-12_0781_shidhartha-de-300x200.jpg 300w, https:\/\/voltages.de\/wp-content\/uploads\/2018\/09\/20180808_13-24-12_0781_shidhartha-de-768x512.jpg 768w, https:\/\/voltages.de\/wp-content\/uploads\/2018\/09\/20180808_13-24-12_0781_shidhartha-de-1024x683.jpg 1024w, https:\/\/voltages.de\/wp-content\/uploads\/2018\/09\/20180808_13-24-12_0781_shidhartha-de-360x240.jpg 360w\" sizes=\"(max-width: 5903px) 100vw, 5903px\" \/><\/figure>\n\n\n\n<hr class=\"wp-block-separator\"\/>\n\n\n\n<h2 class=\"has-text-align-center wp-block-heading\">Engineering Design Event<\/h2>\n\n\n\n<p>In this discipline the team has to defend their design decisions in front of the judges, which are representatives from the industry and motor sport. For this event forward-looking Ideas and lots of simulation are requested in the development phase. The looks of the car and its components are only judged on technical topics, where innovation is very important for the success.<\/p>\n\n\n\n<div class=\"wp-block-image\"><figure class=\"aligncenter\"><img decoding=\"async\" loading=\"lazy\" width=\"3354\" height=\"2236\" src=\"http:\/\/www.octanes.de\/wp-content\/uploads\/2018\/09\/IMG_1760_3.jpg\" alt=\"\" class=\"wp-image-2725\" srcset=\"https:\/\/voltages.de\/wp-content\/uploads\/2018\/09\/IMG_1760_3.jpg 3354w, https:\/\/voltages.de\/wp-content\/uploads\/2018\/09\/IMG_1760_3-300x200.jpg 300w, https:\/\/voltages.de\/wp-content\/uploads\/2018\/09\/IMG_1760_3-768x512.jpg 768w, https:\/\/voltages.de\/wp-content\/uploads\/2018\/09\/IMG_1760_3-1024x683.jpg 1024w, https:\/\/voltages.de\/wp-content\/uploads\/2018\/09\/IMG_1760_3-360x240.jpg 360w\" sizes=\"(max-width: 3354px) 100vw, 3354px\" \/><\/figure><\/div>\n\n\n\n<hr class=\"wp-block-separator\"\/>\n\n\n\n<h2 class=\"has-text-align-center wp-block-heading\">Autonomous Design Event<\/h2>\n\n\n\n<p>\n\nThis discipline is, as the name says already, only relevant to the driverless competition. Here the judges rate hardware and software decisions that are important for the autonomous control of the vehicle on top of the overall concept of the car as explained in the Engineering Design section. Some of the judged topics are the choice of sensors and their placement, the perception of the track or the thereon based path planning.\n\n\n<\/p>\n\n\n\n<hr class=\"wp-block-separator\"\/>\n\n\n\n<h2 class=\"has-text-align-center wp-block-heading\">Cost and Manufacturing Event<\/h2>\n\n\n\n<p>In the Cost and Manufacturing event a cost report has to be developed on which base the teams cost efficiency can be compared. This cost report includes a listing of all materials and parts as well as the working hours that are needed to build the car. So this report shows the overall costs of the projects. During the presentation for the judges the team also has to explain their knowledge about cost efficient working.<\/p>\n\n\n\n<div class=\"wp-block-image\"><figure class=\"aligncenter\"><img decoding=\"async\" loading=\"lazy\" width=\"3354\" height=\"2236\" src=\"http:\/\/www.octanes.de\/wp-content\/uploads\/2018\/09\/IMG_1573_3.jpg\" alt=\"\" class=\"wp-image-2724\" srcset=\"https:\/\/voltages.de\/wp-content\/uploads\/2018\/09\/IMG_1573_3.jpg 3354w, https:\/\/voltages.de\/wp-content\/uploads\/2018\/09\/IMG_1573_3-300x200.jpg 300w, https:\/\/voltages.de\/wp-content\/uploads\/2018\/09\/IMG_1573_3-768x512.jpg 768w, https:\/\/voltages.de\/wp-content\/uploads\/2018\/09\/IMG_1573_3-1024x683.jpg 1024w, https:\/\/voltages.de\/wp-content\/uploads\/2018\/09\/IMG_1573_3-360x240.jpg 360w\" sizes=\"(max-width: 3354px) 100vw, 3354px\" \/><\/figure><\/div>\n\n\n\n<hr class=\"wp-block-separator\"\/>\n\n\n\n<div style=\"height:100px\" aria-hidden=\"true\" class=\"wp-block-spacer\"><\/div>","protected":false},"excerpt":{"rendered":"<p>Der Verein Der High-Octane Motorsports e.V. ist ein eingetragener, gemeinn\u00fctziger Verein und gleichzeitig eine Hochschulgruppe der Friedrich-Alexander-Universit\u00e4t Erlangen N\u00fcrnberg. Als Formula Student Team bauen wir seit unserer Gr\u00fcndung 2007 jedes Jahr einen innovativen Rennwagen. S\u00e4mtliche Aufgaben, die zum Erreichen dieses Ziels notwendig sind, werden vereinsintern und ohne jegliche professionelle Hilfe<\/p>","protected":false},"author":1,"featured_media":1858,"parent":0,"menu_order":0,"comment_status":"closed","ping_status":"closed","template":"","meta":{"advgb_blocks_editor_width":"","advgb_blocks_columns_visual_guide":"","footnotes":""},"coauthors":[],"author_meta":{"author_link":"https:\/\/voltages.de\/en\/author\/admin_octane\/","display_name":"High-Octane Motorsports e.V."},"relative_dates":{"created":"Posted 8 years ago","modified":"Updated 7 years ago"},"absolute_dates":{"created":"Posted on 31. August 2018","modified":"Updated on 12. September 2019"},"absolute_dates_time":{"created":"Posted on 31. August 2018 21:11","modified":"Updated on 12. September 2019 13:58"},"featured_img_caption":"","featured_img":"https:\/\/voltages.de\/wp-content\/uploads\/2018\/09\/fsg2018.jpg","series_order":"","_links":{"self":[{"href":"https:\/\/voltages.de\/en\/wp-json\/wp\/v2\/pages\/1651"}],"collection":[{"href":"https:\/\/voltages.de\/en\/wp-json\/wp\/v2\/pages"}],"about":[{"href":"https:\/\/voltages.de\/en\/wp-json\/wp\/v2\/types\/page"}],"author":[{"embeddable":true,"href":"https:\/\/voltages.de\/en\/wp-json\/wp\/v2\/users\/1"}],"replies":[{"embeddable":true,"href":"https:\/\/voltages.de\/en\/wp-json\/wp\/v2\/comments?post=1651"}],"version-history":[{"count":36,"href":"https:\/\/voltages.de\/en\/wp-json\/wp\/v2\/pages\/1651\/revisions"}],"predecessor-version":[{"id":4321,"href":"https:\/\/voltages.de\/en\/wp-json\/wp\/v2\/pages\/1651\/revisions\/4321"}],"wp:featuredmedia":[{"embeddable":true,"href":"https:\/\/voltages.de\/en\/wp-json\/wp\/v2\/media\/1858"}],"wp:attachment":[{"href":"https:\/\/voltages.de\/en\/wp-json\/wp\/v2\/media?parent=1651"}],"curies":[{"name":"wp","href":"https:\/\/api.w.org\/{rel}","templated":true}]}}