{"id":2559,"date":"2018-09-02T22:03:24","date_gmt":"2018-09-02T20:03:24","guid":{"rendered":"http:\/\/wp.octanes.de\/?page_id=2559"},"modified":"2021-05-03T12:13:36","modified_gmt":"2021-05-03T10:13:36","slug":"faumax-theta","status":"publish","type":"page","link":"https:\/\/voltages.de\/en\/rennwagen\/rennwagen-combustion\/faumax-theta\/","title":{"rendered":"FAUmax theta"},"content":{"rendered":"<div id=\"metaslider-id-2568\" style=\"max-width: 1200px; margin: 0 auto;\" class=\"ml-slider-3-107-0 metaslider metaslider-flex metaslider-2568 ml-slider has-dots-nav ms-theme-default\" role=\"region\" aria-label=\"ThetaSlider\" data-height=\"800\" data-width=\"1200\">\n    <div id=\"metaslider_container_2568\">\n        <div id=\"metaslider_2568\">\n            <ul class='slides'>\n                <li style=\"display: block; width: 100%;\" class=\"slide-2577 ms-image\" aria-roledescription=\"slide\" data-date=\"2018-09-02 22:56:28\" data-filename=\"theta2-799x533.jpg\" data-slide-type=\"image\"><img src=\"https:\/\/voltages.de\/wp-content\/uploads\/2018\/09\/theta2-799x533.jpg\" height=\"800\" width=\"1200\" alt=\"\" class=\"slider-2568 slide-2577 msDefaultImage\" title=\"theta2\" \/><\/li>\n                <li style=\"display: none; width: 100%;\" class=\"slide-2578 ms-image\" aria-roledescription=\"slide\" data-date=\"2018-09-02 22:56:28\" data-filename=\"theta1-799x533.jpg\" data-slide-type=\"image\"><img src=\"https:\/\/voltages.de\/wp-content\/uploads\/2018\/09\/theta1-799x533.jpg\" height=\"800\" width=\"1200\" alt=\"\" class=\"slider-2568 slide-2578 msDefaultImage\" title=\"theta1\" \/><\/li>\n                <li style=\"display: none; width: 100%;\" class=\"slide-2579 ms-image\" aria-roledescription=\"slide\" data-date=\"2018-09-02 22:56:28\" data-filename=\"theta6-799x533.jpg\" data-slide-type=\"image\"><img src=\"https:\/\/voltages.de\/wp-content\/uploads\/2018\/09\/theta6-799x533.jpg\" height=\"800\" width=\"1200\" alt=\"\" class=\"slider-2568 slide-2579 msDefaultImage\" title=\"theta6\" \/><\/li>\n                <li style=\"display: none; width: 100%;\" class=\"slide-2580 ms-image\" aria-roledescription=\"slide\" data-date=\"2018-09-02 22:56:28\" data-filename=\"theta5-799x533.jpg\" data-slide-type=\"image\"><img src=\"https:\/\/voltages.de\/wp-content\/uploads\/2018\/09\/theta5-799x533.jpg\" height=\"800\" width=\"1200\" alt=\"\" class=\"slider-2568 slide-2580 msDefaultImage\" title=\"theta5\" \/><\/li>\n                <li style=\"display: none; width: 100%;\" class=\"slide-2581 ms-image\" aria-roledescription=\"slide\" data-date=\"2018-09-02 22:56:28\" data-filename=\"theta4-799x533.jpg\" data-slide-type=\"image\"><img src=\"https:\/\/voltages.de\/wp-content\/uploads\/2018\/09\/theta4-799x533.jpg\" height=\"800\" width=\"1200\" alt=\"\" class=\"slider-2568 slide-2581 msDefaultImage\" title=\"theta4\" \/><\/li>\n            <\/ul>\n        <\/div>\n        \n    <\/div>\n<\/div>\n\n\n\n<h1 class=\"wp-block-heading\" style=\"text-align:center\" id=\"advgb-toc-cb71fb13-821b-409b-862b-67484315cb10\"><strong>Technical Specifications<\/strong><\/h1>\n\n\n\n<h3 class=\"wp-block-heading\"><strong>Key Details<\/strong><\/h3>\n\n\n\n<ul><li>Carbon Monocoque<\/li><li>Single seater on top of a spaceframe<\/li><li>Abma\u00dfe: L: 2884 mm \/ B: 1435 mm \/ H: 1200 m<\/li><li>Gesamtmasse: 171 kg<\/li><li>Leistung: 65 PS (48kW)<\/li><li>Beschleunigung von 0 &#8211; 100 km\/h: 3,6s<\/li><li>Top speed: 116 km\/h (limited by gearing)<\/li><li>Maximale Querbeschleunigung: 2,2 G<\/li><\/ul>\n\n\n\n<hr class=\"wp-block-separator\"\/>\n\n\n\n<h3 class=\"wp-block-heading\"><strong>Body and Frame<\/strong><\/h3>\n\n\n\n<ul><li><strong>Frame<\/strong><ul><li>Carbon Monocoque mit Stahlrohrheckrahmen in Hybridbauweise<br\/><\/li><li>Optimized stiffness-to-weight ratio<br\/><\/li><li>Crashnase aus Carbon <\/li><\/ul><\/li><li><strong>Pedals<\/strong><ul><li>Welded Aluminium metal-bend-construction<br\/><\/li><li>Gas- und brake pedal individually placeable<br\/><\/li><\/ul><\/li><li><strong>Steering<\/strong><ul><li>CFK-Platte mit gewichts- und ergonomie optimierter Form<br\/><\/li><li>Auf die Fahrer angepasste 3D-gedruckte Griffe aus Kunststoff<br\/><\/li><\/ul><\/li><li><strong>Ergonomie<\/strong><ul><li>gewichtsoptimierter Sitz aus 2 Komponenten-Polyurethanschaum<br\/><\/li><li>Individually customized for the driver<br\/><\/li><\/ul><\/li><\/ul>\n\n\n\n<hr class=\"wp-block-separator\"\/>\n\n\n\n<h3 class=\"wp-block-heading\"><strong>Suspension<\/strong><\/h3>\n\n\n\n<ul><li><strong>Radaufh\u00e4ngung<\/strong><ul><li>antiparallele Doppeldreiecksquerlenker aus Carbonrohren mit Aluminiuminserts verklebt<br\/><\/li><li>Besonderheit: Roll-Heave System mit je einem KW-Formula Student &amp; einem \u00d6hlins TTX 25 MKII D\u00e4mpfer<br\/><\/li><li>Topologieoptimierte Radtr\u00e4ger<br\/><\/li><li>Belastungsoptimierte Radnaben an der Hinterachse inklusive optimierten Inserts<br\/><\/li><li>Vorderachse: Pushrodanbindung<br\/><\/li><li>Hinterachse: Pushrodanbindung<br\/><\/li><li>Stabilisatoren an beiden Achsen im Roll-Heave System integriert (Torsionsfedern)<br\/><\/li><li>Schnellverstellbares Fahrwerk durch unterschiedliche Shims<\/li><\/ul><\/li><li><strong>Felgen\/ Reifen<\/strong><ul><li>10&#8243; Hybridfelgen aus gefr\u00e4stem Aluminiumstern mit handlaminiertem Carbonbett verklebt<br\/><\/li><li>Bereifung Vorderachse: Hoosier LC0 18&#215;6-10<br\/><\/li><li>Bereifung Hinterachse: Hoosier LC0 18&#215;6-10<br\/><\/li><\/ul><\/li><li><strong>Bremssystem<\/strong><ul><li>vier au\u00dfenliegende Stahlbremsscheiben, schwimmend gelagert<br\/><\/li><li>Vorderr\u00e4der Bremss\u00e4ttel: Wilwood GP200<br\/><\/li><li>Hinterr\u00e4der Bremss\u00e4ttel: AP Racing CP<br\/><\/li><li>Stahlflex Bremsleitungen<br\/><\/li><\/ul><\/li><li><strong>Lenkung<\/strong><ul><li>kompaktes, selbst entwickeltes Zahnstangenlenkgetriebe mit Aluminium Lenks\u00e4ule<br\/><\/li><li>Ackermannverstellung 0 % \/ 60 %<br\/><\/li><\/ul><\/li><\/ul>\n\n\n\n<hr class=\"wp-block-separator\"\/>\n\n\n\n<h2 class=\"wp-block-heading\"><strong>Motor &amp; Antriebsstrang<\/strong><\/h2>\n\n\n\n<ul><li><strong>Grundmotor<\/strong><ul><li>Aprilia RXV 550 V2-Motor<\/li><li>Zylinderwinkel: 77\u00b0<\/li><li>Bohrung: 80 mm<\/li><li>Hub: 55 mm<\/li><li>Hubraum: 552.9 ccm<\/li><li>Verdichtungsverh\u00e4ltnis: 16,1:1<\/li><li>Leistung: 65 PS (48 kW)<\/li><li>Drehmoment: 56 Nm<\/li><li>Kraftstoff: E85<\/li><\/ul><\/li><li><strong>Verbrennug und Applikation<\/strong><ul><li>\u00fcberarbeitete Ein- und Auslasskan\u00e4le<\/li><li>eigenentwickeltes Brennraumdesign<\/li><li>DTAfast S80 Pro ECU Motorsteuerung<\/li><li>Launch Control<\/li><\/ul><\/li><li><strong>Kurbeltrieb<\/strong><ul><li>eigenentwickelte Aluminium-Schmiedekolben<\/li><li>eigenentwickelte Pleuel<\/li><li>gewichts- und festigkeitsoptimierter Kurbeltrieb<\/li><li>feingewuchtete Kurbelwelle<\/li><\/ul><\/li><li><strong>Ansaugung und Abgassystem<\/strong><ul><li>Hybrid-Airbox aus handlaminierter Carbon-Sandwichstruktur und lasergesintertem, keramikverst\u00e4rktem Polyamid<\/li><li>variable Ansaugrohrl\u00e4ngen<\/li><li>Airbox str\u00f6mungs- und festigkeitsoptimiert<\/li><li>eigengefertigter Edelstahlkr\u00fcmmer mit Akrapovi\u010d\u00a0Titan-Endschalld\u00e4mpfer<\/li><\/ul><\/li><li><strong>K\u00fchl- und \u00d6lsystem<\/strong><ul><li>Wasserk\u00fchlung<\/li><li>elektrische Wasserpumpe, temperaturgeregelt<\/li><li>Wasserk\u00e4sten aus Aluminium<\/li><li>Trockensumpfschmierung<\/li><li>\u00d6l-Wasser-W\u00e4rmetauscher<\/li><\/ul><\/li><li><strong>Antriebsstrang<\/strong><ul><li>sequentielles 4-Gang-Getriebe, klauengeschaltet<\/li><li>elektrischer Schaltaktuator<\/li><li>Z\u00fcndunterbrechung und Zwischengas f\u00fcr Schaltvorg\u00e4nge ohne Kupplungsbet\u00e4tigung<\/li><li>Klauenkupplung<\/li><li>eigenentwickeltes Differential auf Basis des Drexler FSAE Lamellensperrdifferentials<\/li><li>Kegelradgetriebe mit variabler End\u00fcbersetzung<\/li><li>Stahl-Antriebswellen<\/li><\/ul><\/li><li><strong>Besonderheiten<\/strong><ul><li>Reibleistungsoptimierung durch div. Beschichtungen<\/li><\/ul><\/li><\/ul>\n\n\n\n<hr class=\"wp-block-separator\"\/>\n\n\n\n<h2 class=\"wp-block-heading\"><strong>Electronics<\/strong><\/h2>\n\n\n\n<ul><li>\u00a0<strong>Grundlegendes<\/strong><ul><li>Eigenentwickeltes,\u00a0dezentrales und\u00a0modulares CAN-Bus System<\/li><li>Vereinfachter Kabelbaum, vereinfachte Wartung und Reparatur dank CAN-Bus<\/li><li>12 verschiedene Steuereinheiten, bis zu\u00a021\u00a0Steuereinheiten gleichzeitig im Einsatz<\/li><li>Datenerfassung und -\u00dcberwachung mittels\u00a0Logger und eigenentwickelter Live-Telemetrie<\/li><\/ul><\/li><li><strong>Versorgung<\/strong><ul><li>Ein Bordnetz mit 12V Spannung\u00a0<\/li><li>Akkutechnologie Lithium-Eisenphosphat (LiFePO4)<\/li><\/ul><\/li><li><strong>Steuereinheiten<\/strong><ul><li>Verwendeter\u00a0Mikrocontroller: STM32<\/li><li>Eigenentwickelte Platinen mit modularem Aufbau<\/li><li>Spannungswandler auf jedem Knoten zur Verwendung am\u00a012V-Bordnetz<\/li><li>Eigenentwickelte, laser-gesinterte Kunststoff-Geh\u00e4use f\u00fcr optimalen Schutz vor Schmutz und Fl\u00fcssigkeiten<\/li><li>\u00dcberwachung von Strom und Spannung der Verbraucher f\u00fcr optimale Auslegung und vereinfachte Problemerkennung<\/li><\/ul><\/li><li><strong>Software<\/strong><ul><li>Programmierung der Mikrocontroller in C<\/li><li>Modularer Aufbau<\/li><li>Verwendung von Flashparametern, die \u00fcber den CAN-Bus w\u00e4hrend dem Betrieb ver\u00e4ndert werden k\u00f6nnen<\/li><\/ul><\/li><li><strong>Kabelbaum<\/strong><ul><li>Teilweise mittels\u00a0CAD entwickelt<\/li><li>Geringes Gewicht dank CAN-Bus<\/li><li>Zwei\u00a0CAN-Diagnoseschnittstellen<\/li><li>Eigenfertigung<\/li><\/ul><\/li><li><strong>Logging &amp; Telemetrie<\/strong><ul><li>Selbstentwickeltes bidirektionales Telemetriesystem via WLAN<\/li><li>Logger zum Aufzeichnen aller Nachrichten und sp\u00e4terer Auswertung<\/li><\/ul><\/li><li><strong>Schaltung<\/strong><ul><li>Elektronisches Schaltsystem f\u00fcr zuverl\u00e4ssige, extrem leichtgewichtige Schaltung mit sehr schnellen Schaltvorg\u00e4ngen<\/li><li>Automatische Schaltung f\u00fcr Acceleration Event<\/li><\/ul><\/li><\/ul>\n\n\n\n<hr class=\"wp-block-separator\"\/>\n\n\n\n<h2 class=\"wp-block-heading\"><strong>Aerodynamics<\/strong><\/h2>\n\n\n\n<ul><li>handlaminiert in CFK-Sandwich-Bauweise<\/li><li>Frontfl\u00fcgel bestehend aus 4 Elementen (Gewicht: 3,1kg)<\/li><li>Heckfl\u00fcgel bestehend aus 8 Elementen (Gewicht: 3,6kg)<\/li><\/ul>\n\n\n\n<hr class=\"wp-block-separator\"\/>\n\n\n\n<div style=\"height:100px\" aria-hidden=\"true\" class=\"wp-block-spacer\"><\/div>","protected":false},"excerpt":{"rendered":"<p>Technische Daten Eckdaten Carbon Monocoque Mittelmotor mit Heckantrieb Abma\u00dfe: L: 2884 mm \/ B: 1435 mm \/ H: 1200 m Gesamtmasse: 171 kg Leistung: 65 PS (48kW) Beschleunigung von 0 &#8211; 100 km\/h: 3,6s H\u00f6chstgeschwindigkeit: 116 km\/h (durch Getriebe begrenzt) Maximale Querbeschleunigung: 2,2 G Chassis Rahmen Carbon Monocoque mit Stahlrohrheckrahmen<\/p>","protected":false},"author":1,"featured_media":3690,"parent":268,"menu_order":0,"comment_status":"closed","ping_status":"closed","template":"","meta":{"advgb_blocks_editor_width":"","advgb_blocks_columns_visual_guide":"","footnotes":""},"coauthors":[],"author_meta":{"author_link":"https:\/\/voltages.de\/en\/author\/admin_octane\/","display_name":"High-Octane Motorsports e.V."},"relative_dates":{"created":"Posted 8 years ago","modified":"Updated 5 years ago"},"absolute_dates":{"created":"Posted on 2. September 2018","modified":"Updated on 3. May 2021"},"absolute_dates_time":{"created":"Posted on 2. September 2018 22:03","modified":"Updated on 3. May 2021 12:13"},"featured_img_caption":"","featured_img":"https:\/\/voltages.de\/wp-content\/uploads\/2018\/09\/theta.png","series_order":"","_links":{"self":[{"href":"https:\/\/voltages.de\/en\/wp-json\/wp\/v2\/pages\/2559"}],"collection":[{"href":"https:\/\/voltages.de\/en\/wp-json\/wp\/v2\/pages"}],"about":[{"href":"https:\/\/voltages.de\/en\/wp-json\/wp\/v2\/types\/page"}],"author":[{"embeddable":true,"href":"https:\/\/voltages.de\/en\/wp-json\/wp\/v2\/users\/1"}],"replies":[{"embeddable":true,"href":"https:\/\/voltages.de\/en\/wp-json\/wp\/v2\/comments?post=2559"}],"version-history":[{"count":13,"href":"https:\/\/voltages.de\/en\/wp-json\/wp\/v2\/pages\/2559\/revisions"}],"predecessor-version":[{"id":2719,"href":"https:\/\/voltages.de\/en\/wp-json\/wp\/v2\/pages\/2559\/revisions\/2719"}],"up":[{"embeddable":true,"href":"https:\/\/voltages.de\/en\/wp-json\/wp\/v2\/pages\/268"}],"wp:featuredmedia":[{"embeddable":true,"href":"https:\/\/voltages.de\/en\/wp-json\/wp\/v2\/media\/3690"}],"wp:attachment":[{"href":"https:\/\/voltages.de\/en\/wp-json\/wp\/v2\/media?parent=2559"}],"curies":[{"name":"wp","href":"https:\/\/api.w.org\/{rel}","templated":true}]}}