{"id":2612,"date":"2018-09-02T23:21:14","date_gmt":"2018-09-02T21:21:14","guid":{"rendered":"http:\/\/wp.octanes.de\/?page_id=2612"},"modified":"2018-09-21T13:54:24","modified_gmt":"2018-09-21T11:54:24","slug":"faumax-gamma","status":"publish","type":"page","link":"https:\/\/voltages.de\/en\/faumax-gamma\/","title":{"rendered":"FAUmax gamma"},"content":{"rendered":"<div id=\"metaslider-id-2631\" style=\"max-width: 1200px; margin: 0 auto;\" class=\"ml-slider-3-107-0 metaslider metaslider-flex metaslider-2631 ml-slider has-dots-nav ms-theme-default\" role=\"region\" aria-label=\"GammaSlider\" data-height=\"800\" data-width=\"1200\">\n    <div id=\"metaslider_container_2631\">\n        <div id=\"metaslider_2631\">\n            <ul class='slides'>\n                <li style=\"display: block; width: 100%;\" class=\"slide-2663 ms-image\" aria-roledescription=\"slide\" data-date=\"2018-09-02 23:37:28\" data-filename=\"gamma1-799x533.jpg\" data-slide-type=\"image\"><img src=\"https:\/\/voltages.de\/wp-content\/uploads\/2018\/09\/gamma1-799x533.jpg\" height=\"800\" width=\"1200\" alt=\"\" class=\"slider-2631 slide-2663 msDefaultImage\" title=\"gamma1\" \/><\/li>\n                <li style=\"display: none; width: 100%;\" class=\"slide-2664 ms-image\" aria-roledescription=\"slide\" data-date=\"2018-09-02 23:37:29\" data-filename=\"gamma5-799x533.jpg\" data-slide-type=\"image\"><img src=\"https:\/\/voltages.de\/wp-content\/uploads\/2018\/09\/gamma5-799x533.jpg\" height=\"800\" width=\"1200\" alt=\"\" class=\"slider-2631 slide-2664 msDefaultImage\" title=\"gamma5\" \/><\/li>\n                <li style=\"display: none; width: 100%;\" class=\"slide-2665 ms-image\" aria-roledescription=\"slide\" data-date=\"2018-09-02 23:37:29\" data-filename=\"gamma4-799x533.jpg\" data-slide-type=\"image\"><img src=\"https:\/\/voltages.de\/wp-content\/uploads\/2018\/09\/gamma4-799x533.jpg\" height=\"800\" width=\"1200\" alt=\"\" class=\"slider-2631 slide-2665 msDefaultImage\" title=\"gamma4\" \/><\/li>\n                <li style=\"display: none; width: 100%;\" class=\"slide-2666 ms-image\" aria-roledescription=\"slide\" data-date=\"2018-09-02 23:37:29\" data-filename=\"gamma3-799x533.jpg\" data-slide-type=\"image\"><img src=\"https:\/\/voltages.de\/wp-content\/uploads\/2018\/09\/gamma3-799x533.jpg\" height=\"800\" width=\"1200\" alt=\"\" class=\"slider-2631 slide-2666 msDefaultImage\" title=\"gamma3\" \/><\/li>\n                <li style=\"display: none; width: 100%;\" class=\"slide-2667 ms-image\" aria-roledescription=\"slide\" data-date=\"2018-09-02 23:37:29\" data-filename=\"gamma2-799x533.jpg\" data-slide-type=\"image\"><img src=\"https:\/\/voltages.de\/wp-content\/uploads\/2018\/09\/gamma2-799x533.jpg\" height=\"800\" width=\"1200\" alt=\"\" class=\"slider-2631 slide-2667 msDefaultImage\" title=\"gamma2\" \/><\/li>\n            <\/ul>\n        <\/div>\n        \n    <\/div>\n<\/div>\n\n\n\n<h1 class=\"wp-block-heading\" style=\"text-align:center\"><strong>Technical Specifications<\/strong><\/h1>\n\n\n\n<h2 class=\"wp-block-heading\"><strong>Body and Frame<\/strong><\/h2>\n\n\n\n<ul><li>Seat<ul><li>Handlaminierte CFK-Sitzschale mit CFK-Schaum-Sandwichstruktur f\u00fcr hohe Belastbarkeit bei geringem Gewicht<\/li><li>Schnelle Entnahme aus dem Fahrzeug mittels Steckverbindung auf Rahmenrohre<\/li><\/ul><\/li><li>Unterboden<ul><li>Komplett geschlossener Unterboden aus CFK-Balsaholz-Sandwichstruktur inklusive str\u00f6mungsoptimiertem Diffusor und Kan\u00e4len<\/li><\/ul><\/li><li>Body<ul><li>Organisches Design im Wiesmann-Look<\/li><li>Hochfeste CFK-Karosserie aus Prepregs im Autoklaven gefertigt<\/li><li>Gesamtfahrzeug Str\u00f6mungssimuliert und im Windkanal getestet<\/li><li>Schnelle Montage und Demontagem\u00f6glichkeit durch Schnellverschl\u00fcsse<\/li><\/ul><\/li><li>Pedale<ul><li>Blech-Biege-Konstruktion mit eigener Balancebar<\/li><li>Gas- und Bremspedal getrennt voneinander positionierbar<\/li><\/ul><\/li><li>Frame<ul><li>Gitterrohrrahmen aus S355<\/li><li>Geometrie auf Fahrwerk abgestimmt<\/li><li>Professionell geschwei\u00dft<\/li><li>Fahrwerkslaschen am Vermessungstisch pr\u00e4zise positioniert<\/li><li>Leichte Demontage des Motors durch Plattenheckrahmen<\/li><\/ul><\/li><li>Crashbox<ul><li>Hightech Crashbox aus Aluminiumschaum<\/li><\/ul><\/li><li>Werkzeugwagen<ul><li>&#8222;gel\u00e4ndeg\u00e4ngiger&#8220; Wagen f\u00fcr den Transport von Werkzeug, Reifen,Laptop, Quickjack, Pushbar und Feuerl\u00f6scher<\/li><\/ul><\/li><\/ul>\n\n\n\n<hr class=\"wp-block-separator\"\/>\n\n\n\n<h2 class=\"wp-block-heading\"><strong>Engine<\/strong><\/h2>\n\n\n\n<ul><li>Motor: Aprilia SXV550 (modifiziert)<\/li><li>Hubraum: 553 cm\u00b3<\/li><li>Kompression: 13,5<\/li><li>Kraftstoff: E85<\/li><li>Leistung: >65 kW<\/li><li>Drehmoment: >73 Nm von 4000 bis 9000 U\/min<\/li><li>Aufladung: Elektrischer Str\u00f6mungsverdichter<\/li><li>Kupplung: Fliehkraftkupplung Rekluse Z-Start Pro<\/li><li>Getriebe: sequentielles 4-Gang Getriebe, elektrisch bet\u00e4tigt<\/li><li>Kraft\u00fcbertragung: Kardanwelle und Kegelradgetriebe, Drexler<\/li><li>Lammelensperrdifferential<\/li><li>Carbon Antriebswellen<\/li><\/ul>\n\n\n\n<hr class=\"wp-block-separator\"\/>\n\n\n\n<h2 class=\"wp-block-heading\"><strong>Suspension<\/strong><\/h2>\n\n\n\n<ul><li>Doppeldreiecksquerlenker aus Carbonrohren<\/li><li>ZF Sachs Racing D\u00e4mpfer &#8211; RD 36-2 mit H&amp;R Rennsportfedern.<\/li><li>Anlenkung \u00fcber Pullrods<\/li><li>Beringer Bremss\u00e4ttel mit CSiC Bremsscheiben an allen 4 R\u00e4dern<\/li><li>8,0 x 13&#8243; Braid Felgen mit Hoosier Racing Slicks<\/li><\/ul>\n\n\n\n<hr class=\"wp-block-separator\"\/>\n\n\n\n<h2 class=\"wp-block-heading\"><strong>Electronics<\/strong><\/h2>\n\n\n\n<ul><li>Steuerger\u00e4te\/Knoten (self-designed)<ul><li>Eigenentwicklungen<\/li><li>Neue Architektur: ARM Cortex-M3 f\u00fcr mehr Leistung und Features<\/li><li>Einsparung eines Knotens gegen\u00fcber dem Vorjahr<\/li><li>Kommunikation \u00fcber CAN<\/li><li>CAN-basierter Bootloader<\/li><li>Software-Update mittels CAN-Flasher<\/li><\/ul><\/li><li>Lenkrad\/Display<ul><li>Fahrerinformationssystem (Warn-LEDs, Drehzahl, aktueller Gang)<\/li><li>Schaltblitze f\u00fcr idealen Schaltzeitpunkt<\/li><li>Ergonomisch geformte Schaltwippen f\u00fcr elektronische Schaltung<\/li><li>Komplett aus CFK<\/li><li>Integrierte Funkbedienung f\u00fcr Fahrer-Team-Kommunikation<\/li><\/ul><\/li><li>Elektronische Schaltung<ul><li>Automatik \/ Halbautomatik je nach Bedarf<\/li><li>DC-Schaltungsaktorikmotor mit Positionsregelung in Software<\/li><li>Servomotor f\u00fcr Kupplungsbet\u00e4tigung<\/li><li>Diskret aufgebaute Leistungselektronik<\/li><li>\u00dcbermittlung Z\u00fcndunterbrechungsanweisungen an die Motorsteuerung<\/li><\/ul><\/li><li>Logging<\/li><li>Versenden per Bluetooth in Echtzeit mit Reichweite > 300m<\/li><li>Speicherung von auf dem Bus befindlichen Informationen auf MicroSD-Karte<\/li><li>Download der Daten via CAN oder Bluetooth<\/li><li>Software Eigenentwicklung f\u00fcr Auswerten der Daten sowohl Live \u00fcber Bluetooth als auch per Datei von SD-Karte<\/li><li>Motorsteuerung: Open-Source Motorsteuerung auf Basis der Microsquirt(R)-Steuerung. Modifiziert um Daten am CAN-Bus abgreifen zu k\u00f6nnen und auf Signale der anderen Steuerger\u00e4te zu reagieren.<\/li><\/ul>\n\n\n\n<div style=\"height:100px\" aria-hidden=\"true\" class=\"wp-block-spacer\"><\/div>","protected":false},"excerpt":{"rendered":"<p>Technische Daten Chassis Sitz Handlaminierte CFK-Sitzschale mit CFK-Schaum-Sandwichstruktur f\u00fcr hohe Belastbarkeit bei geringem Gewicht Schnelle Entnahme aus dem Fahrzeug mittels Steckverbindung auf Rahmenrohre Unterboden Komplett geschlossener Unterboden aus CFK-Balsaholz-Sandwichstruktur inklusive str\u00f6mungsoptimiertem Diffusor und Kan\u00e4len Karosserie Organisches Design im Wiesmann-Look Hochfeste CFK-Karosserie aus Prepregs im Autoklaven gefertigt Gesamtfahrzeug Str\u00f6mungssimuliert und im<\/p>","protected":false},"author":1,"featured_media":3684,"parent":0,"menu_order":0,"comment_status":"closed","ping_status":"closed","template":"","meta":{"advgb_blocks_editor_width":"","advgb_blocks_columns_visual_guide":"","footnotes":""},"coauthors":[],"author_meta":{"author_link":"https:\/\/voltages.de\/en\/author\/admin_octane\/","display_name":"High-Octane Motorsports e.V."},"relative_dates":{"created":"Posted 8 years ago","modified":"Updated 8 years ago"},"absolute_dates":{"created":"Posted on 2. September 2018","modified":"Updated on 21. September 2018"},"absolute_dates_time":{"created":"Posted on 2. September 2018 23:21","modified":"Updated on 21. September 2018 13:54"},"featured_img_caption":"","featured_img":"https:\/\/voltages.de\/wp-content\/uploads\/2018\/09\/gamma.png","series_order":"","_links":{"self":[{"href":"https:\/\/voltages.de\/en\/wp-json\/wp\/v2\/pages\/2612"}],"collection":[{"href":"https:\/\/voltages.de\/en\/wp-json\/wp\/v2\/pages"}],"about":[{"href":"https:\/\/voltages.de\/en\/wp-json\/wp\/v2\/types\/page"}],"author":[{"embeddable":true,"href":"https:\/\/voltages.de\/en\/wp-json\/wp\/v2\/users\/1"}],"replies":[{"embeddable":true,"href":"https:\/\/voltages.de\/en\/wp-json\/wp\/v2\/comments?post=2612"}],"version-history":[{"count":4,"href":"https:\/\/voltages.de\/en\/wp-json\/wp\/v2\/pages\/2612\/revisions"}],"predecessor-version":[{"id":2717,"href":"https:\/\/voltages.de\/en\/wp-json\/wp\/v2\/pages\/2612\/revisions\/2717"}],"wp:featuredmedia":[{"embeddable":true,"href":"https:\/\/voltages.de\/en\/wp-json\/wp\/v2\/media\/3684"}],"wp:attachment":[{"href":"https:\/\/voltages.de\/en\/wp-json\/wp\/v2\/media?parent=2612"}],"curies":[{"name":"wp","href":"https:\/\/api.w.org\/{rel}","templated":true}]}}