{"id":2616,"date":"2018-09-02T23:22:54","date_gmt":"2018-09-02T21:22:54","guid":{"rendered":"http:\/\/wp.octanes.de\/?page_id=2616"},"modified":"2018-09-21T13:47:02","modified_gmt":"2018-09-21T11:47:02","slug":"faumax-beta","status":"publish","type":"page","link":"https:\/\/voltages.de\/en\/rennwagen\/rennwagen-combustion\/faumax-beta\/","title":{"rendered":"FAUmax beta"},"content":{"rendered":"<div id=\"metaslider-id-2632\" style=\"max-width: 1200px; margin: 0 auto;\" class=\"ml-slider-3-107-0 metaslider metaslider-flex metaslider-2632 ml-slider has-dots-nav ms-theme-default\" role=\"region\" aria-label=\"BetaSlider\" data-height=\"800\" data-width=\"1200\">\n    <div id=\"metaslider_container_2632\">\n        <div id=\"metaslider_2632\">\n            <ul class='slides'>\n                <li style=\"display: block; width: 100%;\" class=\"slide-2656 ms-image\" aria-roledescription=\"slide\" data-date=\"2018-09-02 23:34:28\" data-filename=\"Beta1-799x533.jpg\" data-slide-type=\"image\"><img src=\"https:\/\/voltages.de\/wp-content\/uploads\/2018\/09\/Beta1-799x533.jpg\" height=\"800\" width=\"1200\" alt=\"\" class=\"slider-2632 slide-2656 msDefaultImage\" title=\"Beta1\" \/><\/li>\n                <li style=\"display: none; width: 100%;\" class=\"slide-2651 ms-image\" aria-roledescription=\"slide\" data-date=\"2018-09-02 23:34:28\" data-filename=\"Lausitzring_Regen_sw-799x533.jpg\" data-slide-type=\"image\"><img src=\"https:\/\/voltages.de\/wp-content\/uploads\/2018\/09\/Lausitzring_Regen_sw-799x533.jpg\" height=\"800\" width=\"1200\" alt=\"\" class=\"slider-2632 slide-2651 msDefaultImage\" title=\"Lausitzring_Regen_sw\" \/><\/li>\n                <li style=\"display: none; width: 100%;\" class=\"slide-2652 ms-image\" aria-roledescription=\"slide\" data-date=\"2018-09-02 23:34:28\" data-filename=\"Team_Silverstone_3-799x533.jpg\" data-slide-type=\"image\"><img src=\"https:\/\/voltages.de\/wp-content\/uploads\/2018\/09\/Team_Silverstone_3-799x533.jpg\" height=\"800\" width=\"1200\" alt=\"\" class=\"slider-2632 slide-2652 msDefaultImage\" title=\"Team_Silverstone_3\" \/><\/li>\n                <li style=\"display: none; width: 100%;\" class=\"slide-2655 ms-image\" aria-roledescription=\"slide\" data-date=\"2018-09-02 23:34:28\" data-filename=\"Beta2-799x533.jpg\" data-slide-type=\"image\"><img src=\"https:\/\/voltages.de\/wp-content\/uploads\/2018\/09\/Beta2-799x533.jpg\" height=\"800\" width=\"1200\" alt=\"\" class=\"slider-2632 slide-2655 msDefaultImage\" title=\"Beta2\" \/><\/li>\n                <li style=\"display: none; width: 100%;\" class=\"slide-2653 ms-image\" aria-roledescription=\"slide\" data-date=\"2018-09-02 23:34:28\" data-filename=\"DSC_2046-799x533.jpg\" data-slide-type=\"image\"><img src=\"https:\/\/voltages.de\/wp-content\/uploads\/2018\/09\/DSC_2046-799x533.jpg\" height=\"800\" width=\"1200\" alt=\"\" class=\"slider-2632 slide-2653 msDefaultImage\" title=\"DSC_2046\" \/><\/li>\n                <li style=\"display: none; width: 100%;\" class=\"slide-2654 ms-image\" aria-roledescription=\"slide\" data-date=\"2018-09-02 23:34:28\" data-filename=\"Beta3-799x533.jpg\" data-slide-type=\"image\"><img src=\"https:\/\/voltages.de\/wp-content\/uploads\/2018\/09\/Beta3-799x533.jpg\" height=\"800\" width=\"1200\" alt=\"\" class=\"slider-2632 slide-2654 msDefaultImage\" title=\"Beta3\" \/><\/li>\n            <\/ul>\n        <\/div>\n        \n    <\/div>\n<\/div>\n\n\n\n<h1 class=\"wp-block-heading\" style=\"text-align:center\"><strong>Technical Specifications<\/strong><\/h1>\n\n\n\n<h2 class=\"wp-block-heading\"><strong>Frame<\/strong><\/h2>\n\n\n\n<ul><li>Gitterrohrrahmen aus hochfestem Verg\u00fctungsstahl<\/li><li>Stark verbesserte Steifigkeit bei niedrigerem Gewicht<\/li><li>Professionell geschwei\u00dft<\/li><li>Hohe Pr\u00e4zision durch Verwendung von Schwei\u00dfschablonen<\/li><li>Geometrie abgestimmt auf das Fahrwerk<\/li><li>Leichte Demontage des Motors \u00fcber Modulstrategie<\/li><\/ul>\n\n\n\n<hr class=\"wp-block-separator\"\/>\n\n\n\n<h2 class=\"wp-block-heading\"><strong>Body<\/strong><\/h2>\n\n\n\n<ul><li>Komplett geschlossener Unterboden inklusive str\u00f6mungsoptimiertem Diffusor<\/li><li>Aerodynamisch geformte Karosserie mit integriertem Heckfl\u00fcgel<\/li><li>Hochfeste, handlaminierte CFK-Karosserie mit partiellen Verst\u00e4rkungen bei niedrigem Gewicht<\/li><li>Schnelle Montage und Demontagem\u00f6glichkeit durch Schnellverschl\u00fcsse<\/li><li>Hightech Crashbox aus Aluminiumschaum<\/li><li>Multifunktions-Integralsitz aus CFK<\/li><\/ul>\n\n\n\n<hr class=\"wp-block-separator\"\/>\n\n\n\n<h2 class=\"wp-block-heading\"><strong>Suspension<\/strong><\/h2>\n\n\n\n<ul><li>Antiparallele Doppeldreiecksquerlenker aus Stahl<\/li><li>Cane Creek Double Barrel D\u00e4mpfer \/ Eibach Rennfedern, 4fach einstellbar, getrennt regelbares lowspeed\/highspeeddamping angelenkt \u00fcber Pushrods<\/li><li>CSiC Bremsscheiben an allen 4 R\u00e4dern<\/li><li>Hochsteifes Lenkgetriebegeh\u00e4use<\/li><li>7,0 x 13&#8243; BBS Leichtmetallr\u00e4der mit GoodYear Racing Slicks<\/li><\/ul>\n\n\n\n<hr class=\"wp-block-separator\"\/>\n\n\n\n<h2 class=\"wp-block-heading\"><strong>Motor &amp; Antriebsstrang<\/strong><\/h2>\n\n\n\n<ul><li>Engine<ul><li>Aprilia SXV 550 V2-Zylinder<\/li><li>Hubraum: 553 ccm<\/li><li>Betrieb mit umweltfreundlichem E85-Kraftstoff<\/li><li>Speziell entwickelte Schmiedekolben<\/li><li>Rekluse Z-Start PRO Automatikkupplung<\/li><li>Rapid-Prototyping Airbox mit integriertem 19mm Restriktor<\/li><li>Vollprogrammierbare MicroSquirt(tm) Motorsteuerung<\/li><li>Titan-Abgasanlage mit Akrapovic Endschalld\u00e4mpfer<\/li><li>Aufladung in Vorbereitung<\/li><li>Leistung: 92 PS bei 10000 rpm<\/li><li>Drehmoment: 90 Nm bei 8000 rpm<\/li><\/ul><\/li><li>Antriebsstrang<ul><li>Endantrieb \u00fcber Kette<\/li><li>Endantrieb \u00fcber Kette<\/li><li>Drexler Lamellensperrdifferential<\/li><li>Eigenkonstruktion der Abtriebswellen<\/li><\/ul><\/li><\/ul>\n\n\n\n<hr class=\"wp-block-separator\"\/>\n\n\n\n<h2 class=\"wp-block-heading\"><strong>Electronics<\/strong><\/h2>\n\n\n\n<ul><li>Steuerger\u00e4te\/Knoten (self-designed)<ul><li>basierend auf AT90CAN128 und TJA1040<\/li><li>einheitliche Betriebssystemstruktur (FreeRTOS)<\/li><li>Kommunikation \u00fcber CAN<\/li><li>CAN-basierter Bootloader<\/li><li>Software-Update mittels CAN-Flasher<\/li><\/ul><\/li><li>Lenkrad\/Display<ul><li>Fahrerinformationssystem (Warn-LEDs, Drehzahl, aktueller Gang)<\/li><li>Schaltwippen<\/li><li>Komplett aus CFK<\/li><li>Integrierte Funkbedienung f\u00fcr Fahrer-Team-Kommunikation<\/li><\/ul><\/li><li>Elektronische halbautomatische Schaltung<ul><li>Steuerung des DC-Schaltungsaktorikmotors \u00fcber diskret aufgebaute H-Br\u00fccke<\/li><li>Kupplungsbet\u00e4tigung \u00fcber Servomotor<\/li><li>\u00dcbermittlung Z\u00fcndunterbrechungsanweisungen an die Motorsteuerung<\/li><\/ul><\/li><li>Logging\/Diagnoseknoten: Speicherung von auf dem Bus befindlichen Informationen auf einer SD-Karte und per Bluetooth in Echtzeit<\/li><li>Motorsteuerung: Open-Source Motorsteuerung auf Basis der Microsquirt(R)-Steuerung. Modifiziert um Daten am CAN-Bus abgreifen zu k\u00f6nnen und auf Signale der anderen Steuerger\u00e4te zu reagieren.<\/li><\/ul>\n\n\n\n<div style=\"height:100px\" aria-hidden=\"true\" class=\"wp-block-spacer\"><\/div>","protected":false},"excerpt":{"rendered":"<p>Technische Daten Rahmen Gitterrohrrahmen aus hochfestem Verg\u00fctungsstahl Stark verbesserte Steifigkeit bei niedrigerem Gewicht Professionell geschwei\u00dft Hohe Pr\u00e4zision durch Verwendung von Schwei\u00dfschablonen Geometrie abgestimmt auf das Fahrwerk Leichte Demontage des Motors \u00fcber Modulstrategie Karosserie Komplett geschlossener Unterboden inklusive str\u00f6mungsoptimiertem Diffusor Aerodynamisch geformte Karosserie mit integriertem Heckfl\u00fcgel Hochfeste, handlaminierte CFK-Karosserie mit partiellen<\/p>","protected":false},"author":1,"featured_media":3683,"parent":268,"menu_order":0,"comment_status":"closed","ping_status":"closed","template":"","meta":{"advgb_blocks_editor_width":"","advgb_blocks_columns_visual_guide":"","footnotes":""},"coauthors":[],"author_meta":{"author_link":"https:\/\/voltages.de\/en\/author\/admin_octane\/","display_name":"High-Octane Motorsports e.V."},"relative_dates":{"created":"Posted 8 years ago","modified":"Updated 8 years ago"},"absolute_dates":{"created":"Posted on 2. September 2018","modified":"Updated on 21. September 2018"},"absolute_dates_time":{"created":"Posted on 2. September 2018 23:22","modified":"Updated on 21. September 2018 13:47"},"featured_img_caption":"","featured_img":"https:\/\/voltages.de\/wp-content\/uploads\/2018\/09\/beta.png","series_order":"","_links":{"self":[{"href":"https:\/\/voltages.de\/en\/wp-json\/wp\/v2\/pages\/2616"}],"collection":[{"href":"https:\/\/voltages.de\/en\/wp-json\/wp\/v2\/pages"}],"about":[{"href":"https:\/\/voltages.de\/en\/wp-json\/wp\/v2\/types\/page"}],"author":[{"embeddable":true,"href":"https:\/\/voltages.de\/en\/wp-json\/wp\/v2\/users\/1"}],"replies":[{"embeddable":true,"href":"https:\/\/voltages.de\/en\/wp-json\/wp\/v2\/comments?post=2616"}],"version-history":[{"count":3,"href":"https:\/\/voltages.de\/en\/wp-json\/wp\/v2\/pages\/2616\/revisions"}],"predecessor-version":[{"id":2715,"href":"https:\/\/voltages.de\/en\/wp-json\/wp\/v2\/pages\/2616\/revisions\/2715"}],"up":[{"embeddable":true,"href":"https:\/\/voltages.de\/en\/wp-json\/wp\/v2\/pages\/268"}],"wp:featuredmedia":[{"embeddable":true,"href":"https:\/\/voltages.de\/en\/wp-json\/wp\/v2\/media\/3683"}],"wp:attachment":[{"href":"https:\/\/voltages.de\/en\/wp-json\/wp\/v2\/media?parent=2616"}],"curies":[{"name":"wp","href":"https:\/\/api.w.org\/{rel}","templated":true}]}}