{"id":2618,"date":"2018-09-02T23:24:11","date_gmt":"2018-09-02T21:24:11","guid":{"rendered":"http:\/\/wp.octanes.de\/?page_id=2618"},"modified":"2018-09-21T13:41:19","modified_gmt":"2018-09-21T11:41:19","slug":"faumax-alpha","status":"publish","type":"page","link":"https:\/\/voltages.de\/en\/rennwagen\/rennwagen-combustion\/faumax-alpha\/","title":{"rendered":"FAUmax alpha"},"content":{"rendered":"<div id=\"metaslider-id-2633\" style=\"max-width: 1200px; margin: 0 auto;\" class=\"ml-slider-3-107-0 metaslider metaslider-flex metaslider-2633 ml-slider has-dots-nav ms-theme-default\" role=\"region\" aria-label=\"AlphaSlider\" data-height=\"800\" data-width=\"1200\">\n    <div id=\"metaslider_container_2633\">\n        <div id=\"metaslider_2633\">\n            <ul class='slides'>\n                <li style=\"display: block; width: 100%;\" class=\"slide-2639 ms-image\" aria-roledescription=\"slide\" data-date=\"2018-09-02 23:30:44\" data-filename=\"Alpha4-796x530.jpg\" data-slide-type=\"image\"><img src=\"https:\/\/voltages.de\/wp-content\/uploads\/2018\/09\/Alpha4-796x530.jpg\" height=\"800\" width=\"1200\" alt=\"\" class=\"slider-2633 slide-2639 msDefaultImage\" title=\"Alpha4\" \/><\/li>\n                <li style=\"display: none; width: 100%;\" class=\"slide-2640 ms-image\" aria-roledescription=\"slide\" data-date=\"2018-09-02 23:30:44\" data-filename=\"Alpha5-799x533.jpg\" data-slide-type=\"image\"><img src=\"https:\/\/voltages.de\/wp-content\/uploads\/2018\/09\/Alpha5-799x533.jpg\" height=\"800\" width=\"1200\" alt=\"\" class=\"slider-2633 slide-2640 msDefaultImage\" title=\"Alpha5\" \/><\/li>\n                <li style=\"display: none; width: 100%;\" class=\"slide-2641 ms-image\" aria-roledescription=\"slide\" data-date=\"2018-09-02 23:30:44\" data-filename=\"Alpha3-799x533.jpg\" data-slide-type=\"image\"><img src=\"https:\/\/voltages.de\/wp-content\/uploads\/2018\/09\/Alpha3-799x533.jpg\" height=\"800\" width=\"1200\" alt=\"\" class=\"slider-2633 slide-2641 msDefaultImage\" title=\"Alpha3\" \/><\/li>\n                <li style=\"display: none; width: 100%;\" class=\"slide-2642 ms-image\" aria-roledescription=\"slide\" data-date=\"2018-09-02 23:30:44\" data-filename=\"Alpha2-799x533.jpg\" data-slide-type=\"image\"><img src=\"https:\/\/voltages.de\/wp-content\/uploads\/2018\/09\/Alpha2-799x533.jpg\" height=\"800\" width=\"1200\" alt=\"\" class=\"slider-2633 slide-2642 msDefaultImage\" title=\"FSG20080808_Friday\" \/><div class=\"caption-wrap\"><div class=\"caption\">FSG20080808_Friday<\/div><\/div><\/li>\n                <li style=\"display: none; width: 100%;\" class=\"slide-2643 ms-image\" aria-roledescription=\"slide\" data-date=\"2018-09-02 23:30:44\" data-filename=\"Alpha1-799x533.jpg\" data-slide-type=\"image\"><img src=\"https:\/\/voltages.de\/wp-content\/uploads\/2018\/09\/Alpha1-799x533.jpg\" height=\"800\" width=\"1200\" alt=\"\" class=\"slider-2633 slide-2643 msDefaultImage\" title=\"Alpha1\" \/><\/li>\n            <\/ul>\n        <\/div>\n        \n    <\/div>\n<\/div>\n\n\n\n<h1 class=\"wp-block-heading\" style=\"text-align:center\"><strong>Technical Specifications<\/strong><\/h1>\n\n\n\n<h2 class=\"wp-block-heading\"><strong>Frame<\/strong><\/h2>\n\n\n\n<ul><li>Gitterrohrrahmen aus hochfestem Verg\u00fctungsstahl<\/li><li>Fachwerkstruktur, hohe Steifigkeit bei geringem Gewicht<\/li><li>Vom Fachmann geschwei\u00dft<\/li><li>hohe Pr\u00e4zision durch Verwendung von Schablonen<\/li><li>Geometrie abgestimmt auf Fahrwerk<\/li><\/ul>\n\n\n\n<hr class=\"wp-block-separator\"\/>\n\n\n\n<h2 class=\"wp-block-heading\"><strong>Engine<\/strong><\/h2>\n\n\n\n<ul><li>Viertakt-Einzylinder-Ottomotor KTM 640 LC4<\/li><li>&#8222;Dakar&#8220;-Geh\u00e4use und Kupplung (KTM-Racing)<\/li><li>Hubraummodifikation auf 610 ccm<\/li><li>Schmiedekolben<\/li><li>20mm Restriktor im Ansaugtrakt (Reglement)<\/li><li>Umbau auf Saugrohreinspritzung mit Prototypen-Steuerger\u00e4t<\/li><li>Aufladung mit Eaton Roots-Kompressor (0.5bar Ladedruck)<\/li><li>Laminova Wasser-Luft-Ladeluftk\u00fchlung<\/li><li>Laminova \u00d6lk\u00fchler<\/li><li>Spezialkr\u00fcmmer mit Akrapovic Endschalld\u00e4mpfer (Titan)<\/li><li>Fokus auf hohes Drehmoment \u00fcber breitem Drehzahlband<\/li><li>Leistung: ca. 80 PS bei 7500 rpm<\/li><li>Drehmoment: ca. 90 Nm bei 3000 &#8211; 6500 rpm<\/li><\/ul>\n\n\n\n<hr class=\"wp-block-separator\"\/>\n\n\n\n<h2 class=\"wp-block-heading\"><strong>Antrieb<\/strong><\/h2>\n\n\n\n<ul><li>Endantrieb \u00fcber Kette<\/li><li>Torsen Sperrdifferential<\/li><li>Eigenkonstruktion der Abtriebswellen<\/li><\/ul>\n\n\n\n<hr class=\"wp-block-separator\"\/>\n\n\n\n<h2 class=\"wp-block-heading\"><strong>Suspension<\/strong><\/h2>\n\n\n\n<ul><li>Einzelradaufh\u00e4ngung mittels Doppelquerlenkern aus Kohlefaser im Str\u00f6mungsg\u00fcnstigen NACA Profil<\/li><li>Fahrwerksauslegung mit Adams Car<\/li><li>Radstand: 1650 mm<\/li><li>Spurweite: VA 1250mm \/ HA 1200mm<\/li><li>7,0 x 13&#8243; BBS Leichtmetallr\u00e4der mit GoodYear Racing Slicks<\/li><li>Ansteuerung der Cane Creek Double Barrel D\u00e4mpfer mit Eibach Rennfedern \u00fcber Push-Rods<\/li><li>Verz\u00f6gerung \u00fcber zwei Scheibenbremsen vorne und einer Scheibenbremse hinten, direkt am Differential<\/li><li>Material der Scheiben: C-SiC<\/li><li>Wandfluh-Lenkung mit progressivem Lenkverhalten<\/li><\/ul>\n\n\n\n<hr class=\"wp-block-separator\"\/>\n\n\n\n<h2 class=\"wp-block-heading\"><strong>Electronics<\/strong><\/h2>\n\n\n\n<ul><li>Steuerger\u00e4te\/Knoten (self-designed)<\/li><li>basierend auf AT90CAN128 und TJA1040<\/li><li>einheitliche Betriebssystemstruktur (FreeRTOS)<\/li><li>Kommunikation \u00fcber CAN<\/li><li>CAN-basierter Bootloader<\/li><li>Software-Update mittels CAN-Flasher<\/li><li>Lenkrad\/Display<\/li><li>Fahrerinformationssystem (Temperaturen, Modi, aktueller Gang)<\/li><li>Schaltungsanweisung<\/li><li>Elektronische halbautomatische Schaltung<\/li><li>Steuerung des DC-Schaltungsaktorikmotors \u00fcber diskret aufgebaute H-Br\u00fccke<\/li><li>\u00dcbermittlung Z\u00fcndunterbrechungsanweisungen an die Motorsteuerung<\/li><li>Logging\/Diagnoseknoten: Speicherung von auf dem Bus befindlichen Informationen auf einer SD-Karte<\/li><li>Motorsteuerung: Stellt neben ihrer Hauptfunktion als Motorsteuerung alle erfassten Sensordaten f\u00fcr die anderen Knoten auf dem Bus zur Verf\u00fcgung und erh\u00e4lt Z\u00fcndunterbrechungsanweisungen der Schaltungsaktorik<\/li><\/ul>\n\n\n\n<hr class=\"wp-block-separator\"\/>\n\n\n\n<h2 class=\"wp-block-heading\"><strong>Body<\/strong><\/h2>\n\n\n\n<ul><li>Komplett geschlossener Unterboden inklusive str\u00f6mungsoptimiertem Diffusor<\/li><li>Aerodynamisch geformte Karosserie mit Seitenk\u00e4sten nach Formel 1 Vorbild<\/li><li>Hochfeste, handlaminierte CFK-Karosserie<\/li><li>Schnelle Montage und Demontagem\u00f6glichkeit durch Schnellverschl\u00fcsse<\/li><li>Eingebaute Serviceklappen zur schnellen Verstellung des Fahrwerks<\/li><\/ul>\n\n\n\n<div style=\"height:100px\" aria-hidden=\"true\" class=\"wp-block-spacer\"><\/div>","protected":false},"excerpt":{"rendered":"<p>Technische Daten Rahmen Gitterrohrrahmen aus hochfestem Verg\u00fctungsstahl Fachwerkstruktur, hohe Steifigkeit bei geringem Gewicht Vom Fachmann geschwei\u00dft hohe Pr\u00e4zision durch Verwendung von Schablonen Geometrie abgestimmt auf Fahrwerk Motor Viertakt-Einzylinder-Ottomotor KTM 640 LC4 &#8222;Dakar&#8220;-Geh\u00e4use und Kupplung (KTM-Racing) Hubraummodifikation auf 610 ccm Schmiedekolben 20mm Restriktor im Ansaugtrakt (Reglement) Umbau auf Saugrohreinspritzung mit Prototypen-Steuerger\u00e4t<\/p>","protected":false},"author":1,"featured_media":3682,"parent":268,"menu_order":0,"comment_status":"closed","ping_status":"closed","template":"","meta":{"advgb_blocks_editor_width":"","advgb_blocks_columns_visual_guide":"","footnotes":""},"coauthors":[],"author_meta":{"author_link":"https:\/\/voltages.de\/en\/author\/admin_octane\/","display_name":"High-Octane Motorsports e.V."},"relative_dates":{"created":"Posted 8 years ago","modified":"Updated 8 years ago"},"absolute_dates":{"created":"Posted on 2. September 2018","modified":"Updated on 21. September 2018"},"absolute_dates_time":{"created":"Posted on 2. September 2018 23:24","modified":"Updated on 21. September 2018 13:41"},"featured_img_caption":"","featured_img":"https:\/\/voltages.de\/wp-content\/uploads\/2018\/09\/alpha.png","series_order":"","_links":{"self":[{"href":"https:\/\/voltages.de\/en\/wp-json\/wp\/v2\/pages\/2618"}],"collection":[{"href":"https:\/\/voltages.de\/en\/wp-json\/wp\/v2\/pages"}],"about":[{"href":"https:\/\/voltages.de\/en\/wp-json\/wp\/v2\/types\/page"}],"author":[{"embeddable":true,"href":"https:\/\/voltages.de\/en\/wp-json\/wp\/v2\/users\/1"}],"replies":[{"embeddable":true,"href":"https:\/\/voltages.de\/en\/wp-json\/wp\/v2\/comments?post=2618"}],"version-history":[{"count":3,"href":"https:\/\/voltages.de\/en\/wp-json\/wp\/v2\/pages\/2618\/revisions"}],"predecessor-version":[{"id":2714,"href":"https:\/\/voltages.de\/en\/wp-json\/wp\/v2\/pages\/2618\/revisions\/2714"}],"up":[{"embeddable":true,"href":"https:\/\/voltages.de\/en\/wp-json\/wp\/v2\/pages\/268"}],"wp:featuredmedia":[{"embeddable":true,"href":"https:\/\/voltages.de\/en\/wp-json\/wp\/v2\/media\/3682"}],"wp:attachment":[{"href":"https:\/\/voltages.de\/en\/wp-json\/wp\/v2\/media?parent=2618"}],"curies":[{"name":"wp","href":"https:\/\/api.w.org\/{rel}","templated":true}]}}