{"id":4347,"date":"2019-09-14T13:24:28","date_gmt":"2019-09-14T11:24:28","guid":{"rendered":"http:\/\/www.octanes.de\/?page_id=4347"},"modified":"2025-10-15T14:17:46","modified_gmt":"2025-10-15T12:17:46","slug":"chassis","status":"publish","type":"page","link":"https:\/\/voltages.de\/en\/chassis\/","title":{"rendered":"Body and Frame"},"content":{"rendered":"<h4 class=\"wp-block-heading has-text-align-center advgb-dyn-e92e009f\">You want to be part of the Team?<\/h4>\n\n\n\n<div class=\"wp-block-button aligncenter advgb-dyn-320a9b31\"><a class=\"wp-block-button__link has-vivid-red-background-color has-background wp-element-button\" href=\"https:\/\/wkf.ms\/4mWxSft\">Then apply here!<\/a><\/div>\n\n\n\n<h4 class=\"wp-block-heading has-text-align-center advgb-dyn-51fbb01d\">Or look at our job descriptions!<\/h4>\n\n\n\n<p>Die H\u00fclle, an die alle Baugruppen angebracht werden. Unser Monocoque ist seit einigen Jahren komplett aus Carbon, wof\u00fcr aufw\u00e4ndige Nachweise&nbsp; erbracht werden m\u00fcssen, dass es einem Stahlrohrrahmen in Sachen Steifigkeit die Stirn bieten kann. Alle Teile des Chassis sch\u00fctzen den Fahrer, sollte es zu einem Unfall kommen und verdienen deswegen h\u00f6chste Priorit\u00e4t in Sachen Sicherheit!<\/p>\n\n\n\n<div style=\"height:30px\" aria-hidden=\"true\" class=\"wp-block-spacer advgb-dyn-afe3be10\"><\/div>\n\n\n\n<h2 id=\"wp-block-themeisle-blocks-advanced-heading-3c57707c\" class=\"wp-block-themeisle-blocks-advanced-heading wp-block-themeisle-blocks-advanced-heading-3c57707c\"><strong>Open Tasks<\/strong><\/h2>\n\n\n\n<div class=\"wp-block-stevehenty-drop-shadow-box dropshadowboxes-container\" style=\"width: auto;\">\r\n<div class=\"dropshadowboxes-drop-shadow dropshadowboxes-lifted-both dropshadowboxes-rounded-corners dropshadowboxes-inside-and-outside-shadow\" style=\"background-color: #ffffff; ;padding: 10px; border: 2px solid #dddddd;\">\r\n<div>\n\n<h4 id=\"wp-block-themeisle-blocks-advanced-heading-696ed9a2\" class=\"wp-block-themeisle-blocks-advanced-heading wp-block-themeisle-blocks-advanced-heading-696ed9a2\">Laminatauslegung und <g class=\"gr_ gr_50 gr-alert gr_spell gr_inline_cards gr_disable_anim_appear ContextualSpelling ins-del multiReplace\" id=\"50\" data-gr-id=\"50\">Materialte<\/g>sts Ref.: 201<\/h4>\n\n\r\n\r\n\n<div class=\"wp-block-columns is-layout-flex wp-container-3 wp-block-columns-is-layout-flex\">\n\n<div class=\"wp-block-column is-layout-flow wp-block-column-is-layout-flow\">\n\n<\/div>\n\n\r\n\r\n\n<div class=\"wp-block-column is-layout-flow wp-block-column-is-layout-flow\">\n\n<figure class=\"wp-block-image size-large\"><img decoding=\"async\" loading=\"lazy\" width=\"406\" height=\"254\" src=\"https:\/\/www.octanes.de\/wp-content\/uploads\/2019\/09\/Materialtests.jpg\" alt=\"\" class=\"wp-image-4502\" srcset=\"https:\/\/voltages.de\/wp-content\/uploads\/2019\/09\/Materialtests.jpg 406w, https:\/\/voltages.de\/wp-content\/uploads\/2019\/09\/Materialtests-300x188.jpg 300w\" sizes=\"(max-width: 406px) 100vw, 406px\" \/><\/figure>\n\n<\/div>\n\n<\/div>\n\n\r\n\r\n\n<p style=\"font-size: 18px;\">Your tasks:<\/p>\n\n\r\n\r\n\n<ul>\r\n<li>Entwicklung neuer CFK-Laminataufbauten<\/li>\r\n<li>Fertigung von Laminatprototypen<\/li>\r\n<li>Durchf\u00fchrung von Biege- und Scherversuchen<\/li>\r\n<\/ul>\n\n\r\n\r\n\n<p>Your profile<\/p>\n\n\r\n\r\n\n<ul>\r\n<li>teamwork<\/li>\r\n<li>reliability and sense of responsibility<\/li>\r\n<li>interpersonal contact<\/li>\r\n<li>motivation<\/li>\r\n<\/ul>\n\n<\/div>\r\n<\/div>\r\n<\/div>\n\n\n\n\n\n<div class=\"wp-block-stevehenty-drop-shadow-box dropshadowboxes-container\" style=\"width: auto;\">\r\n<div class=\"dropshadowboxes-drop-shadow dropshadowboxes-lifted-both dropshadowboxes-rounded-corners dropshadowboxes-inside-and-outside-shadow\" style=\"background-color: #ffffff; ;padding: 10px; border: 2px solid #dddddd;\">\r\n<div>\n\n<h4 id=\"wp-block-themeisle-blocks-advanced-heading-fca4eb3f\" class=\"wp-block-themeisle-blocks-advanced-heading wp-block-themeisle-blocks-advanced-heading-fca4eb3f\">Fahrerschutz Ref.:202<\/h4>\n\n\r\n\r\n\n<div class=\"wp-block-columns is-layout-flex wp-container-6 wp-block-columns-is-layout-flex\">\n\n<div class=\"wp-block-column is-layout-flow wp-block-column-is-layout-flow\">\n\n<figure class=\"wp-block-image size-large\">\r\n<p>Damit der Fahrer bei einem Unfall bestm\u00f6glich gesch\u00fctzt ist, befindet sich an der Front des Monocoques ein Impact Attenuator, der die Energie bei einem Aufprall absorbiert. F\u00fcr den Falle eines \u00dcberschlags, sch\u00fctzen der Front und der Main Hoop den Kopf des Fahrers vor dem Aufprall auf dem Boden.<\/p>\r\n<img decoding=\"async\" loading=\"lazy\" width=\"935\" height=\"605\" src=\"https:\/\/www.octanes.de\/wp-content\/uploads\/2019\/09\/AIP.jpg\" alt=\"\" class=\"wp-image-4559\" srcset=\"https:\/\/voltages.de\/wp-content\/uploads\/2019\/09\/AIP.jpg 935w, https:\/\/voltages.de\/wp-content\/uploads\/2019\/09\/AIP-300x194.jpg 300w, https:\/\/voltages.de\/wp-content\/uploads\/2019\/09\/AIP-768x497.jpg 768w\" sizes=\"(max-width: 935px) 100vw, 935px\" \/><\/figure>\n\n<\/div>\n\n\r\n\r\n\n<div class=\"wp-block-column is-layout-flow wp-block-column-is-layout-flow\">\n\n<figure class=\"wp-block-image size-large\"><img decoding=\"async\" loading=\"lazy\" width=\"962\" height=\"622\" src=\"https:\/\/www.octanes.de\/wp-content\/uploads\/2019\/09\/Rollhoop.jpg\" alt=\"\" class=\"wp-image-4560\" srcset=\"https:\/\/voltages.de\/wp-content\/uploads\/2019\/09\/Rollhoop.jpg 962w, https:\/\/voltages.de\/wp-content\/uploads\/2019\/09\/Rollhoop-300x194.jpg 300w, https:\/\/voltages.de\/wp-content\/uploads\/2019\/09\/Rollhoop-768x497.jpg 768w\" sizes=\"(max-width: 962px) 100vw, 962px\" \/><\/figure>\n\n<\/div>\n\n<\/div>\n\n\r\n\r\n\n<p style=\"font-size: 18px;\">Your tasks:<\/p>\n\n\r\n\r\n\n<ul>\r\n<li>Optimierung der \u00dcberrollb\u00fcgel<\/li>\r\n<li>Auslegung und Validierung der Anti-Intrusion-Plate und des Impact Attenuators<\/li>\r\n<\/ul>\n\n\r\n\r\n\n<p>Your profile<\/p>\n\n\r\n\r\n\n<ul>\r\n<li>teamwork<\/li>\r\n<li>reliability and sense of responsibility<\/li>\r\n<li>interpersonal contact<\/li>\r\n<li>Grundkenntnisse in Creo w\u00fcnschenswert<\/li>\r\n<\/ul>\n\n<\/div>\r\n<\/div>\r\n<\/div>\n\n\n\n<div class=\"wp-block-stevehenty-drop-shadow-box dropshadowboxes-container\" style=\"width: auto;\">\r\n<div class=\"dropshadowboxes-drop-shadow dropshadowboxes-lifted-both dropshadowboxes-rounded-corners dropshadowboxes-inside-and-outside-shadow\" style=\"background-color: #ffffff; ;padding: 10px; border: 2px solid #dddddd;\">\r\n<div>\n\n<h4 id=\"wp-block-themeisle-blocks-advanced-heading-fbfdca4b\" class=\"wp-block-themeisle-blocks-advanced-heading wp-block-themeisle-blocks-advanced-heading-fbfdca4b\">\u00a0Simulation Ref.:203<\/h4>\n\n\r\n\r\n\n<p>Um die Haltbarkeit und Sicherheit des Monocoques nachzuweisen, ist es n\u00f6tig dies zu Simulieren. Die Simulation kann auch zeigen an welchen Stellen Gewicht gespart werden kann, ohne in SIcherheitskritische Bereiche zu gelangen.<\/p>\r\n<p style=\"font-size: 18px;\">Your tasks:<\/p>\n\n\r\n\r\n\n<ul>\r\n<li>FEM-Simulation des Monocoques<\/li>\r\n<\/ul>\n\n\r\n\r\n\n<p>Your profile<\/p>\n\n\r\n\r\n\n<ul>\r\n<li>teamwork<\/li>\r\n<li>reliability and sense of responsibility<\/li>\r\n<li>interpersonal contact<\/li>\r\n<li>Hyperworks Grundkenntnisse<\/li>\r\n<\/ul>\n\n<\/div>\r\n<\/div>\r\n<\/div>\n\n\n\n<hr class=\"wp-block-separator has-css-opacity advgb-dyn-c3f4f0ad\"\/>\n\n\n\n<div class=\"wp-block-button aligncenter advgb-dyn-320a9b31\"><a class=\"wp-block-button__link has-vivid-red-background-color has-background wp-element-button\" href=\"https:\/\/wkf.ms\/4mWxSft\">Then apply here!<\/a><\/div>\n\n\n\n<div class=\"wp-block-columns is-layout-flex wp-container-15 wp-block-columns-is-layout-flex\">\n<div class=\"wp-block-column is-layout-flow wp-block-column-is-layout-flow\">\n<div class=\"wp-block-columns is-layout-flex wp-container-9 wp-block-columns-is-layout-flex\">\n<div class=\"wp-block-column is-layout-flow wp-block-column-is-layout-flow\">\n<figure class=\"wp-block-image\" id=\"block-11480ae2-8f20-4601-a8d4-00574f7d327d\"><img decoding=\"async\" src=\"https:\/\/www.octanes.de\/wp-content\/uploads\/2020\/10\/Cost_Report-1024x1024.png\" alt=\"Dieses Bild hat ein leeres alt-Attribut; sein Dateiname ist Cost_Report-1024x1024.png.\"\/><\/figure>\n\n\n\n<h5 class=\"wp-block-heading advgb-dyn-3d02d475\" id=\"block-3f724a5b-8a88-4102-b4c0-96101632602e\">Cost Report<\/h5>\n<\/div>\n\n\n\n<div class=\"wp-block-column is-layout-flow wp-block-column-is-layout-flow\">\n<figure class=\"wp-block-image size-large\"><a href=\"https:\/\/www.octanes.de\/aerodynamik\/\"><img decoding=\"async\" loading=\"lazy\" width=\"300\" height=\"300\" src=\"http:\/\/www.octanes.de\/wp-content\/uploads\/2019\/09\/Untitled.png\" alt=\"\" class=\"wp-image-4400\" srcset=\"https:\/\/voltages.de\/wp-content\/uploads\/2019\/09\/Untitled.png 300w, https:\/\/voltages.de\/wp-content\/uploads\/2019\/09\/Untitled-150x150.png 150w, https:\/\/voltages.de\/wp-content\/uploads\/2019\/09\/Untitled-50x50.png 50w\" sizes=\"(max-width: 300px) 100vw, 300px\" \/><\/a><\/figure>\n\n\n\n<h5 class=\"wp-block-heading advgb-dyn-e40d37bc\">Aerodynamics<\/h5>\n<\/div>\n<\/div>\n<\/div>\n\n\n\n<div class=\"wp-block-column is-layout-flow wp-block-column-is-layout-flow\">\n<div class=\"wp-block-columns is-layout-flex wp-container-13 wp-block-columns-is-layout-flex\">\n<div class=\"wp-block-column is-layout-flow wp-block-column-is-layout-flow\">\n<figure class=\"wp-block-image size-large\"><a href=\"https:\/\/www.octanes.de\/medien-und-organisation\/\"><img decoding=\"async\" loading=\"lazy\" width=\"300\" height=\"300\" src=\"http:\/\/www.octanes.de\/wp-content\/uploads\/2019\/09\/orga-1.png\" alt=\"\" class=\"wp-image-4399\" srcset=\"https:\/\/voltages.de\/wp-content\/uploads\/2019\/09\/orga-1.png 300w, https:\/\/voltages.de\/wp-content\/uploads\/2019\/09\/orga-1-150x150.png 150w, https:\/\/voltages.de\/wp-content\/uploads\/2019\/09\/orga-1-50x50.png 50w\" sizes=\"(max-width: 300px) 100vw, 300px\" \/><\/a><\/figure>\n\n\n\n<h5 class=\"wp-block-heading advgb-dyn-267c14a0\">Orga+PR<\/h5>\n<\/div>\n\n\n\n<div class=\"wp-block-column is-layout-flow wp-block-column-is-layout-flow\">\n<figure class=\"wp-block-image size-large\"><a href=\"https:\/\/www.octanes.de\/chassis\/\"><img decoding=\"async\" loading=\"lazy\" width=\"1024\" height=\"1024\" src=\"http:\/\/www.octanes.de\/wp-content\/uploads\/2019\/09\/chassis-1-1024x1024.png\" alt=\"\" class=\"wp-image-4398\" srcset=\"https:\/\/voltages.de\/wp-content\/uploads\/2019\/09\/chassis-1-1024x1024.png 1024w, https:\/\/voltages.de\/wp-content\/uploads\/2019\/09\/chassis-1-150x150.png 150w, https:\/\/voltages.de\/wp-content\/uploads\/2019\/09\/chassis-1-300x300.png 300w, https:\/\/voltages.de\/wp-content\/uploads\/2019\/09\/chassis-1-768x768.png 768w, https:\/\/voltages.de\/wp-content\/uploads\/2019\/09\/chassis-1-1000x1000.png 1000w, https:\/\/voltages.de\/wp-content\/uploads\/2019\/09\/chassis-1-600x600.png 600w, https:\/\/voltages.de\/wp-content\/uploads\/2019\/09\/chassis-1-50x50.png 50w, https:\/\/voltages.de\/wp-content\/uploads\/2019\/09\/chassis-1.png 1920w\" sizes=\"(max-width: 1024px) 100vw, 1024px\" \/><\/a><\/figure>\n\n\n\n<h5 class=\"wp-block-heading advgb-dyn-fb6796ef\">Body and Frame<\/h5>\n<\/div>\n<\/div>\n<\/div>\n<\/div>\n\n\n\n<div class=\"wp-block-columns is-layout-flex wp-container-24 wp-block-columns-is-layout-flex\">\n<div class=\"wp-block-column is-layout-flow wp-block-column-is-layout-flow\">\n<div class=\"wp-block-columns is-layout-flex wp-container-18 wp-block-columns-is-layout-flex\">\n<div class=\"wp-block-column is-layout-flow wp-block-column-is-layout-flow\">\n<figure class=\"wp-block-image size-large\"><a href=\"https:\/\/www.octanes.de\/dv-mechanik\/\"><img decoding=\"async\" loading=\"lazy\" width=\"300\" height=\"300\" src=\"http:\/\/www.octanes.de\/wp-content\/uploads\/2019\/09\/dvMechanik.png\" alt=\"\" class=\"wp-image-4402\" srcset=\"https:\/\/voltages.de\/wp-content\/uploads\/2019\/09\/dvMechanik.png 300w, https:\/\/voltages.de\/wp-content\/uploads\/2019\/09\/dvMechanik-150x150.png 150w, https:\/\/voltages.de\/wp-content\/uploads\/2019\/09\/dvMechanik-50x50.png 50w\" sizes=\"(max-width: 300px) 100vw, 300px\" \/><\/a><\/figure>\n\n\n\n<h5 class=\"wp-block-heading advgb-dyn-eeb808fa\">DV-Mechanik<\/h5>\n<\/div>\n\n\n\n<div class=\"wp-block-column is-layout-flow wp-block-column-is-layout-flow\">\n<figure class=\"wp-block-image size-large\"><a href=\"https:\/\/www.octanes.de\/elektronik\/\"><img decoding=\"async\" loading=\"lazy\" width=\"300\" height=\"300\" src=\"http:\/\/www.octanes.de\/wp-content\/uploads\/2019\/09\/elektronik.png\" alt=\"\" class=\"wp-image-4403\" srcset=\"https:\/\/voltages.de\/wp-content\/uploads\/2019\/09\/elektronik.png 300w, https:\/\/voltages.de\/wp-content\/uploads\/2019\/09\/elektronik-150x150.png 150w, https:\/\/voltages.de\/wp-content\/uploads\/2019\/09\/elektronik-50x50.png 50w\" sizes=\"(max-width: 300px) 100vw, 300px\" \/><\/a><\/figure>\n\n\n\n<h5 class=\"wp-block-heading advgb-dyn-537fc097\">Electronics<\/h5>\n<\/div>\n<\/div>\n<\/div>\n\n\n\n<div class=\"wp-block-column is-layout-flow wp-block-column-is-layout-flow\">\n<div class=\"wp-block-columns is-layout-flex wp-container-22 wp-block-columns-is-layout-flex\">\n<div class=\"wp-block-column is-layout-flow wp-block-column-is-layout-flow\">\n<figure class=\"wp-block-image size-large\"><a href=\"https:\/\/www.octanes.de\/electric-powertrain\/\"><img decoding=\"async\" loading=\"lazy\" width=\"813\" height=\"845\" src=\"http:\/\/www.octanes.de\/wp-content\/uploads\/2020\/04\/EV_Drivertrain.jpg\" alt=\"\" class=\"wp-image-4824\" srcset=\"https:\/\/voltages.de\/wp-content\/uploads\/2020\/04\/EV_Drivertrain.jpg 813w, https:\/\/voltages.de\/wp-content\/uploads\/2020\/04\/EV_Drivertrain-289x300.jpg 289w, https:\/\/voltages.de\/wp-content\/uploads\/2020\/04\/EV_Drivertrain-768x798.jpg 768w\" sizes=\"(max-width: 813px) 100vw, 813px\" \/><\/a><\/figure>\n\n\n\n<h5 class=\"wp-block-heading advgb-dyn-c355a1b9\">Electric Powertrain<\/h5>\n<\/div>\n\n\n\n<div class=\"wp-block-column is-layout-flow wp-block-column-is-layout-flow\">\n<figure class=\"wp-block-image size-large\"><a href=\"https:\/\/www.octanes.de\/business-plan\/\"><img decoding=\"async\" loading=\"lazy\" width=\"1024\" height=\"1024\" src=\"https:\/\/www.octanes.de\/wp-content\/uploads\/2020\/10\/Businessplan-1-1024x1024.png\" alt=\"\" class=\"wp-image-5034\" srcset=\"https:\/\/voltages.de\/wp-content\/uploads\/2020\/10\/Businessplan-1-1024x1024.png 1024w, https:\/\/voltages.de\/wp-content\/uploads\/2020\/10\/Businessplan-1-300x300.png 300w, https:\/\/voltages.de\/wp-content\/uploads\/2020\/10\/Businessplan-1-150x150.png 150w, https:\/\/voltages.de\/wp-content\/uploads\/2020\/10\/Businessplan-1-768x768.png 768w, https:\/\/voltages.de\/wp-content\/uploads\/2020\/10\/Businessplan-1-1000x1000.png 1000w, https:\/\/voltages.de\/wp-content\/uploads\/2020\/10\/Businessplan-1-600x600.png 600w, https:\/\/voltages.de\/wp-content\/uploads\/2020\/10\/Businessplan-1-50x50.png 50w, https:\/\/voltages.de\/wp-content\/uploads\/2020\/10\/Businessplan-1-1536x1536.png 1536w, https:\/\/voltages.de\/wp-content\/uploads\/2020\/10\/Businessplan-1-2048x2048.png 2048w\" sizes=\"(max-width: 1024px) 100vw, 1024px\" \/><\/a><\/figure>\n\n\n\n<h5 class=\"wp-block-heading advgb-dyn-eac72dcc\">Businessplan<\/h5>\n<\/div>\n<\/div>\n<\/div>\n<\/div>\n\n\n\n<div class=\"wp-block-columns is-layout-flex wp-container-33 wp-block-columns-is-layout-flex\">\n<div class=\"wp-block-column is-layout-flow wp-block-column-is-layout-flow\">\n<div class=\"wp-block-columns is-layout-flex wp-container-27 wp-block-columns-is-layout-flex\">\n<div class=\"wp-block-column is-layout-flow wp-block-column-is-layout-flow\"><\/div>\n\n\n\n<div class=\"wp-block-column is-layout-flow wp-block-column-is-layout-flow\">\n<figure class=\"wp-block-image size-large\"><a href=\"https:\/\/www.octanes.de\/fahrwerk\/\"><img decoding=\"async\" loading=\"lazy\" width=\"300\" height=\"300\" src=\"http:\/\/www.octanes.de\/wp-content\/uploads\/2019\/09\/fw.png\" alt=\"\" class=\"wp-image-4401\" srcset=\"https:\/\/voltages.de\/wp-content\/uploads\/2019\/09\/fw.png 300w, https:\/\/voltages.de\/wp-content\/uploads\/2019\/09\/fw-150x150.png 150w, https:\/\/voltages.de\/wp-content\/uploads\/2019\/09\/fw-50x50.png 50w\" sizes=\"(max-width: 300px) 100vw, 300px\" \/><\/a><\/figure>\n\n\n\n<h5 class=\"wp-block-heading advgb-dyn-43ce8d90\">Suspension<\/h5>\n<\/div>\n<\/div>\n<\/div>\n\n\n\n<div class=\"wp-block-column is-layout-flow wp-block-column-is-layout-flow\">\n<div class=\"wp-block-columns is-layout-flex wp-container-31 wp-block-columns-is-layout-flex\">\n<div class=\"wp-block-column is-layout-flow wp-block-column-is-layout-flow\">\n<figure class=\"wp-block-image size-large\"><a href=\"https:\/\/www.octanes.de\/dv-software\/\"><img decoding=\"async\" loading=\"lazy\" width=\"300\" height=\"300\" src=\"http:\/\/www.octanes.de\/wp-content\/uploads\/2019\/09\/DVsoftware.png\" alt=\"\" class=\"wp-image-4406\" srcset=\"https:\/\/voltages.de\/wp-content\/uploads\/2019\/09\/DVsoftware.png 300w, https:\/\/voltages.de\/wp-content\/uploads\/2019\/09\/DVsoftware-150x150.png 150w, https:\/\/voltages.de\/wp-content\/uploads\/2019\/09\/DVsoftware-50x50.png 50w\" sizes=\"(max-width: 300px) 100vw, 300px\" \/><\/a><\/figure>\n\n\n\n<h5 class=\"wp-block-heading advgb-dyn-b223140c\">DV-Software<\/h5>\n<\/div>\n\n\n\n<div class=\"wp-block-column is-layout-flow wp-block-column-is-layout-flow\"><\/div>\n<\/div>\n<\/div>\n<\/div>","protected":false},"excerpt":{"rendered":"<p>Du m\u00f6chtest Teil des Teams werden? Oder schau dir unsere Stellenausschreibungen an! Die H\u00fclle, an die alle Baugruppen angebracht werden. Unser Monocoque ist seit einigen Jahren komplett aus Carbon, wof\u00fcr aufw\u00e4ndige Nachweise&nbsp; erbracht werden m\u00fcssen, dass es einem Stahlrohrrahmen in Sachen Steifigkeit die Stirn bieten kann. Alle Teile des Chassis<\/p>","protected":false},"author":1,"featured_media":0,"parent":0,"menu_order":0,"comment_status":"closed","ping_status":"closed","template":"","meta":{"advgb_blocks_editor_width":"","advgb_blocks_columns_visual_guide":"","footnotes":""},"coauthors":[],"author_meta":{"author_link":"https:\/\/voltages.de\/en\/author\/admin_octane\/","display_name":"High-Octane Motorsports e.V."},"relative_dates":{"created":"Posted 7 years ago","modified":"Updated 6 months ago"},"absolute_dates":{"created":"Posted on 14. September 2019","modified":"Updated on 15. October 2025"},"absolute_dates_time":{"created":"Posted on 14. September 2019 13:24","modified":"Updated on 15. October 2025 14:17"},"featured_img_caption":"","featured_img":false,"series_order":"","_links":{"self":[{"href":"https:\/\/voltages.de\/en\/wp-json\/wp\/v2\/pages\/4347"}],"collection":[{"href":"https:\/\/voltages.de\/en\/wp-json\/wp\/v2\/pages"}],"about":[{"href":"https:\/\/voltages.de\/en\/wp-json\/wp\/v2\/types\/page"}],"author":[{"embeddable":true,"href":"https:\/\/voltages.de\/en\/wp-json\/wp\/v2\/users\/1"}],"replies":[{"embeddable":true,"href":"https:\/\/voltages.de\/en\/wp-json\/wp\/v2\/comments?post=4347"}],"version-history":[{"count":21,"href":"https:\/\/voltages.de\/en\/wp-json\/wp\/v2\/pages\/4347\/revisions"}],"predecessor-version":[{"id":6488,"href":"https:\/\/voltages.de\/en\/wp-json\/wp\/v2\/pages\/4347\/revisions\/6488"}],"wp:attachment":[{"href":"https:\/\/voltages.de\/en\/wp-json\/wp\/v2\/media?parent=4347"}],"curies":[{"name":"wp","href":"https:\/\/api.w.org\/{rel}","templated":true}]}}