{"id":4352,"date":"2019-09-14T13:28:42","date_gmt":"2019-09-14T11:28:42","guid":{"rendered":"http:\/\/www.octanes.de\/?page_id=4352"},"modified":"2025-10-15T14:17:23","modified_gmt":"2025-10-15T12:17:23","slug":"medien-und-organisation","status":"publish","type":"page","link":"https:\/\/voltages.de\/en\/medien-und-organisation\/","title":{"rendered":"Social Media and Organisation"},"content":{"rendered":"<h4 class=\"wp-block-heading has-text-align-center advgb-dyn-e92e009f\">You want to be part of the Team?<\/h4>\n\n\n\n<div class=\"wp-block-button aligncenter advgb-dyn-320a9b31\"><a class=\"wp-block-button__link has-vivid-red-background-color has-background wp-element-button\" href=\"https:\/\/wkf.ms\/4mWxSft\">Then apply here!<\/a><\/div>\n\n\n\n<h4 class=\"wp-block-heading has-text-align-center advgb-dyn-51fbb01d\">Or look at our job descriptions!<\/h4>\n\n\n\n<p>The organisation and media team is not less important than any other team for building the car. It represents the entire team to the public and gets everyone to do their tasks. It is their job to keep the deadlines, organise and prepare the cost report and organise everything around the events.<\/p>\n\n\n\n<p>Das Medien Team \u00fcbernimmt die Aufgabe den Verein in der Oeffentlichkeit zu pr\u00e4sentieren.<\/p>\n\n\n\n<div style=\"height:30px\" aria-hidden=\"true\" class=\"wp-block-spacer advgb-dyn-afe3be10\"><\/div>\n\n\n\n<h2 id=\"wp-block-themeisle-blocks-advanced-heading-05efa159\" class=\"wp-block-themeisle-blocks-advanced-heading wp-block-themeisle-blocks-advanced-heading-05efa159\"><strong>Open Tasks<\/strong><\/h2>\n\n\n\n<div class=\"wp-block-stevehenty-drop-shadow-box dropshadowboxes-container\" style=\"width: auto;\">\r\n<div class=\"dropshadowboxes-drop-shadow dropshadowboxes-lifted-both dropshadowboxes-rounded-corners dropshadowboxes-inside-and-outside-shadow\" style=\"background-color: #ffffff; ;padding: 10px; border: 2px solid #dddddd;\">\r\n<div>\n\n<h4 id=\"wp-block-themeisle-blocks-advanced-heading-51ecfd6c\" class=\"wp-block-themeisle-blocks-advanced-heading wp-block-themeisle-blocks-advanced-heading-51ecfd6c\">Media: FotografIn und Redaktion Ref.: 801<\/h4>\n\n\r\n\r\n\n<p><span>Du hast Spa\u00df am Fotografieren und Bearbeiten von Fotos und Videos? Berichtest gern \u00fcber Erlebnisse und bist gerne kreativ und l\u00e4sst deinen Ideen freien Lauf? Wenn du dich jetzt auch noch f\u00fcr Motorsport interessierst bist du bei uns genau richtig! In der kommenden Saison suchen wir Verst\u00e4rkung im Media-Team.<\/span><\/p>\n\n\r\n\r\n\n<p style=\"font-size: 18px;\">Your tasks:<\/p>\n\n\r\n\r\n\n<ul>\r\n<li>writing articles about our work on and next to the racing track<\/li>\r\n<li>Fotografieren und Filmen des Autos und dem Geschehen drumherum<\/li>\r\n<li><span>Rendern von Videos<\/span> f\u00fcr Social Media Kan\u00e4le und Werbevideos<\/li>\r\n<li><span>Einbringen von eigenen kreativen Ideen<\/span><\/li>\r\n<\/ul>\n\n\r\n\r\n\n<p>Your profile<\/p>\n\n\r\n\r\n\n<ul>\r\n<li><span>Kreativit\u00e4t<\/span><\/li>\r\n<li>teamwork<\/li>\r\n<li>reliability and sense of responsibility<\/li>\r\n<li>independent and structured working<\/li>\r\n<li><span>Begeisterung f\u00fcr Medien oder <\/span>Studium im Bereich Medienwissenschaften<\/li>\r\n<li>Bereitschaft dazuzulernen<\/li>\r\n<\/ul>\n\n<\/div>\r\n<\/div>\r\n<\/div>\n\n\n\n<div class=\"wp-block-stevehenty-drop-shadow-box dropshadowboxes-container\" style=\"width: auto;\">\r\n<div class=\"dropshadowboxes-drop-shadow dropshadowboxes-lifted-both dropshadowboxes-rounded-corners dropshadowboxes-inside-and-outside-shadow\" style=\"background-color: #ffffff; ;padding: 10px; border: 2px solid #dddddd;\">\r\n<div>\n\n<h4 id=\"wp-block-themeisle-blocks-advanced-heading-8e79a43a\" class=\"wp-block-themeisle-blocks-advanced-heading wp-block-themeisle-blocks-advanced-heading-8e79a43a\">Graphic Design Ref.: 802<\/h4>\n\n\r\n\r\n\n<p>Du bearbeitest gerne Bilder und entwickelst Designs f\u00fcr Pr\u00e4sentationen und ansprechende Artikel? Au\u00dferdem hast du viel Spa\u00df am kreativen Arbeiten und designen von Kleidung? Wenn du jetzt auch noch Motorsport magst, bist du bei uns perfekt aufgehoben. Wir suchen Verst\u00e4rkung f\u00fcr das graphische Design.<\/p>\r\n<p style=\"font-size: 18px;\">Your tasks:<\/p>\n\n\r\n\r\n\n<ul>\r\n<li><span>Designen von Flyern<\/span>, Plakaten und Aufklebern<\/li>\r\n<li><span>Gestaltung von Zeitungsartikeln <\/span><\/li>\r\n<li><span>Designen von Teamkleidung und anderem Merchandise<\/span><\/li>\r\n<li><span>Gestaltung des vereinseigenen Anh\u00e4ngers<\/span><\/li>\r\n<\/ul>\n\n\r\n\r\n\n<p>Your profile<\/p>\n\n\r\n\r\n\n<ul>\r\n<li>Kreativit\u00e4t<\/li>\r\n<li>teamwork<\/li>\r\n<li>reliability and sense of responsibility<\/li>\r\n<li>Idealerweise Erfahrung im Umgang mit Photoshop oder \u00e4hnlichem<\/li>\r\n<li>Selbstst\u00e4ndige und strukturierte Arbeitsweise um eigene Ideen umzusetzen<\/li>\r\n<\/ul>\n\n<\/div>\r\n<\/div>\r\n<\/div>\n\n\n\n<div class=\"wp-block-stevehenty-drop-shadow-box dropshadowboxes-container\" style=\"width: auto;\">\r\n<div class=\"dropshadowboxes-drop-shadow dropshadowboxes-lifted-both dropshadowboxes-rounded-corners dropshadowboxes-inside-and-outside-shadow\" style=\"background-color: #ffffff; ;padding: 10px; border: 2px solid #dddddd;\">\r\n<div>\n\n<h4 id=\"wp-block-themeisle-blocks-advanced-heading-7dd5796b\" class=\"wp-block-themeisle-blocks-advanced-heading wp-block-themeisle-blocks-advanced-heading-7dd5796b\">Mediaprojekt Website Ref.: 803<\/h4>\n\n\r\n\r\n\n<p>Du bist in der digitalen Welt zu Hause und willst unsere Website und die mobile Endversion \u00fcberarbeiten? Dann bist du bei uns genau richtig.<\/p>\r\n<p style=\"font-size: 18px;\">Your tasks:<\/p>\n\n\r\n\r\n\n<ul>\r\n<li><span>Dokumentation und Gestaltung der Website mit Worldpress<\/span><\/li>\r\n<li>Gestaltung mit Fotos u.a. Aktualisieren der Fotos der Teammitglieder<\/li>\r\n<li>Anpassen von Artikeln<\/li>\r\n<\/ul>\n\n\r\n\r\n\n<p>Your profile<\/p>\n\n\r\n\r\n\n<ul>\r\n<li>teamwork<\/li>\r\n<li><span>Zuverl\u00e4ssigkei<\/span>t<\/li>\r\n<li><span>Affinit\u00e4t zur \u201edigitalen Welt\u201c<\/span><\/li>\r\n<li>Idealerweise Erfahrung mit der Gestaltung und Programmierung von Websites oder Studium im Bereich Informatik<\/li>\r\n<li><span>independent and structured working<\/span><\/li>\r\n<\/ul>\n\n<\/div>\r\n<\/div>\r\n<\/div>\n\n\n\n<div class=\"wp-block-stevehenty-drop-shadow-box dropshadowboxes-container\" style=\"width: auto;\">\r\n<div class=\"dropshadowboxes-drop-shadow dropshadowboxes-lifted-both dropshadowboxes-rounded-corners dropshadowboxes-inside-and-outside-shadow\" style=\"background-color: #ffffff; ;padding: 10px; border: 2px solid #dddddd;\">\r\n<div>\n\n<h4 id=\"wp-block-themeisle-blocks-advanced-heading-8e79a43a\" class=\"wp-block-themeisle-blocks-advanced-heading wp-block-themeisle-blocks-advanced-heading-8e79a43a\">Sponsoren Ref.: 804<\/h4>\n\n\r\n\r\n\n<p><span>Du f\u00fchrst gerne Konversationen, arbeitest ordentlich und bist zuverl\u00e4ssig? Dann bist du im Bereich Sponsoring gut aufgehoben. Hier verwaltest du Sponsorenvertr\u00e4ge, bringst Struktur in die Verwaltung von Sponsoren und Logos und hast Kontakt zu Sponsoren.<\/span><\/p>\r\n<p style=\"font-size: 18px;\">Your tasks:<\/p>\n\n\r\n\r\n\n<ul>\r\n<li><span><\/span><span>Verwalten aller Sponsoren und Ansprechpartner<\/span><\/li>\r\n<li><span>Anlegen und Strukturieren einer Sponsorenmappe<\/span><\/li>\r\n<li><span>Graphische Aufbereitung und Verwalten von Firmenlogos<\/span><\/li>\r\n<li>Kontakt zu Sponsoren<\/li>\r\n<li><span><\/span><\/li>\r\n<\/ul>\n\n\r\n\r\n\n<p>Your profile<\/p>\n\n\r\n\r\n\n<ul>\r\n<li>joy on working with sponsors<\/li>\r\n<li>reliability and sense of responsibility<\/li>\r\n<li>interpersonal contact<\/li>\r\n<li>idealerweise Studium im Bereich International Business, Wirtschaftswissenschaften oder Wirtschaftsingenieurwesen<\/li>\r\n<li>teamwork<\/li>\r\n<li>independent and structured working<\/li>\r\n<\/ul>\n\n<\/div>\r\n<\/div>\r\n<\/div>\n\n\n\n<div class=\"wp-block-stevehenty-drop-shadow-box dropshadowboxes-container\" style=\"width: auto;\">\r\n<div class=\"dropshadowboxes-drop-shadow dropshadowboxes-lifted-both dropshadowboxes-rounded-corners dropshadowboxes-inside-and-outside-shadow\" style=\"background-color: #ffffff; ;padding: 10px; border: 2px solid #dddddd;\">\n\n<h4 class=\"wp-block-themeisle-blocks-advanced-heading wp-block-themeisle-blocks-advanced-heading-51ecfd6c\">Car Design Management Ref.: 805<\/h4>\r\n<p class=\"wp-block-themeisle-blocks-advanced-heading wp-block-themeisle-blocks-advanced-heading-51ecfd6c\">Du hast viele Ideen wie man einen Rennwagen folieren kann damit er cool aussieht? Au\u00dferdem hast du Erfahrung in Photoshop oder anderen Design Programmen und praktische Erfahrung? Dann bist du bei uns genau richtig, wir suchen noch einen Design Manager f\u00fcr unseren Rennwagen der aktuellen Saison!<\/p>\r\n<p>Your tasks:<\/p>\r\n<p>\n\n\r\n\r\n\n<\/p>\r\n<ul>\r\n<li>\r\n<p>Konzeptionierung und Ausarbeitung des Designs des Rennwagens<\/p>\r\n<\/li>\r\n<li>\r\n<p>Praktische Anwendung deiner Ideen<\/p>\r\n<\/li>\r\n<\/ul>\r\n<p>Your profile<\/p>\r\n<p>\n\n\r\n\r\n\n<\/p>\r\n<ul>\r\n<li><span>Kreativit\u00e4t<\/span><\/li>\r\n<li>\r\n<p>teamwork<\/p>\r\n<\/li>\r\n<li>\r\n<p>reliability and sense of responsibility<\/p>\r\n<\/li>\r\n<li>\r\n<p>Idealerweise Erfahrung im Umgang mit Photoshop oder \u00e4hnlichem<\/p>\r\n<\/li>\r\n<li>\r\n<p>Idealerweise Erfahrung mit Folierung<\/p>\r\n<\/li>\r\n<\/ul>\r\n<p>&nbsp;<\/p>\r\n<\/div>\r\n<\/div>\n\n\r\n\r\n\r\n<div class=\"wp-block-stevehenty-drop-shadow-box dropshadowboxes-container\" style=\"width: auto;\">\r\n<div class=\"dropshadowboxes-drop-shadow dropshadowboxes-lifted-both dropshadowboxes-rounded-corners dropshadowboxes-inside-and-outside-shadow\" style=\"background-color: #ffffff; ;padding: 10px; border: 2px solid #dddddd;\">\r\n<h4>Team- and Drivers Trainer Ref.: 806<\/h4>\r\n<p>Du hast Lust auf spannende Projekte, ein tolles Team und ganz viel Raum deine eigenen Ideen rund um das Training von Formula Student Fahrern und Teambuilding einzubringen? Dann komm in unser Team! Unterst\u00fctze uns dabei fit f\u00fcr die Rennen im Sommer zu werden und das Beste aus unseren Fahrerinnen und Fahrern herauszuholen!<\/p>\r\n<p>Interesse am Rennsport ist nicht zwingend erforderlich. Du solltest Motivation f\u00fcr deine Aufgaben und Teamdynamik mitbringen.<\/p>\r\n\n<\/div>\r\n<\/div>\n\n\n<p>&nbsp;<\/p>\n<p>&nbsp;<\/p>\n\n\n<div class=\"wp-block-button aligncenter advgb-dyn-320a9b31\"><a class=\"wp-block-button__link has-vivid-red-background-color has-background wp-element-button\" href=\"https:\/\/wkf.ms\/4mWxSft\">Then apply here!<\/a><\/div>\n\n\n\n<div class=\"wp-block-columns is-layout-flex wp-container-9 wp-block-columns-is-layout-flex\">\n<div class=\"wp-block-column is-layout-flow wp-block-column-is-layout-flow\">\n<div class=\"wp-block-columns is-layout-flex wp-container-3 wp-block-columns-is-layout-flex\">\n<div class=\"wp-block-column is-layout-flow wp-block-column-is-layout-flow\">\n<figure class=\"wp-block-image size-large is-style-default\"><a href=\"https:\/\/www.octanes.de\/cost-report\/\"><img decoding=\"async\" loading=\"lazy\" width=\"1024\" height=\"1024\" src=\"https:\/\/www.octanes.de\/wp-content\/uploads\/2020\/10\/Cost_Report-1024x1024.png\" alt=\"\" class=\"wp-image-5032\" title=\"\" srcset=\"https:\/\/voltages.de\/wp-content\/uploads\/2020\/10\/Cost_Report-1024x1024.png 1024w, https:\/\/voltages.de\/wp-content\/uploads\/2020\/10\/Cost_Report-300x300.png 300w, https:\/\/voltages.de\/wp-content\/uploads\/2020\/10\/Cost_Report-150x150.png 150w, https:\/\/voltages.de\/wp-content\/uploads\/2020\/10\/Cost_Report-768x768.png 768w, https:\/\/voltages.de\/wp-content\/uploads\/2020\/10\/Cost_Report-1000x1000.png 1000w, https:\/\/voltages.de\/wp-content\/uploads\/2020\/10\/Cost_Report-600x600.png 600w, https:\/\/voltages.de\/wp-content\/uploads\/2020\/10\/Cost_Report-50x50.png 50w, https:\/\/voltages.de\/wp-content\/uploads\/2020\/10\/Cost_Report-1536x1536.png 1536w, https:\/\/voltages.de\/wp-content\/uploads\/2020\/10\/Cost_Report-2048x2048.png 2048w\" sizes=\"(max-width: 1024px) 100vw, 1024px\" \/><\/a><\/figure>\n\n\n\n<h5 class=\"wp-block-heading advgb-dyn-efd2f6d8\">Cost Report<\/h5>\n<\/div>\n\n\n\n<div class=\"wp-block-column is-layout-flow wp-block-column-is-layout-flow\">\n<figure class=\"wp-block-image size-large\"><a href=\"https:\/\/www.octanes.de\/aerodynamik\/\"><img decoding=\"async\" loading=\"lazy\" width=\"300\" height=\"300\" src=\"http:\/\/www.octanes.de\/wp-content\/uploads\/2019\/09\/Untitled.png\" alt=\"\" class=\"wp-image-4400\" srcset=\"https:\/\/voltages.de\/wp-content\/uploads\/2019\/09\/Untitled.png 300w, https:\/\/voltages.de\/wp-content\/uploads\/2019\/09\/Untitled-150x150.png 150w, https:\/\/voltages.de\/wp-content\/uploads\/2019\/09\/Untitled-50x50.png 50w\" sizes=\"(max-width: 300px) 100vw, 300px\" \/><\/a><\/figure>\n\n\n\n<h5 class=\"wp-block-heading advgb-dyn-e40d37bc\">Aerodynamics<\/h5>\n<\/div>\n<\/div>\n<\/div>\n\n\n\n<div class=\"wp-block-column is-layout-flow wp-block-column-is-layout-flow\">\n<div class=\"wp-block-columns is-layout-flex wp-container-7 wp-block-columns-is-layout-flex\">\n<div class=\"wp-block-column is-layout-flow wp-block-column-is-layout-flow\">\n<figure class=\"wp-block-image size-large\"><a href=\"https:\/\/www.octanes.de\/medien-und-organisation\/\"><img decoding=\"async\" loading=\"lazy\" width=\"300\" height=\"300\" src=\"http:\/\/www.octanes.de\/wp-content\/uploads\/2019\/09\/orga-1.png\" alt=\"\" class=\"wp-image-4399\" srcset=\"https:\/\/voltages.de\/wp-content\/uploads\/2019\/09\/orga-1.png 300w, https:\/\/voltages.de\/wp-content\/uploads\/2019\/09\/orga-1-150x150.png 150w, https:\/\/voltages.de\/wp-content\/uploads\/2019\/09\/orga-1-50x50.png 50w\" sizes=\"(max-width: 300px) 100vw, 300px\" \/><\/a><\/figure>\n\n\n\n<h5 class=\"wp-block-heading advgb-dyn-267c14a0\">Orga+PR<\/h5>\n<\/div>\n\n\n\n<div class=\"wp-block-column is-layout-flow wp-block-column-is-layout-flow\">\n<figure class=\"wp-block-image size-large\"><a href=\"https:\/\/www.octanes.de\/chassis\/\"><img decoding=\"async\" loading=\"lazy\" width=\"1024\" height=\"1024\" src=\"http:\/\/www.octanes.de\/wp-content\/uploads\/2019\/09\/chassis-1-1024x1024.png\" alt=\"\" class=\"wp-image-4398\" srcset=\"https:\/\/voltages.de\/wp-content\/uploads\/2019\/09\/chassis-1-1024x1024.png 1024w, https:\/\/voltages.de\/wp-content\/uploads\/2019\/09\/chassis-1-150x150.png 150w, https:\/\/voltages.de\/wp-content\/uploads\/2019\/09\/chassis-1-300x300.png 300w, https:\/\/voltages.de\/wp-content\/uploads\/2019\/09\/chassis-1-768x768.png 768w, https:\/\/voltages.de\/wp-content\/uploads\/2019\/09\/chassis-1-1000x1000.png 1000w, https:\/\/voltages.de\/wp-content\/uploads\/2019\/09\/chassis-1-600x600.png 600w, https:\/\/voltages.de\/wp-content\/uploads\/2019\/09\/chassis-1-50x50.png 50w, https:\/\/voltages.de\/wp-content\/uploads\/2019\/09\/chassis-1.png 1920w\" sizes=\"(max-width: 1024px) 100vw, 1024px\" \/><\/a><\/figure>\n\n\n\n<h5 class=\"wp-block-heading advgb-dyn-fb6796ef\">Body and Frame<\/h5>\n<\/div>\n<\/div>\n<\/div>\n<\/div>\n\n\n\n<div class=\"wp-block-columns is-layout-flex wp-container-18 wp-block-columns-is-layout-flex\">\n<div class=\"wp-block-column is-layout-flow wp-block-column-is-layout-flow\">\n<div class=\"wp-block-columns is-layout-flex wp-container-12 wp-block-columns-is-layout-flex\">\n<div class=\"wp-block-column is-layout-flow wp-block-column-is-layout-flow\">\n<figure class=\"wp-block-image size-large\"><a href=\"https:\/\/www.octanes.de\/dv-mechanik\/\"><img decoding=\"async\" loading=\"lazy\" width=\"300\" height=\"300\" src=\"http:\/\/www.octanes.de\/wp-content\/uploads\/2019\/09\/dvMechanik.png\" alt=\"\" class=\"wp-image-4402\" srcset=\"https:\/\/voltages.de\/wp-content\/uploads\/2019\/09\/dvMechanik.png 300w, https:\/\/voltages.de\/wp-content\/uploads\/2019\/09\/dvMechanik-150x150.png 150w, https:\/\/voltages.de\/wp-content\/uploads\/2019\/09\/dvMechanik-50x50.png 50w\" sizes=\"(max-width: 300px) 100vw, 300px\" \/><\/a><\/figure>\n\n\n\n<h5 class=\"wp-block-heading advgb-dyn-eeb808fa\">DV-Mechanik<\/h5>\n<\/div>\n\n\n\n<div class=\"wp-block-column is-layout-flow wp-block-column-is-layout-flow\">\n<figure class=\"wp-block-image size-large\"><a href=\"https:\/\/www.octanes.de\/elektronik\/\"><img decoding=\"async\" loading=\"lazy\" width=\"300\" height=\"300\" src=\"http:\/\/www.octanes.de\/wp-content\/uploads\/2019\/09\/elektronik.png\" alt=\"\" class=\"wp-image-4403\" srcset=\"https:\/\/voltages.de\/wp-content\/uploads\/2019\/09\/elektronik.png 300w, https:\/\/voltages.de\/wp-content\/uploads\/2019\/09\/elektronik-150x150.png 150w, https:\/\/voltages.de\/wp-content\/uploads\/2019\/09\/elektronik-50x50.png 50w\" sizes=\"(max-width: 300px) 100vw, 300px\" \/><\/a><\/figure>\n\n\n\n<h5 class=\"wp-block-heading advgb-dyn-537fc097\">Electronics<\/h5>\n<\/div>\n<\/div>\n<\/div>\n\n\n\n<div class=\"wp-block-column is-layout-flow wp-block-column-is-layout-flow\">\n<div class=\"wp-block-columns is-layout-flex wp-container-16 wp-block-columns-is-layout-flex\">\n<div class=\"wp-block-column is-layout-flow wp-block-column-is-layout-flow\">\n<figure class=\"wp-block-image size-large\"><a href=\"https:\/\/www.octanes.de\/electric-powertrain\/\"><img decoding=\"async\" loading=\"lazy\" width=\"813\" height=\"845\" src=\"http:\/\/www.octanes.de\/wp-content\/uploads\/2020\/04\/EV_Drivertrain.jpg\" alt=\"\" class=\"wp-image-4824\" srcset=\"https:\/\/voltages.de\/wp-content\/uploads\/2020\/04\/EV_Drivertrain.jpg 813w, https:\/\/voltages.de\/wp-content\/uploads\/2020\/04\/EV_Drivertrain-289x300.jpg 289w, https:\/\/voltages.de\/wp-content\/uploads\/2020\/04\/EV_Drivertrain-768x798.jpg 768w\" sizes=\"(max-width: 813px) 100vw, 813px\" \/><\/a><\/figure>\n\n\n\n<h5 class=\"wp-block-heading advgb-dyn-c355a1b9\">Electric Powertrain<\/h5>\n<\/div>\n\n\n\n<div class=\"wp-block-column is-layout-flow wp-block-column-is-layout-flow\">\n<figure class=\"wp-block-image size-large\"><a href=\"https:\/\/www.octanes.de\/business-plan\/\"><img decoding=\"async\" loading=\"lazy\" width=\"1024\" height=\"1024\" src=\"https:\/\/www.octanes.de\/wp-content\/uploads\/2020\/10\/Businessplan-1-1024x1024.png\" alt=\"\" class=\"wp-image-5034\" srcset=\"https:\/\/voltages.de\/wp-content\/uploads\/2020\/10\/Businessplan-1-1024x1024.png 1024w, https:\/\/voltages.de\/wp-content\/uploads\/2020\/10\/Businessplan-1-300x300.png 300w, https:\/\/voltages.de\/wp-content\/uploads\/2020\/10\/Businessplan-1-150x150.png 150w, https:\/\/voltages.de\/wp-content\/uploads\/2020\/10\/Businessplan-1-768x768.png 768w, https:\/\/voltages.de\/wp-content\/uploads\/2020\/10\/Businessplan-1-1000x1000.png 1000w, https:\/\/voltages.de\/wp-content\/uploads\/2020\/10\/Businessplan-1-600x600.png 600w, https:\/\/voltages.de\/wp-content\/uploads\/2020\/10\/Businessplan-1-50x50.png 50w, https:\/\/voltages.de\/wp-content\/uploads\/2020\/10\/Businessplan-1-1536x1536.png 1536w, https:\/\/voltages.de\/wp-content\/uploads\/2020\/10\/Businessplan-1-2048x2048.png 2048w\" sizes=\"(max-width: 1024px) 100vw, 1024px\" \/><\/a><\/figure>\n\n\n\n<h5 class=\"wp-block-heading advgb-dyn-eac72dcc\">Businessplan<\/h5>\n<\/div>\n<\/div>\n<\/div>\n<\/div>\n\n\n\n<div class=\"wp-block-columns is-layout-flex wp-container-27 wp-block-columns-is-layout-flex\">\n<div class=\"wp-block-column is-layout-flow wp-block-column-is-layout-flow\">\n<div class=\"wp-block-columns is-layout-flex wp-container-21 wp-block-columns-is-layout-flex\">\n<div class=\"wp-block-column is-layout-flow wp-block-column-is-layout-flow\"><\/div>\n\n\n\n<div class=\"wp-block-column is-layout-flow wp-block-column-is-layout-flow\">\n<figure class=\"wp-block-image size-large\"><a href=\"https:\/\/www.octanes.de\/fahrwerk\/\"><img decoding=\"async\" loading=\"lazy\" width=\"300\" height=\"300\" src=\"http:\/\/www.octanes.de\/wp-content\/uploads\/2019\/09\/fw.png\" alt=\"\" class=\"wp-image-4401\" srcset=\"https:\/\/voltages.de\/wp-content\/uploads\/2019\/09\/fw.png 300w, https:\/\/voltages.de\/wp-content\/uploads\/2019\/09\/fw-150x150.png 150w, https:\/\/voltages.de\/wp-content\/uploads\/2019\/09\/fw-50x50.png 50w\" sizes=\"(max-width: 300px) 100vw, 300px\" \/><\/a><\/figure>\n\n\n\n<h5 class=\"wp-block-heading advgb-dyn-43ce8d90\">Suspension<\/h5>\n<\/div>\n<\/div>\n<\/div>\n\n\n\n<div class=\"wp-block-column is-layout-flow wp-block-column-is-layout-flow\">\n<div class=\"wp-block-columns is-layout-flex wp-container-25 wp-block-columns-is-layout-flex\">\n<div class=\"wp-block-column is-layout-flow wp-block-column-is-layout-flow\">\n<figure class=\"wp-block-image size-large\"><a href=\"https:\/\/www.octanes.de\/dv-software\/\"><img decoding=\"async\" loading=\"lazy\" width=\"300\" height=\"300\" src=\"http:\/\/www.octanes.de\/wp-content\/uploads\/2019\/09\/DVsoftware.png\" alt=\"\" class=\"wp-image-4406\" srcset=\"https:\/\/voltages.de\/wp-content\/uploads\/2019\/09\/DVsoftware.png 300w, https:\/\/voltages.de\/wp-content\/uploads\/2019\/09\/DVsoftware-150x150.png 150w, https:\/\/voltages.de\/wp-content\/uploads\/2019\/09\/DVsoftware-50x50.png 50w\" sizes=\"(max-width: 300px) 100vw, 300px\" \/><\/a><\/figure>\n\n\n\n<h5 class=\"wp-block-heading advgb-dyn-b223140c\">DV-Software<\/h5>\n<\/div>\n\n\n\n<div class=\"wp-block-column is-layout-flow wp-block-column-is-layout-flow\"><\/div>\n<\/div>\n<\/div>\n<\/div>\n\n\n<p>&nbsp;<\/p>\n<\/div>\n<\/div>","protected":false},"excerpt":{"rendered":"<p>Du m\u00f6chtest Teil des Teams werden? Oder schau dir unsere Stellenausschreibungen an! Die Organisation ist ein nicht zu vernachl\u00e4ssigender Teil des Teams und \u00fcbernimmt einen sehr wichtigen Teil: Einen Haufen von Leuten in Zaum halten! Sie k\u00fcmmert sich um die Einhaltung von Deadlines, den Cost Report, Business Plan und die<\/p>","protected":false},"author":4,"featured_media":0,"parent":0,"menu_order":0,"comment_status":"closed","ping_status":"closed","template":"","meta":{"advgb_blocks_editor_width":"","advgb_blocks_columns_visual_guide":"","footnotes":""},"coauthors":[],"author_meta":{"author_link":"https:\/\/voltages.de\/en\/author\/meike\/","display_name":"meike"},"relative_dates":{"created":"Posted 7 years ago","modified":"Updated 6 months ago"},"absolute_dates":{"created":"Posted on 14. September 2019","modified":"Updated on 15. October 2025"},"absolute_dates_time":{"created":"Posted on 14. September 2019 13:28","modified":"Updated on 15. October 2025 14:17"},"featured_img_caption":"","featured_img":false,"series_order":"","_links":{"self":[{"href":"https:\/\/voltages.de\/en\/wp-json\/wp\/v2\/pages\/4352"}],"collection":[{"href":"https:\/\/voltages.de\/en\/wp-json\/wp\/v2\/pages"}],"about":[{"href":"https:\/\/voltages.de\/en\/wp-json\/wp\/v2\/types\/page"}],"author":[{"embeddable":true,"href":"https:\/\/voltages.de\/en\/wp-json\/wp\/v2\/users\/4"}],"replies":[{"embeddable":true,"href":"https:\/\/voltages.de\/en\/wp-json\/wp\/v2\/comments?post=4352"}],"version-history":[{"count":31,"href":"https:\/\/voltages.de\/en\/wp-json\/wp\/v2\/pages\/4352\/revisions"}],"predecessor-version":[{"id":6487,"href":"https:\/\/voltages.de\/en\/wp-json\/wp\/v2\/pages\/4352\/revisions\/6487"}],"wp:attachment":[{"href":"https:\/\/voltages.de\/en\/wp-json\/wp\/v2\/media?parent=4352"}],"curies":[{"name":"wp","href":"https:\/\/api.w.org\/{rel}","templated":true}]}}