{"id":4356,"date":"2019-09-14T13:24:51","date_gmt":"2019-09-14T11:24:51","guid":{"rendered":"http:\/\/www.octanes.de\/?page_id=4356"},"modified":"2025-10-15T14:16:19","modified_gmt":"2025-10-15T12:16:19","slug":"aerodynamik","status":"publish","type":"page","link":"https:\/\/voltages.de\/en\/aerodynamik\/","title":{"rendered":"Aerodynamics"},"content":{"rendered":"<h4 class=\"wp-block-heading has-text-align-center advgb-dyn-e92e009f\">You want to be part of the Team?<\/h4>\n\n\n\n<div class=\"wp-block-button aligncenter advgb-dyn-320a9b31\"><a class=\"wp-block-button__link has-vivid-red-background-color has-background wp-element-button\" href=\"https:\/\/wkf.ms\/4mWxSft\">Then apply here!<\/a><\/div>\n\n\n\n<h4 class=\"wp-block-heading has-text-align-center advgb-dyn-51fbb01d\">Or look at our job descriptions!<\/h4>\n\n\n\n<div style=\"height:30px\" aria-hidden=\"true\" class=\"wp-block-spacer advgb-dyn-afe3be10\"><\/div>\n\n\n\n<p>The black magic in cars. The aerodynamics provides the solution for the right balance between down force and drag and is an essential part of many formula student cars.<\/p>\n\n\n\n<div style=\"height:40px\" aria-hidden=\"true\" class=\"wp-block-spacer advgb-dyn-db4b1242\"><\/div>\n\n\n\n<h2 id=\"wp-block-themeisle-blocks-advanced-heading-685cf4b5\" class=\"wp-block-themeisle-blocks-advanced-heading wp-block-themeisle-blocks-advanced-heading-685cf4b5\"><strong>Open Tasks<\/strong><\/h2>\n\n\n\n<div class=\"wp-block-stevehenty-drop-shadow-box dropshadowboxes-container\" style=\"width: auto;\">\r\n<div class=\"dropshadowboxes-drop-shadow dropshadowboxes-lifted-both dropshadowboxes-rounded-corners dropshadowboxes-inside-and-outside-shadow\" style=\"background-color: #ffffff; ;padding: 10px; border: 2px solid #dddddd;\">\r\n<div>\n\n<h4 id=\"wp-block-themeisle-blocks-advanced-heading-b43a78dc\" class=\"wp-block-themeisle-blocks-advanced-heading wp-block-themeisle-blocks-advanced-heading-b43a78dc\">Front Wing<\/h4>\n\n\r\n\r\n\n<div class=\"wp-block-columns is-layout-flex wp-container-3 wp-block-columns-is-layout-flex\">\n\n<div class=\"wp-block-column is-layout-flow wp-block-column-is-layout-flow\">\n\n<p>Der Frontfl\u00fcgel ist das erste Element des Rennwagens, mit dem die Luft in Ber\u00fchrung kommt. Er muss diese Luft m\u00f6glichst effizient nutzen und an andere Aerodynamikelemente, wie beispielsweise den Heckfl\u00fcgel, weiterleiten.<\/p>\n\n<\/div>\n\n\r\n\r\n\n<div class=\"wp-block-column is-layout-flow wp-block-column-is-layout-flow\">\n\n<figure class=\"wp-block-image size-large is-resized\"><img decoding=\"async\" loading=\"lazy\" src=\"http:\/\/www.octanes.de\/wp-content\/uploads\/2021\/10\/picFrontwing-300x134.png\" alt=\"\" class=\"alignnone wp-image-5293 size-medium\" width=\"300\" height=\"134\" srcset=\"https:\/\/voltages.de\/wp-content\/uploads\/2021\/10\/picFrontwing-300x134.png 300w, https:\/\/voltages.de\/wp-content\/uploads\/2021\/10\/picFrontwing-1024x456.png 1024w, https:\/\/voltages.de\/wp-content\/uploads\/2021\/10\/picFrontwing-768x342.png 768w, https:\/\/voltages.de\/wp-content\/uploads\/2021\/10\/picFrontwing-18x8.png 18w, https:\/\/voltages.de\/wp-content\/uploads\/2021\/10\/picFrontwing.png 1096w\" sizes=\"(max-width: 300px) 100vw, 300px\" \/><\/figure>\n\n<\/div>\n\n<\/div>\n\n\r\n\r\n\n<p style=\"font-size: 18px;\">Your tasks:<\/p>\n\n\r\n\r\n\n<ul>\r\n<li>Konstruieren des Frontfl\u00fcgels in Creo<\/li>\r\n<li>Mitarbeiten in der Fertigung des Rennwagens<\/li>\r\n<li>Laminieren von Carbon f\u00fcr die Aerodynamik<\/li>\r\n<\/ul>\n\n\r\n\r\n\n<p>Your profile<\/p>\n\n\r\n\r\n\n<ul>\r\n<li>teamwork<\/li>\r\n<li>reliability and sense of responsibility<\/li>\r\n<li>interpersonal contact<\/li>\r\n<li>motivation<\/li>\r\n<li>experience with Creo<\/li>\r\n<\/ul>\n\n<\/div>\r\n<\/div>\r\n<\/div>\n\n\n\n<div class=\"wp-block-stevehenty-drop-shadow-box dropshadowboxes-container\" style=\"width: auto;\">\r\n<div class=\"dropshadowboxes-drop-shadow dropshadowboxes-lifted-both dropshadowboxes-rounded-corners dropshadowboxes-inside-and-outside-shadow\" style=\"background-color: #ffffff; ;padding: 10px; border: 2px solid #dddddd;\">\r\n<div>\n\n<h4 id=\"wp-block-themeisle-blocks-advanced-heading-d727ee06\" class=\"wp-block-themeisle-blocks-advanced-heading wp-block-themeisle-blocks-advanced-heading-d727ee06\">Heckfl\u00fcgel Ref.: 102<\/h4>\n\n\r\n\r\n\n<div class=\"wp-block-columns is-layout-flex wp-container-6 wp-block-columns-is-layout-flex\">\n\n<div class=\"wp-block-column is-layout-flow wp-block-column-is-layout-flow\">\n\n<p>Der Heckfl\u00fcgel sorgt daf\u00fcr, dass auch das Heck des Rennwagens mit einem gewissen Anpressdruck auf die Stra\u00dfe gedr\u00fcckt wird. Dadurch ergibt sich eine bessere \u00dcbertragung der Leistung des Motors auf die Stra\u00dfe.<\/p>\n\n<\/div>\n\n\r\n\r\n\n<div class=\"wp-block-column is-layout-flow wp-block-column-is-layout-flow\">\n\n<figure class=\"wp-block-image size-large is-resized\"><img decoding=\"async\" loading=\"lazy\" src=\"http:\/\/www.octanes.de\/wp-content\/uploads\/2021\/10\/picRearwing-300x290.png\" alt=\"\" class=\"alignnone wp-image-5295 size-medium\" width=\"300\" height=\"290\" srcset=\"https:\/\/voltages.de\/wp-content\/uploads\/2021\/10\/picRearwing-300x290.png 300w, https:\/\/voltages.de\/wp-content\/uploads\/2021\/10\/picRearwing-12x12.png 12w, https:\/\/voltages.de\/wp-content\/uploads\/2021\/10\/picRearwing.png 542w\" sizes=\"(max-width: 300px) 100vw, 300px\" \/><\/figure>\n\n<\/div>\n\n<\/div>\n\n\r\n\r\n\n<p style=\"font-size: 18px;\">Your tasks:<\/p>\n\n\r\n\r\n\n<ul>\r\n<li>Konstruieren des Heckfl\u00fcgels in Creo<\/li>\r\n<li>Mitarbeiten in der Fertigung des Rennwagens<\/li>\r\n<li>Laminieren von Carbon f\u00fcr die Aerodynamik<\/li>\r\n<\/ul>\n\n\r\n\r\n\n<p>Your profile<\/p>\n\n\r\n\r\n\n<ul>\r\n<li>teamwork<\/li>\r\n<li>reliability and sense of responsibility<\/li>\r\n<li>interpersonal contact<\/li>\r\n<li>motivation<\/li>\r\n<li>experience with Creo<\/li>\r\n<\/ul>\n\n<\/div>\r\n<\/div>\r\n<\/div>\n\n\n\n<div class=\"wp-block-stevehenty-drop-shadow-box dropshadowboxes-container\" style=\"width: auto;\">\r\n<div class=\"dropshadowboxes-drop-shadow dropshadowboxes-lifted-both dropshadowboxes-rounded-corners dropshadowboxes-inside-and-outside-shadow\" style=\"background-color: #ffffff; ;padding: 10px; border: 2px solid #dddddd;\">\r\n<div>\n\n<h4 id=\"wp-block-themeisle-blocks-advanced-heading-4ec75d50\" class=\"wp-block-themeisle-blocks-advanced-heading wp-block-themeisle-blocks-advanced-heading-4ec75d50\">Simulation Ref.: 103<\/h4>\n\n\r\n\r\n\n<div class=\"wp-block-columns is-layout-flex wp-container-9 wp-block-columns-is-layout-flex\">\n\n<div class=\"wp-block-column is-layout-flow wp-block-column-is-layout-flow\">\n\n<p>Ohne Simulation l\u00e4uft in der Aerodynamik nichts. Sie dient als Anhaltspunkt zur Entwicklung des Aerodynamik Konzepts, welches anschlie\u00dfend mit dem fertigen Rennwagen validiert wird.<\/p>\n\n<\/div>\n\n\r\n\r\n\n<div class=\"wp-block-column is-layout-flow wp-block-column-is-layout-flow\">\n\n<figure class=\"wp-block-image size-large\"><img decoding=\"async\" loading=\"lazy\" src=\"http:\/\/www.octanes.de\/wp-content\/uploads\/2021\/10\/picSim-300x289.png\" alt=\"\" class=\"alignnone wp-image-5297 size-medium\" width=\"300\" height=\"289\" srcset=\"https:\/\/voltages.de\/wp-content\/uploads\/2021\/10\/picSim-300x289.png 300w, https:\/\/voltages.de\/wp-content\/uploads\/2021\/10\/picSim-12x12.png 12w, https:\/\/voltages.de\/wp-content\/uploads\/2021\/10\/picSim.png 647w\" sizes=\"(max-width: 300px) 100vw, 300px\" \/><\/figure>\n\n<\/div>\n\n<\/div>\n\n\r\n\r\n\n<p style=\"font-size: 18px;\">Your tasks:<\/p>\n\n\r\n\r\n\n<ul>\r\n<li>Simulation der Aerodynamik mit STAR-CCM+<\/li>\r\n<li>Entwickeln neuer Aerodynamik Konzepte<\/li>\r\n<li>Absprache mit den Verantwortlichen der anderen Baugruppen<\/li>\r\n<\/ul>\n\n\r\n\r\n\n<p>Your profile<\/p>\n\n\r\n\r\n\n<ul>\r\n<li>teamwork<\/li>\r\n<li>reliability and sense of responsibility<\/li>\r\n<li>interpersonal contact<\/li>\r\n<li>motivation<\/li>\r\n<\/ul>\n\n<\/div>\r\n<\/div>\r\n<\/div>\n\n\n\n<div class=\"wp-block-stevehenty-drop-shadow-box dropshadowboxes-container\" style=\"width: auto;\">\r\n<div class=\"dropshadowboxes-drop-shadow dropshadowboxes-lifted-both dropshadowboxes-rounded-corners dropshadowboxes-inside-and-outside-shadow\" style=\"background-color: #ffffff; ;padding: 10px; border: 2px solid #dddddd;\">\r\n<div>\n\n<h4 id=\"wp-block-themeisle-blocks-advanced-heading-7fa2f7ba\" class=\"wp-block-themeisle-blocks-advanced-heading wp-block-themeisle-blocks-advanced-heading-7fa2f7ba\">Unterboden Ref.: 104<\/h4>\n\n\r\n\r\n\n<div class=\"wp-block-columns is-layout-flex wp-container-12 wp-block-columns-is-layout-flex\">\n\n<div class=\"wp-block-column is-layout-flow wp-block-column-is-layout-flow\">\n\n<p>Der Unterboden ist fest an dem Rennwagen angebracht und nutzt die sich unter dem Fahrzeug befindende Luft, um m\u00f6glichst viel Downforce zu generieren.<\/p>\n\n<\/div>\n\n\r\n\r\n\n<div class=\"wp-block-column is-layout-flow wp-block-column-is-layout-flow\">\n\n<figure class=\"wp-block-image size-large\"><img decoding=\"async\" loading=\"lazy\" src=\"http:\/\/www.octanes.de\/wp-content\/uploads\/2021\/10\/picUndertray-300x175.png\" alt=\"\" class=\"alignnone wp-image-5296 size-medium\" width=\"300\" height=\"175\" srcset=\"https:\/\/voltages.de\/wp-content\/uploads\/2021\/10\/picUndertray-300x175.png 300w, https:\/\/voltages.de\/wp-content\/uploads\/2021\/10\/picUndertray-768x447.png 768w, https:\/\/voltages.de\/wp-content\/uploads\/2021\/10\/picUndertray-18x10.png 18w, https:\/\/voltages.de\/wp-content\/uploads\/2021\/10\/picUndertray.png 939w\" sizes=\"(max-width: 300px) 100vw, 300px\" \/><\/figure>\n\n<\/div>\n\n<\/div>\n\n\r\n\r\n\n<p style=\"font-size: 18px;\">Your tasks:<\/p>\n\n\r\n\r\n\n<ul>\r\n<li>Konstruieren des Unterbodens in Creo<\/li>\r\n<li>Mitarbeiten in der Fertigung des Rennwagens<\/li>\r\n<li>Laminieren von Carbon f\u00fcr die Aerodynamik<\/li>\r\n<\/ul>\n\n\r\n\r\n\n<p>Your profile<\/p>\n\n\r\n\r\n\n<ul>\r\n<li>teamwork<\/li>\r\n<li>reliability and sense of responsibility<\/li>\r\n<li>interpersonal contact<\/li>\r\n<li>motivation<\/li>\r\n<li>Sicherer Umgang mit Creo oder Catia<\/li>\r\n<\/ul>\n\n<\/div>\r\n<\/div>\r\n<\/div>\n\n\n\n<hr class=\"wp-block-separator has-css-opacity advgb-dyn-c3f4f0ad\"\/>\n\n\n\n<div class=\"wp-block-button aligncenter advgb-dyn-320a9b31\"><a class=\"wp-block-button__link has-vivid-red-background-color has-background wp-element-button\" href=\"https:\/\/wkf.ms\/4mWxSft\">Then apply here!<\/a><\/div>\n\n\n\n<div class=\"wp-block-columns is-layout-flex wp-container-21 wp-block-columns-is-layout-flex\">\n<div class=\"wp-block-column is-layout-flow wp-block-column-is-layout-flow\">\n<div class=\"wp-block-columns is-layout-flex wp-container-15 wp-block-columns-is-layout-flex\">\n<div class=\"wp-block-column is-layout-flow wp-block-column-is-layout-flow\">\n<figure class=\"wp-block-image size-large is-style-default\"><a href=\"https:\/\/www.octanes.de\/cost-report\/\"><img decoding=\"async\" loading=\"lazy\" width=\"1024\" height=\"1024\" src=\"https:\/\/www.octanes.de\/wp-content\/uploads\/2020\/10\/Cost_Report-1024x1024.png\" alt=\"\" class=\"wp-image-5032\" srcset=\"https:\/\/voltages.de\/wp-content\/uploads\/2020\/10\/Cost_Report-1024x1024.png 1024w, https:\/\/voltages.de\/wp-content\/uploads\/2020\/10\/Cost_Report-300x300.png 300w, https:\/\/voltages.de\/wp-content\/uploads\/2020\/10\/Cost_Report-150x150.png 150w, https:\/\/voltages.de\/wp-content\/uploads\/2020\/10\/Cost_Report-768x768.png 768w, https:\/\/voltages.de\/wp-content\/uploads\/2020\/10\/Cost_Report-1000x1000.png 1000w, https:\/\/voltages.de\/wp-content\/uploads\/2020\/10\/Cost_Report-600x600.png 600w, https:\/\/voltages.de\/wp-content\/uploads\/2020\/10\/Cost_Report-50x50.png 50w, https:\/\/voltages.de\/wp-content\/uploads\/2020\/10\/Cost_Report-1536x1536.png 1536w, https:\/\/voltages.de\/wp-content\/uploads\/2020\/10\/Cost_Report-2048x2048.png 2048w\" sizes=\"(max-width: 1024px) 100vw, 1024px\" \/><\/a><\/figure>\n\n\n\n<h5 class=\"wp-block-heading advgb-dyn-efd2f6d8\">Cost Report<\/h5>\n<\/div>\n\n\n\n<div class=\"wp-block-column is-layout-flow wp-block-column-is-layout-flow\">\n<figure class=\"wp-block-image size-large\"><a href=\"https:\/\/www.octanes.de\/aerodynamik\/\"><img decoding=\"async\" loading=\"lazy\" width=\"300\" height=\"300\" src=\"http:\/\/www.octanes.de\/wp-content\/uploads\/2019\/09\/Untitled.png\" alt=\"\" class=\"wp-image-4400\" srcset=\"https:\/\/voltages.de\/wp-content\/uploads\/2019\/09\/Untitled.png 300w, https:\/\/voltages.de\/wp-content\/uploads\/2019\/09\/Untitled-150x150.png 150w, https:\/\/voltages.de\/wp-content\/uploads\/2019\/09\/Untitled-50x50.png 50w\" sizes=\"(max-width: 300px) 100vw, 300px\" \/><\/a><\/figure>\n\n\n\n<h5 class=\"wp-block-heading advgb-dyn-e40d37bc\">Aerodynamics<\/h5>\n<\/div>\n<\/div>\n<\/div>\n\n\n\n<div class=\"wp-block-column is-layout-flow wp-block-column-is-layout-flow\">\n<div class=\"wp-block-columns is-layout-flex wp-container-19 wp-block-columns-is-layout-flex\">\n<div class=\"wp-block-column is-layout-flow wp-block-column-is-layout-flow\">\n<figure class=\"wp-block-image size-large\"><a href=\"https:\/\/www.octanes.de\/medien-und-organisation\/\"><img decoding=\"async\" loading=\"lazy\" width=\"300\" height=\"300\" src=\"http:\/\/www.octanes.de\/wp-content\/uploads\/2019\/09\/orga-1.png\" alt=\"\" class=\"wp-image-4399\" srcset=\"https:\/\/voltages.de\/wp-content\/uploads\/2019\/09\/orga-1.png 300w, https:\/\/voltages.de\/wp-content\/uploads\/2019\/09\/orga-1-150x150.png 150w, https:\/\/voltages.de\/wp-content\/uploads\/2019\/09\/orga-1-50x50.png 50w\" sizes=\"(max-width: 300px) 100vw, 300px\" \/><\/a><\/figure>\n\n\n\n<h5 class=\"wp-block-heading advgb-dyn-267c14a0\">Orga+PR<\/h5>\n<\/div>\n\n\n\n<div class=\"wp-block-column is-layout-flow wp-block-column-is-layout-flow\">\n<figure class=\"wp-block-image size-large\"><a href=\"https:\/\/www.octanes.de\/chassis\/\"><img decoding=\"async\" loading=\"lazy\" width=\"1024\" height=\"1024\" src=\"http:\/\/www.octanes.de\/wp-content\/uploads\/2019\/09\/chassis-1-1024x1024.png\" alt=\"\" class=\"wp-image-4398\" srcset=\"https:\/\/voltages.de\/wp-content\/uploads\/2019\/09\/chassis-1-1024x1024.png 1024w, https:\/\/voltages.de\/wp-content\/uploads\/2019\/09\/chassis-1-150x150.png 150w, https:\/\/voltages.de\/wp-content\/uploads\/2019\/09\/chassis-1-300x300.png 300w, https:\/\/voltages.de\/wp-content\/uploads\/2019\/09\/chassis-1-768x768.png 768w, https:\/\/voltages.de\/wp-content\/uploads\/2019\/09\/chassis-1-1000x1000.png 1000w, https:\/\/voltages.de\/wp-content\/uploads\/2019\/09\/chassis-1-600x600.png 600w, https:\/\/voltages.de\/wp-content\/uploads\/2019\/09\/chassis-1-50x50.png 50w, https:\/\/voltages.de\/wp-content\/uploads\/2019\/09\/chassis-1.png 1920w\" sizes=\"(max-width: 1024px) 100vw, 1024px\" \/><\/a><\/figure>\n\n\n\n<h5 class=\"wp-block-heading advgb-dyn-fb6796ef\">Body and Frame<\/h5>\n<\/div>\n<\/div>\n<\/div>\n<\/div>\n\n\n\n<div class=\"wp-block-columns is-layout-flex wp-container-30 wp-block-columns-is-layout-flex\">\n<div class=\"wp-block-column is-layout-flow wp-block-column-is-layout-flow\">\n<div class=\"wp-block-columns is-layout-flex wp-container-24 wp-block-columns-is-layout-flex\">\n<div class=\"wp-block-column is-layout-flow wp-block-column-is-layout-flow\">\n<figure class=\"wp-block-image size-large\"><a href=\"https:\/\/www.octanes.de\/dv-mechanik\/\"><img decoding=\"async\" loading=\"lazy\" width=\"300\" height=\"300\" src=\"http:\/\/www.octanes.de\/wp-content\/uploads\/2019\/09\/dvMechanik.png\" alt=\"\" class=\"wp-image-4402\" srcset=\"https:\/\/voltages.de\/wp-content\/uploads\/2019\/09\/dvMechanik.png 300w, https:\/\/voltages.de\/wp-content\/uploads\/2019\/09\/dvMechanik-150x150.png 150w, https:\/\/voltages.de\/wp-content\/uploads\/2019\/09\/dvMechanik-50x50.png 50w\" sizes=\"(max-width: 300px) 100vw, 300px\" \/><\/a><\/figure>\n\n\n\n<h5 class=\"wp-block-heading advgb-dyn-eeb808fa\">DV-Mechanik<\/h5>\n<\/div>\n\n\n\n<div class=\"wp-block-column is-layout-flow wp-block-column-is-layout-flow\">\n<figure class=\"wp-block-image size-large\"><a href=\"https:\/\/www.octanes.de\/elektronik\/\"><img decoding=\"async\" loading=\"lazy\" width=\"300\" height=\"300\" src=\"http:\/\/www.octanes.de\/wp-content\/uploads\/2019\/09\/elektronik.png\" alt=\"\" class=\"wp-image-4403\" srcset=\"https:\/\/voltages.de\/wp-content\/uploads\/2019\/09\/elektronik.png 300w, https:\/\/voltages.de\/wp-content\/uploads\/2019\/09\/elektronik-150x150.png 150w, https:\/\/voltages.de\/wp-content\/uploads\/2019\/09\/elektronik-50x50.png 50w\" sizes=\"(max-width: 300px) 100vw, 300px\" \/><\/a><\/figure>\n\n\n\n<h5 class=\"wp-block-heading advgb-dyn-537fc097\">Electronics<\/h5>\n<\/div>\n<\/div>\n<\/div>\n\n\n\n<div class=\"wp-block-column is-layout-flow wp-block-column-is-layout-flow\">\n<div class=\"wp-block-columns is-layout-flex wp-container-28 wp-block-columns-is-layout-flex\">\n<div class=\"wp-block-column is-layout-flow wp-block-column-is-layout-flow\">\n<figure class=\"wp-block-image size-large\"><a href=\"https:\/\/www.octanes.de\/electric-powertrain\/\"><img decoding=\"async\" loading=\"lazy\" width=\"813\" height=\"845\" src=\"http:\/\/www.octanes.de\/wp-content\/uploads\/2020\/04\/EV_Drivertrain.jpg\" alt=\"\" class=\"wp-image-4824\" srcset=\"https:\/\/voltages.de\/wp-content\/uploads\/2020\/04\/EV_Drivertrain.jpg 813w, https:\/\/voltages.de\/wp-content\/uploads\/2020\/04\/EV_Drivertrain-289x300.jpg 289w, https:\/\/voltages.de\/wp-content\/uploads\/2020\/04\/EV_Drivertrain-768x798.jpg 768w\" sizes=\"(max-width: 813px) 100vw, 813px\" \/><\/a><\/figure>\n\n\n\n<h5 class=\"wp-block-heading advgb-dyn-c355a1b9\">Electric Powertrain<\/h5>\n<\/div>\n\n\n\n<div class=\"wp-block-column is-layout-flow wp-block-column-is-layout-flow\">\n<figure class=\"wp-block-image size-large\"><a href=\"https:\/\/www.octanes.de\/business-plan\/\"><img decoding=\"async\" loading=\"lazy\" width=\"1024\" height=\"1024\" src=\"https:\/\/www.octanes.de\/wp-content\/uploads\/2020\/10\/Businessplan-1-1024x1024.png\" alt=\"\" class=\"wp-image-5034\" srcset=\"https:\/\/voltages.de\/wp-content\/uploads\/2020\/10\/Businessplan-1-1024x1024.png 1024w, https:\/\/voltages.de\/wp-content\/uploads\/2020\/10\/Businessplan-1-300x300.png 300w, https:\/\/voltages.de\/wp-content\/uploads\/2020\/10\/Businessplan-1-150x150.png 150w, https:\/\/voltages.de\/wp-content\/uploads\/2020\/10\/Businessplan-1-768x768.png 768w, https:\/\/voltages.de\/wp-content\/uploads\/2020\/10\/Businessplan-1-1000x1000.png 1000w, https:\/\/voltages.de\/wp-content\/uploads\/2020\/10\/Businessplan-1-600x600.png 600w, https:\/\/voltages.de\/wp-content\/uploads\/2020\/10\/Businessplan-1-50x50.png 50w, https:\/\/voltages.de\/wp-content\/uploads\/2020\/10\/Businessplan-1-1536x1536.png 1536w, https:\/\/voltages.de\/wp-content\/uploads\/2020\/10\/Businessplan-1-2048x2048.png 2048w\" sizes=\"(max-width: 1024px) 100vw, 1024px\" \/><\/a><\/figure>\n\n\n\n<h5 class=\"wp-block-heading advgb-dyn-eac72dcc\">Businessplan<\/h5>\n<\/div>\n<\/div>\n<\/div>\n<\/div>\n\n\n\n<div class=\"wp-block-columns is-layout-flex wp-container-39 wp-block-columns-is-layout-flex\">\n<div class=\"wp-block-column is-layout-flow wp-block-column-is-layout-flow\">\n<div class=\"wp-block-columns is-layout-flex wp-container-33 wp-block-columns-is-layout-flex\">\n<div class=\"wp-block-column is-layout-flow wp-block-column-is-layout-flow\"><\/div>\n\n\n\n<div class=\"wp-block-column is-layout-flow wp-block-column-is-layout-flow\">\n<figure class=\"wp-block-image size-large\"><a href=\"https:\/\/www.octanes.de\/fahrwerk\/\"><img decoding=\"async\" loading=\"lazy\" width=\"300\" height=\"300\" src=\"http:\/\/www.octanes.de\/wp-content\/uploads\/2019\/09\/fw.png\" alt=\"\" class=\"wp-image-4401\" srcset=\"https:\/\/voltages.de\/wp-content\/uploads\/2019\/09\/fw.png 300w, https:\/\/voltages.de\/wp-content\/uploads\/2019\/09\/fw-150x150.png 150w, https:\/\/voltages.de\/wp-content\/uploads\/2019\/09\/fw-50x50.png 50w\" sizes=\"(max-width: 300px) 100vw, 300px\" \/><\/a><\/figure>\n\n\n\n<h5 class=\"wp-block-heading advgb-dyn-43ce8d90\">Suspension<\/h5>\n<\/div>\n<\/div>\n<\/div>\n\n\n\n<div class=\"wp-block-column is-layout-flow wp-block-column-is-layout-flow\">\n<div class=\"wp-block-columns is-layout-flex wp-container-37 wp-block-columns-is-layout-flex\">\n<div class=\"wp-block-column is-layout-flow wp-block-column-is-layout-flow\">\n<figure class=\"wp-block-image size-large\"><a href=\"https:\/\/www.octanes.de\/dv-software\/\"><img decoding=\"async\" loading=\"lazy\" width=\"300\" height=\"300\" src=\"http:\/\/www.octanes.de\/wp-content\/uploads\/2019\/09\/DVsoftware.png\" alt=\"\" class=\"wp-image-4406\" srcset=\"https:\/\/voltages.de\/wp-content\/uploads\/2019\/09\/DVsoftware.png 300w, https:\/\/voltages.de\/wp-content\/uploads\/2019\/09\/DVsoftware-150x150.png 150w, https:\/\/voltages.de\/wp-content\/uploads\/2019\/09\/DVsoftware-50x50.png 50w\" sizes=\"(max-width: 300px) 100vw, 300px\" \/><\/a><\/figure>\n\n\n\n<h5 class=\"wp-block-heading advgb-dyn-b223140c\">DV-Software<\/h5>\n<\/div>\n\n\n\n<div class=\"wp-block-column is-layout-flow wp-block-column-is-layout-flow\"><\/div>\n<\/div>\n<\/div>\n<\/div>","protected":false},"excerpt":{"rendered":"<p>Du m\u00f6chtest Teil des Teams werden? Oder schau dir unsere Stellenausschreibungen an! Die Schwarzmagie des Fahrzeugs. Die Aerodynamik sorgt f\u00fcr die richtige Balance zwischen Abtrieb und Luftwiderstand und ist mittlerweile ein essentieller Bestandteil bei vielen Formula Student Fahrzeugen; so auch bei uns. Cost Report Aerodynamik Orga+PR Chassis DV-Mechanik Elektronik Electric<\/p>","protected":false},"author":1,"featured_media":0,"parent":0,"menu_order":0,"comment_status":"closed","ping_status":"closed","template":"","meta":{"advgb_blocks_editor_width":"","advgb_blocks_columns_visual_guide":"","footnotes":""},"coauthors":[],"author_meta":{"author_link":"https:\/\/voltages.de\/en\/author\/admin_octane\/","display_name":"High-Octane Motorsports e.V."},"relative_dates":{"created":"Posted 7 years ago","modified":"Updated 7 months ago"},"absolute_dates":{"created":"Posted on 14. September 2019","modified":"Updated on 15. October 2025"},"absolute_dates_time":{"created":"Posted on 14. September 2019 13:24","modified":"Updated on 15. October 2025 14:16"},"featured_img_caption":"","featured_img":false,"series_order":"","_links":{"self":[{"href":"https:\/\/voltages.de\/en\/wp-json\/wp\/v2\/pages\/4356"}],"collection":[{"href":"https:\/\/voltages.de\/en\/wp-json\/wp\/v2\/pages"}],"about":[{"href":"https:\/\/voltages.de\/en\/wp-json\/wp\/v2\/types\/page"}],"author":[{"embeddable":true,"href":"https:\/\/voltages.de\/en\/wp-json\/wp\/v2\/users\/1"}],"replies":[{"embeddable":true,"href":"https:\/\/voltages.de\/en\/wp-json\/wp\/v2\/comments?post=4356"}],"version-history":[{"count":17,"href":"https:\/\/voltages.de\/en\/wp-json\/wp\/v2\/pages\/4356\/revisions"}],"predecessor-version":[{"id":6486,"href":"https:\/\/voltages.de\/en\/wp-json\/wp\/v2\/pages\/4356\/revisions\/6486"}],"wp:attachment":[{"href":"https:\/\/voltages.de\/en\/wp-json\/wp\/v2\/media?parent=4356"}],"curies":[{"name":"wp","href":"https:\/\/api.w.org\/{rel}","templated":true}]}}