{"id":4358,"date":"2019-09-14T13:29:35","date_gmt":"2019-09-14T11:29:35","guid":{"rendered":"http:\/\/www.octanes.de\/?page_id=4358"},"modified":"2025-10-15T14:21:10","modified_gmt":"2025-10-15T12:21:10","slug":"fahrwerk","status":"publish","type":"page","link":"https:\/\/voltages.de\/en\/fahrwerk\/","title":{"rendered":"Suspension"},"content":{"rendered":"<h4 class=\"wp-block-heading has-text-align-center advgb-dyn-e92e009f\">You want to be part of the Team?<\/h4>\n\n\n\n<div class=\"wp-block-button aligncenter advgb-dyn-320a9b31\"><a class=\"wp-block-button__link has-vivid-red-background-color has-background wp-element-button\" href=\"https:\/\/wkf.ms\/4mWxSft\">Then apply here!<\/a><\/div>\n\n\n\n<h4 class=\"wp-block-heading has-text-align-center advgb-dyn-51fbb01d\">Or look at our job descriptions!<\/h4>\n\n\n\n<div style=\"height:30px\" aria-hidden=\"true\" class=\"wp-block-spacer advgb-dyn-afe3be10\"><\/div>\n\n\n\n<p>The best motor is of no use if the power does not transfer to the wheels on the street. So the suspension team is trying to find the right compromise between comfortable vehicle dynamics and sufficient traction.<\/p>\n\n\n\n<div style=\"height:40px\" aria-hidden=\"true\" class=\"wp-block-spacer advgb-dyn-db4b1242\"><\/div>\n\n\n\n<h2 id=\"wp-block-themeisle-blocks-advanced-heading-cfe74453\" class=\"wp-block-themeisle-blocks-advanced-heading wp-block-themeisle-blocks-advanced-heading-cfe74453\"><strong>Open Tasks<\/strong><\/h2>\n\n\n\n<div class=\"wp-block-stevehenty-drop-shadow-box dropshadowboxes-container\" style=\"width:auto\"><div class=\"dropshadowboxes-drop-shadow dropshadowboxes-lifted-both dropshadowboxes-rounded-corners dropshadowboxes-inside-and-outside-shadow\" style=\"background-color:#FFFFFF;border-style:solid;border-width:2px;border-color:#dddddd;width:;padding:10px\"><div>\n<h4 id=\"wp-block-themeisle-blocks-advanced-heading-692e0abf\" class=\"wp-block-themeisle-blocks-advanced-heading wp-block-themeisle-blocks-advanced-heading-692e0abf\">Lenkung Ref.: 501<\/h4>\n\n\n\n<div class=\"wp-block-columns is-layout-flex wp-container-3 wp-block-columns-is-layout-flex\">\n<div class=\"wp-block-column is-layout-flow wp-block-column-is-layout-flow\">\n<p>Die Lenkung ist eine sehr vielseitige Baugruppe, bestehend aus Carbon-, Aluminium-, Kunststoff- und Stahlteilen. In unserem Auto funktioniert die Lenkung ohne jegliche Servo Unterst\u00fctzung und durch direkte mechanische \u00dcbertragung der Kr\u00e4fte. Eins der gr\u00f6\u00dften Ziele hier ist, das Spiel der Lenkung und das Gewicht der gesamten Baugruppe zu minimieren.<\/p>\n<\/div>\n\n\n\n<div class=\"wp-block-column is-layout-flow wp-block-column-is-layout-flow\">\n<figure class=\"wp-block-image size-large\"><img decoding=\"async\" loading=\"lazy\" width=\"1024\" height=\"663\" src=\"https:\/\/www.octanes.de\/wp-content\/uploads\/2019\/09\/Lenkung-1024x663.jpg\" alt=\"\" class=\"wp-image-4465\" srcset=\"https:\/\/voltages.de\/wp-content\/uploads\/2019\/09\/Lenkung-1024x663.jpg 1024w, https:\/\/voltages.de\/wp-content\/uploads\/2019\/09\/Lenkung-300x194.jpg 300w, https:\/\/voltages.de\/wp-content\/uploads\/2019\/09\/Lenkung-768x497.jpg 768w, https:\/\/voltages.de\/wp-content\/uploads\/2019\/09\/Lenkung.jpg 1094w\" sizes=\"(max-width: 1024px) 100vw, 1024px\" \/><\/figure>\n<\/div>\n<\/div>\n\n\n\n<p style=\"font-size:18px\">Your tasks:<\/p>\n\n\n\n<ul>\n<li> Konstruktion der Lenkung in Creo  <\/li>\n\n\n\n<li> Einbringung eigener Ideen  <\/li>\n\n\n\n<li> Arbeit mit Carbon, Aluminium 3D Druck usw. <\/li>\n\n\n\n<li> Fertigung von Bauteilen in unserer Werkstatt <\/li>\n\n\n\n<li> Erstellung von Fertigungszeichnungen f\u00fcr Fertiger <\/li>\n<\/ul>\n\n\n\n<p>Your profile<\/p>\n\n\n\n<ul>\n<li> teamwork <\/li>\n\n\n\n<li> reliability and sense of responsibility <\/li>\n\n\n\n<li> interpersonal contact <\/li>\n\n\n\n<li> motivation  <\/li>\n\n\n\n<li> Konstruktionserfahrung mit Creo w\u00fcnschenswert aber keine Voraussetzung  <\/li>\n<\/ul>\n<\/div><\/div><\/div>\n\n\n\n<div class=\"wp-block-stevehenty-drop-shadow-box dropshadowboxes-container\" style=\"width:auto\"><div class=\"dropshadowboxes-drop-shadow dropshadowboxes-lifted-both dropshadowboxes-rounded-corners dropshadowboxes-inside-and-outside-shadow\" style=\"background-color:#FFFFFF;border-style:solid;border-width:2px;border-color:#dddddd;width:;padding:10px\"><div>\n<h4 id=\"wp-block-themeisle-blocks-advanced-heading-a078601a\" class=\"wp-block-themeisle-blocks-advanced-heading wp-block-themeisle-blocks-advanced-heading-a078601a\">Radtr\u00e4ger Ref.: 502<\/h4>\n\n\n\n<div class=\"wp-block-columns is-layout-flex wp-container-6 wp-block-columns-is-layout-flex\">\n<div class=\"wp-block-column is-layout-flow wp-block-column-is-layout-flow\">\n<p>Der Radtr\u00e4ger stellt die Schnittstelle zwischen der Fahrbahn und dem Monocoque dar. Durch ihn werden Brems-, Lenk- und Sto\u00dfkr\u00e4fte \u00fcbertragen. Er beinhaltet nicht nur die Raddrehzahlsensoren und Radlagerung, sondern bietet auch Anbindungen f\u00fcr die Radaufh\u00e4ngung und dem Bremssattel.<\/p>\n<\/div>\n\n\n\n<div class=\"wp-block-column is-layout-flow wp-block-column-is-layout-flow\">\n<figure class=\"wp-block-image size-large is-resized advgb-dyn-12981d0f\"><img decoding=\"async\" loading=\"lazy\" width=\"960\" height=\"720\" src=\"https:\/\/www.octanes.de\/wp-content\/uploads\/2019\/09\/Radtraeger.jpg\" alt=\"\" class=\"wp-image-4457\" style=\"width:292px;height:218px\" srcset=\"https:\/\/voltages.de\/wp-content\/uploads\/2019\/09\/Radtraeger.jpg 960w, https:\/\/voltages.de\/wp-content\/uploads\/2019\/09\/Radtraeger-300x225.jpg 300w, https:\/\/voltages.de\/wp-content\/uploads\/2019\/09\/Radtraeger-768x576.jpg 768w\" sizes=\"(max-width: 960px) 100vw, 960px\" \/><\/figure>\n<\/div>\n<\/div>\n\n\n\n<p style=\"font-size:18px\">Your tasks:<\/p>\n\n\n\n<ul>\n<li> Konstruktion des Bauteils in Creo Parametric <\/li>\n\n\n\n<li> Einarbeitung in die FE-Analyse Software von Altair HyperWorks  <\/li>\n\n\n\n<li> Aneignung und Umsetzung von Grundlagen des angewendeten Fertigungsverfahrens <\/li>\n\n\n\n<li> Betreuung des fertigen Bauteils \u00fcber die gesamte Saison <\/li>\n<\/ul>\n\n\n\n<p>Your profile<\/p>\n\n\n\n<ul>\n<li>teamwork <\/li>\n\n\n\n<li>reliability and sense of responsibility <\/li>\n\n\n\n<li>interpersonal contact <\/li>\n\n\n\n<li>motivation  <\/li>\n\n\n\n<li>experience with Creo <\/li>\n\n\n\n<li>Technisches Verst\u00e4ndnis<\/li>\n<\/ul>\n<\/div><\/div><\/div>\n\n\n\n<div class=\"wp-block-stevehenty-drop-shadow-box dropshadowboxes-container\" style=\"width:auto\"><div class=\"dropshadowboxes-drop-shadow dropshadowboxes-lifted-both dropshadowboxes-rounded-corners dropshadowboxes-inside-and-outside-shadow\" style=\"background-color:#FFFFFF;border-style:solid;border-width:2px;border-color:#dddddd;width:;padding:10px\"><div>\n<h4 id=\"wp-block-themeisle-blocks-advanced-heading-582622ac\" class=\"wp-block-themeisle-blocks-advanced-heading wp-block-themeisle-blocks-advanced-heading-582622ac\">Reifen und Felgen Ref.: 503<\/h4>\n\n\n\n<div class=\"wp-block-columns is-layout-flex wp-container-9 wp-block-columns-is-layout-flex\">\n<div class=\"wp-block-column is-layout-flow wp-block-column-is-layout-flow\">\n<p>Unsere\nFelgen sind zweiteilig. Das Felgenbett besteht aus Carbon und wird\nvon uns selbst laminiert. Der Felgenstern wird aus Aliminium\ngeschmiedet.<\/p>\n<\/div>\n\n\n\n<div class=\"wp-block-column is-layout-flow wp-block-column-is-layout-flow\">\n<figure class=\"wp-block-image size-large is-resized advgb-dyn-bee36fa3\"><img decoding=\"async\" loading=\"lazy\" width=\"1024\" height=\"662\" src=\"https:\/\/www.octanes.de\/wp-content\/uploads\/2019\/09\/Felgen-1024x662.jpg\" alt=\"\" class=\"wp-image-4462\" style=\"width:279px;height:180px\" srcset=\"https:\/\/voltages.de\/wp-content\/uploads\/2019\/09\/Felgen-1024x662.jpg 1024w, https:\/\/voltages.de\/wp-content\/uploads\/2019\/09\/Felgen-300x194.jpg 300w, https:\/\/voltages.de\/wp-content\/uploads\/2019\/09\/Felgen-768x497.jpg 768w, https:\/\/voltages.de\/wp-content\/uploads\/2019\/09\/Felgen.jpg 1385w\" sizes=\"(max-width: 1024px) 100vw, 1024px\" \/><\/figure>\n<\/div>\n<\/div>\n\n\n\n<p style=\"font-size:18px\">Your tasks:<\/p>\n\n\n\n<ul>\n<li> Carbon-Laminatabwicklung mit Creo <\/li>\n\n\n\n<li> Arbeit mit Draftsight <\/li>\n\n\n\n<li> Verantwortung \u00fcber die Fertigung der Felgen in unserer Werkstatt <\/li>\n\n\n\n<li>Betreuung der Reifen \u00fcber die Saison<\/li>\n\n\n\n<li>Kontakt zum Sponsor des Felgensterns<\/li>\n<\/ul>\n\n\n\n<p>Your profile<\/p>\n\n\n\n<ul>\n<li> teamwork <\/li>\n\n\n\n<li> reliability and sense of responsibility <\/li>\n\n\n\n<li> interpersonal contact <\/li>\n\n\n\n<li> motivation   <\/li>\n\n\n\n<li>Praktische Veranlagung<\/li>\n<\/ul>\n\n\n\n<p><\/p>\n<\/div><\/div><\/div>\n\n\n\n<div class=\"wp-block-stevehenty-drop-shadow-box dropshadowboxes-container\" style=\"width:auto\"><div class=\"dropshadowboxes-drop-shadow dropshadowboxes-lifted-both dropshadowboxes-rounded-corners dropshadowboxes-inside-and-outside-shadow\" style=\"background-color:#FFFFFF;border-style:solid;border-width:2px;border-color:#dddddd;width:;padding:10px\"><div>\n<h4 id=\"wp-block-themeisle-blocks-advanced-heading-51274418\" class=\"wp-block-themeisle-blocks-advanced-heading wp-block-themeisle-blocks-advanced-heading-51274418\">Querlenker, Spurstange und Fahrwerkskonsolen Ref.: 504<\/h4>\n\n\n\n<div class=\"wp-block-columns is-layout-flex wp-container-12 wp-block-columns-is-layout-flex\">\n<div class=\"wp-block-column is-layout-flow wp-block-column-is-layout-flow\">\n<p>Dank\nder Einzelradaufh\u00e4ngung hat jedes Rad einen unteren und oberen\nQuerlenker, bestehend aus jeweils zwei Carbonrohren. Diese verbinden\ndas Carbon Monocoque mit den Radtr\u00e4gern und damit den R\u00e4dern und\nm\u00fcssen hohen Belastungen standhalten.<\/p>\n<\/div>\n\n\n\n<div class=\"wp-block-column is-layout-flow wp-block-column-is-layout-flow\">\n<figure class=\"wp-block-image size-large is-resized advgb-dyn-00cc5497\"><img decoding=\"async\" loading=\"lazy\" width=\"756\" height=\"581\" src=\"https:\/\/www.octanes.de\/wp-content\/uploads\/2019\/09\/Querlenker.png\" alt=\"\" class=\"wp-image-4467\" style=\"width:353px;height:271px\" srcset=\"https:\/\/voltages.de\/wp-content\/uploads\/2019\/09\/Querlenker.png 756w, https:\/\/voltages.de\/wp-content\/uploads\/2019\/09\/Querlenker-300x231.png 300w\" sizes=\"(max-width: 756px) 100vw, 756px\" \/><\/figure>\n<\/div>\n<\/div>\n\n\n\n<p style=\"font-size:18px\">Your tasks:<\/p>\n\n\n\n<ul>\n<li>Konstruktion der Querlenker anhand von Kinematik Vorgaben <\/li>\n\n\n\n<li>Konstruktion und Zeichnungserstellung f\u00fcr die Konsolen<\/li>\n\n\n\n<li>Sehr genaue Fertigung der Carbon Aufh\u00e4ngung  <\/li>\n<\/ul>\n\n\n\n<p>Your profile<\/p>\n\n\n\n<ul>\n<li> teamwork <\/li>\n\n\n\n<li> reliability and sense of responsibility <\/li>\n\n\n\n<li> interpersonal contact <\/li>\n\n\n\n<li> motivation   <\/li>\n<\/ul>\n<\/div><\/div><\/div>\n\n\n\n<hr class=\"wp-block-separator has-css-opacity advgb-dyn-c3f4f0ad\"\/>\n\n\n\n<div class=\"wp-block-button aligncenter advgb-dyn-320a9b31\"><a class=\"wp-block-button__link has-vivid-red-background-color has-background wp-element-button\" href=\"https:\/\/wkf.ms\/4mWxSft\">Then apply here!<\/a><\/div>\n\n\n\n<div class=\"wp-block-columns is-layout-flex wp-container-21 wp-block-columns-is-layout-flex\">\n<div class=\"wp-block-column is-layout-flow wp-block-column-is-layout-flow\">\n<div class=\"wp-block-columns is-layout-flex wp-container-15 wp-block-columns-is-layout-flex\">\n<div class=\"wp-block-column is-layout-flow wp-block-column-is-layout-flow\">\n<figure class=\"wp-block-image size-large\"><a href=\"\/en\/chassis\/\"><img decoding=\"async\" loading=\"lazy\" width=\"1024\" height=\"1024\" src=\"http:\/\/www.octanes.de\/wp-content\/uploads\/2019\/09\/chassis-1024x1024.png\" alt=\"\" class=\"wp-image-4397\" srcset=\"https:\/\/voltages.de\/wp-content\/uploads\/2019\/09\/chassis-1024x1024.png 1024w, https:\/\/voltages.de\/wp-content\/uploads\/2019\/09\/chassis-150x150.png 150w, https:\/\/voltages.de\/wp-content\/uploads\/2019\/09\/chassis-300x300.png 300w, https:\/\/voltages.de\/wp-content\/uploads\/2019\/09\/chassis-768x768.png 768w, https:\/\/voltages.de\/wp-content\/uploads\/2019\/09\/chassis-1000x1000.png 1000w, https:\/\/voltages.de\/wp-content\/uploads\/2019\/09\/chassis-600x600.png 600w, https:\/\/voltages.de\/wp-content\/uploads\/2019\/09\/chassis-50x50.png 50w, https:\/\/voltages.de\/wp-content\/uploads\/2019\/09\/chassis.png 1920w\" sizes=\"(max-width: 1024px) 100vw, 1024px\" \/><\/a><\/figure>\n\n\n\n<h5 id=\"wp-block-themeisle-blocks-advanced-heading-cd009528\" class=\"wp-block-themeisle-blocks-advanced-heading wp-block-themeisle-blocks-advanced-heading-cd009528\">Body and Frame<\/h5>\n<\/div>\n\n\n\n<div class=\"wp-block-column is-layout-flow wp-block-column-is-layout-flow\">\n<figure class=\"wp-block-image size-large\"><a href=\"\/en\/medien-und-organisation\/\"><img decoding=\"async\" loading=\"lazy\" width=\"300\" height=\"300\" src=\"http:\/\/www.octanes.de\/wp-content\/uploads\/2019\/09\/orga-1.png\" alt=\"\" class=\"wp-image-4399\" srcset=\"https:\/\/voltages.de\/wp-content\/uploads\/2019\/09\/orga-1.png 300w, https:\/\/voltages.de\/wp-content\/uploads\/2019\/09\/orga-1-150x150.png 150w, https:\/\/voltages.de\/wp-content\/uploads\/2019\/09\/orga-1-50x50.png 50w\" sizes=\"(max-width: 300px) 100vw, 300px\" \/><\/a><\/figure>\n\n\n\n<h5 id=\"wp-block-themeisle-blocks-advanced-heading-33486b9a\" class=\"wp-block-themeisle-blocks-advanced-heading wp-block-themeisle-blocks-advanced-heading-33486b9a\">Social Media and Organisation<\/h5>\n<\/div>\n<\/div>\n<\/div>\n\n\n\n<div class=\"wp-block-column is-layout-flow wp-block-column-is-layout-flow\">\n<div class=\"wp-block-columns is-layout-flex wp-container-19 wp-block-columns-is-layout-flex\">\n<div class=\"wp-block-column is-layout-flow wp-block-column-is-layout-flow\">\n<figure class=\"wp-block-image size-large\"><a href=\"\/en\/aerodynamik\/\"><img decoding=\"async\" loading=\"lazy\" width=\"300\" height=\"300\" src=\"http:\/\/www.octanes.de\/wp-content\/uploads\/2019\/09\/Untitled.png\" alt=\"\" class=\"wp-image-4400\" srcset=\"https:\/\/voltages.de\/wp-content\/uploads\/2019\/09\/Untitled.png 300w, https:\/\/voltages.de\/wp-content\/uploads\/2019\/09\/Untitled-150x150.png 150w, https:\/\/voltages.de\/wp-content\/uploads\/2019\/09\/Untitled-50x50.png 50w\" sizes=\"(max-width: 300px) 100vw, 300px\" \/><\/a><\/figure>\n\n\n\n<h5 id=\"wp-block-themeisle-blocks-advanced-heading-3f8164d3\" class=\"wp-block-themeisle-blocks-advanced-heading wp-block-themeisle-blocks-advanced-heading-3f8164d3\">Aerodynamics<\/h5>\n<\/div>\n\n\n\n<div class=\"wp-block-column is-layout-flow wp-block-column-is-layout-flow\">\n<figure class=\"wp-block-image size-large\"><a href=\"\/en\/fahrwerk\/\"><img decoding=\"async\" loading=\"lazy\" width=\"300\" height=\"300\" src=\"http:\/\/www.octanes.de\/wp-content\/uploads\/2019\/09\/fw.png\" alt=\"\" class=\"wp-image-4401\" srcset=\"https:\/\/voltages.de\/wp-content\/uploads\/2019\/09\/fw.png 300w, https:\/\/voltages.de\/wp-content\/uploads\/2019\/09\/fw-150x150.png 150w, https:\/\/voltages.de\/wp-content\/uploads\/2019\/09\/fw-50x50.png 50w\" sizes=\"(max-width: 300px) 100vw, 300px\" \/><\/a><\/figure>\n\n\n\n<h5 id=\"wp-block-themeisle-blocks-advanced-heading-29348f66\" class=\"wp-block-themeisle-blocks-advanced-heading wp-block-themeisle-blocks-advanced-heading-29348f66\">Suspension<\/h5>\n<\/div>\n<\/div>\n<\/div>\n<\/div>\n\n\n\n<div class=\"wp-block-columns is-layout-flex wp-container-30 wp-block-columns-is-layout-flex\">\n<div class=\"wp-block-column is-layout-flow wp-block-column-is-layout-flow\">\n<div class=\"wp-block-columns is-layout-flex wp-container-24 wp-block-columns-is-layout-flex\">\n<div class=\"wp-block-column is-layout-flow wp-block-column-is-layout-flow\">\n<figure class=\"wp-block-image size-large\"><a href=\"\/en\/dv-mechanik\/\"><img decoding=\"async\" loading=\"lazy\" width=\"300\" height=\"300\" src=\"http:\/\/www.octanes.de\/wp-content\/uploads\/2019\/09\/dvMechanik.png\" alt=\"\" class=\"wp-image-4402\" srcset=\"https:\/\/voltages.de\/wp-content\/uploads\/2019\/09\/dvMechanik.png 300w, https:\/\/voltages.de\/wp-content\/uploads\/2019\/09\/dvMechanik-150x150.png 150w, https:\/\/voltages.de\/wp-content\/uploads\/2019\/09\/dvMechanik-50x50.png 50w\" sizes=\"(max-width: 300px) 100vw, 300px\" \/><\/a><\/figure>\n\n\n\n<h5 id=\"wp-block-themeisle-blocks-advanced-heading-057c4490\" class=\"wp-block-themeisle-blocks-advanced-heading wp-block-themeisle-blocks-advanced-heading-057c4490\">DV-Mechanik<\/h5>\n<\/div>\n\n\n\n<div class=\"wp-block-column is-layout-flow wp-block-column-is-layout-flow\">\n<figure class=\"wp-block-image size-large\"><a href=\"\/en\/elektronik\/\"><img decoding=\"async\" loading=\"lazy\" width=\"300\" height=\"300\" src=\"http:\/\/www.octanes.de\/wp-content\/uploads\/2019\/09\/elektronik.png\" alt=\"\" class=\"wp-image-4403\" srcset=\"https:\/\/voltages.de\/wp-content\/uploads\/2019\/09\/elektronik.png 300w, https:\/\/voltages.de\/wp-content\/uploads\/2019\/09\/elektronik-150x150.png 150w, https:\/\/voltages.de\/wp-content\/uploads\/2019\/09\/elektronik-50x50.png 50w\" sizes=\"(max-width: 300px) 100vw, 300px\" \/><\/a><\/figure>\n\n\n\n<h5 id=\"wp-block-themeisle-blocks-advanced-heading-8465057f\" class=\"wp-block-themeisle-blocks-advanced-heading wp-block-themeisle-blocks-advanced-heading-8465057f\">Electronics<\/h5>\n<\/div>\n<\/div>\n<\/div>\n\n\n\n<div class=\"wp-block-column is-layout-flow wp-block-column-is-layout-flow\">\n<div class=\"wp-block-columns is-layout-flex wp-container-28 wp-block-columns-is-layout-flex\">\n<div class=\"wp-block-column is-layout-flow wp-block-column-is-layout-flow\">\n<figure class=\"wp-block-image size-large\"><a href=\"\/en\/electric-powertrain\/\"><img decoding=\"async\" loading=\"lazy\" width=\"813\" height=\"845\" src=\"http:\/\/www.octanes.de\/wp-content\/uploads\/2020\/04\/EV_Drivertrain.jpg\" alt=\"\" class=\"wp-image-4824\" srcset=\"https:\/\/voltages.de\/wp-content\/uploads\/2020\/04\/EV_Drivertrain.jpg 813w, https:\/\/voltages.de\/wp-content\/uploads\/2020\/04\/EV_Drivertrain-289x300.jpg 289w, https:\/\/voltages.de\/wp-content\/uploads\/2020\/04\/EV_Drivertrain-768x798.jpg 768w\" sizes=\"(max-width: 813px) 100vw, 813px\" \/><\/a><\/figure>\n\n\n\n<h5 id=\"wp-block-themeisle-blocks-advanced-heading-a7b6632a\" class=\"wp-block-themeisle-blocks-advanced-heading wp-block-themeisle-blocks-advanced-heading-a7b6632a\">Electric Powertrain<\/h5>\n<\/div>\n\n\n\n<div class=\"wp-block-column is-layout-flow wp-block-column-is-layout-flow\">\n<figure class=\"wp-block-image size-large\"><a href=\"\/en\/dv-software\/\"><img decoding=\"async\" loading=\"lazy\" width=\"300\" height=\"300\" src=\"http:\/\/www.octanes.de\/wp-content\/uploads\/2019\/09\/Software.jpg\" alt=\"\" class=\"wp-image-4440\" srcset=\"https:\/\/voltages.de\/wp-content\/uploads\/2019\/09\/Software.jpg 300w, https:\/\/voltages.de\/wp-content\/uploads\/2019\/09\/Software-150x150.jpg 150w, https:\/\/voltages.de\/wp-content\/uploads\/2019\/09\/Software-50x50.jpg 50w\" sizes=\"(max-width: 300px) 100vw, 300px\" \/><\/a><\/figure>\n\n\n\n<h5 id=\"wp-block-themeisle-blocks-advanced-heading-73b83676\" class=\"wp-block-themeisle-blocks-advanced-heading wp-block-themeisle-blocks-advanced-heading-73b83676\">DV-Software<\/h5>\n<\/div>\n<\/div>\n<\/div>\n<\/div>","protected":false},"excerpt":{"rendered":"<p>Du m\u00f6chtest Teil des Teams werden? Oder schau dir unsere Stellenausschreibungen an! Der st\u00e4rkste Motor bringt nichts, wenn dessen Kraft nicht auf der Stra\u00dfe landet. Deshalb besch\u00e4ftigt sich das Fahrwerkteam mit der Aufgabe einen guten Kompromiss zwischen komfortabler Fahrdynamik und ausreichender Traktion zu erzielen.<\/p>","protected":false},"author":4,"featured_media":0,"parent":0,"menu_order":0,"comment_status":"closed","ping_status":"closed","template":"","meta":{"advgb_blocks_editor_width":"","advgb_blocks_columns_visual_guide":"","footnotes":""},"coauthors":[],"author_meta":{"author_link":"https:\/\/voltages.de\/en\/author\/meike\/","display_name":"meike"},"relative_dates":{"created":"Posted 7 years ago","modified":"Updated 6 months ago"},"absolute_dates":{"created":"Posted on 14. September 2019","modified":"Updated on 15. October 2025"},"absolute_dates_time":{"created":"Posted on 14. September 2019 13:29","modified":"Updated on 15. October 2025 14:21"},"featured_img_caption":"","featured_img":false,"series_order":"","_links":{"self":[{"href":"https:\/\/voltages.de\/en\/wp-json\/wp\/v2\/pages\/4358"}],"collection":[{"href":"https:\/\/voltages.de\/en\/wp-json\/wp\/v2\/pages"}],"about":[{"href":"https:\/\/voltages.de\/en\/wp-json\/wp\/v2\/types\/page"}],"author":[{"embeddable":true,"href":"https:\/\/voltages.de\/en\/wp-json\/wp\/v2\/users\/4"}],"replies":[{"embeddable":true,"href":"https:\/\/voltages.de\/en\/wp-json\/wp\/v2\/comments?post=4358"}],"version-history":[{"count":18,"href":"https:\/\/voltages.de\/en\/wp-json\/wp\/v2\/pages\/4358\/revisions"}],"predecessor-version":[{"id":6493,"href":"https:\/\/voltages.de\/en\/wp-json\/wp\/v2\/pages\/4358\/revisions\/6493"}],"wp:attachment":[{"href":"https:\/\/voltages.de\/en\/wp-json\/wp\/v2\/media?parent=4358"}],"curies":[{"name":"wp","href":"https:\/\/api.w.org\/{rel}","templated":true}]}}