{"id":4808,"date":"2020-04-22T19:10:12","date_gmt":"2020-04-22T17:10:12","guid":{"rendered":"http:\/\/www.octanes.de\/?page_id=4808"},"modified":"2025-10-15T14:20:11","modified_gmt":"2025-10-15T12:20:11","slug":"electric-powertrain","status":"publish","type":"page","link":"https:\/\/voltages.de\/en\/electric-powertrain\/","title":{"rendered":"Electric Powertrain"},"content":{"rendered":"<h4 class=\"wp-block-heading has-text-align-center advgb-dyn-e92e009f\">You want to be part of the Team?<\/h4>\n\n\n\n<div class=\"wp-block-button aligncenter advgb-dyn-320a9b31\"><a class=\"wp-block-button__link has-vivid-red-background-color has-background wp-element-button\" href=\"https:\/\/wkf.ms\/4mWxSft\">Then apply here!<\/a><\/div>\n\n\n\n<h4 class=\"wp-block-heading has-text-align-center advgb-dyn-51fbb01d\">Or look at our job descriptions!<\/h4>\n\n\n\n<p>Dieses Teilteam besch\u00e4ftigt sich mit dem Antriebsstrang unseres elektrischen Rennwagens. Neben den Motoren und Getrieben geh\u00f6ren auch die Wechselrichter und die mechanischen Aspekte des Akkus zu den Aufgaben des Teams Electric Powertrain.<\/p>\n\n\n\n<div style=\"height:30px\" aria-hidden=\"true\" class=\"wp-block-spacer advgb-dyn-afe3be10\"><\/div>\n\n\n\n<h2 id=\"wp-block-themeisle-blocks-advanced-heading-e981b2a3\" class=\"wp-block-themeisle-blocks-advanced-heading wp-block-themeisle-blocks-advanced-heading-e981b2a3\"><strong>Open Tasks<\/strong><\/h2>\n\n\n\n<div class=\"wp-block-stevehenty-drop-shadow-box dropshadowboxes-container\" style=\"width: auto;\">\r\n<div class=\"dropshadowboxes-drop-shadow dropshadowboxes-lifted-both dropshadowboxes-rounded-corners dropshadowboxes-inside-and-outside-shadow\" style=\"background-color: #ffffff; ;padding: 10px; border: 2px solid #dddddd;\">\r\n<div>\n\n<h4 id=\"wp-block-themeisle-blocks-advanced-heading-de1b535e\" class=\"wp-block-themeisle-blocks-advanced-heading wp-block-themeisle-blocks-advanced-heading-de1b535e\">Powertrain Ref.: 412<\/h4>\n\n\r\n\r\n\n\r\n\r\n\n<p style=\"font-size: 18px;\">Your tasks:<\/p>\n\n\r\n\r\n\n<ul>\r\n<li>Konstruktion und Simulation einzelner Bauteile des elektrischen Antriebsstrangs<\/li>\r\n<li>Fertigung<\/li>\r\n<\/ul>\n\n\r\n\r\n\n<p>Your profile<\/p>\n\n\r\n\r\n\n<ul>\r\n<li>teamwork<\/li>\r\n<li>reliability and sense of responsibility<\/li>\r\n<li>motivation<\/li>\r\n<li>Du hast Interesse im Bereich Elektronik &amp; Mechanik<\/li>\r\n<\/ul>\n\n<\/div>\r\n<\/div>\r\n<\/div>\n\n\n\n<div class=\"wp-block-stevehenty-drop-shadow-box dropshadowboxes-container\" style=\"width: auto;\">\r\n<div class=\"dropshadowboxes-drop-shadow dropshadowboxes-lifted-both dropshadowboxes-rounded-corners dropshadowboxes-inside-and-outside-shadow\" style=\"background-color: #ffffff; ;padding: 10px; border: 2px solid #dddddd;\">\r\n<div>\n\n<h4 id=\"wp-block-themeisle-blocks-advanced-heading-c2ef8d70\" class=\"wp-block-themeisle-blocks-advanced-heading wp-block-themeisle-blocks-advanced-heading-c2ef8d70\">K\u00fchlsystem Ref.: 413<\/h4>\n\n\r\n\r\n\n<div class=\"wp-block-columns is-layout-flex wp-container-4 wp-block-columns-is-layout-flex\">\n\n<div class=\"wp-block-column is-layout-flow wp-block-column-is-layout-flow\">\n\n<p>Die Leistungselektronik und der Powertrain bed\u00fcrfen einer aktiven K\u00fchlung in Form einer Wasserk\u00fchlung. Diese muss simulativ ausgelegt werden und anschlie\u00dfend auch mechanisch ins Fahrzeug integriert werden.<\/p>\n\n<\/div>\n\n\r\n\r\n\n<div class=\"wp-block-column is-layout-flow wp-block-column-is-layout-flow\">\n\n<figure class=\"wp-block-image size-large\"><img decoding=\"async\" loading=\"lazy\" width=\"1024\" height=\"582\" src=\"https:\/\/www.octanes.de\/wp-content\/uploads\/2020\/04\/K\u00fchlsystem-1024x582.jpg\" alt=\"\" class=\"wp-image-4793\" srcset=\"https:\/\/voltages.de\/wp-content\/uploads\/2020\/04\/K\u00fchlsystem-1024x582.jpg 1024w, https:\/\/voltages.de\/wp-content\/uploads\/2020\/04\/K\u00fchlsystem-300x171.jpg 300w, https:\/\/voltages.de\/wp-content\/uploads\/2020\/04\/K\u00fchlsystem-768x437.jpg 768w\" sizes=\"(max-width: 1024px) 100vw, 1024px\" \/><\/figure>\n\n<\/div>\n\n<\/div>\n\n\r\n\r\n\n<p style=\"font-size: 18px;\">Your tasks:<\/p>\n\n\r\n\r\n\n<ul>\r\n<li>Konstruktion und Berechnung des K\u00fchlsystems f\u00fcr Motoren und Inverter<\/li>\r\n<li>Fertigung<\/li>\r\n<\/ul>\n\n\r\n\r\n\n<p>Your profile<\/p>\n\n\r\n\r\n\n<ul>\r\n<li>teamwork<\/li>\r\n<li>reliability and sense of responsibility<\/li>\r\n<li>interpersonal contact<\/li>\r\n<li>motivation<\/li>\r\n<li>Du hast Interesse im Bereich Elektronik<\/li>\r\n<\/ul>\n\n<\/div>\r\n<\/div>\r\n<\/div>\n\n\n\n<div class=\"wp-block-stevehenty-drop-shadow-box dropshadowboxes-container\" style=\"width: auto;\">\r\n<div class=\"dropshadowboxes-drop-shadow dropshadowboxes-lifted-both dropshadowboxes-rounded-corners dropshadowboxes-inside-and-outside-shadow\" style=\"background-color: #ffffff; ;padding: 10px; border: 2px solid #dddddd;\">\r\n<div>\n\n<h4 id=\"wp-block-themeisle-blocks-advanced-heading-674c2f97\" class=\"wp-block-themeisle-blocks-advanced-heading wp-block-themeisle-blocks-advanced-heading-674c2f97\">Torque Vectoring Ref.: 414<\/h4>\n\n\r\n\r\n\n<div class=\"wp-block-columns is-layout-flex wp-container-6 wp-block-columns-is-layout-flex\">\n\n<div class=\"wp-block-column is-layout-flow wp-block-column-is-layout-flow\">\n\n<p>W\u00e4hrend in der Verbrenner-Klasse ein mechanisches Differential unabdingbar war, kann dieses bei Elektromotoren durch Software ersetzt werden. Daf\u00fcr ist torque-vectoring n\u00f6tig, so kann das Fahrverhalten eines elektrischen Fahrzeugs mit mehreren Motoren besonders in Kurvenfahrten verbessert werden.<\/p>\n\n<\/div>\n\n<\/div>\n\n\r\n\r\n\n<p style=\"font-size: 18px;\">Your tasks:<\/p>\n\n\r\n\r\n\n<ul>\r\n<li>Designen und Testen eines Torque-Vectoring Systems<\/li>\r\n<\/ul>\n\n\r\n\r\n\n<p>Your profile<\/p>\n\n\r\n\r\n\n<ul>\r\n<li>teamwork<\/li>\r\n<li>reliability and sense of responsibility<\/li>\r\n<li>motivation<\/li>\r\n<li>Du hast Interesse im Bereich Elektronik<\/li>\r\n<li>Kenntnisse in Matlab<\/li>\r\n<\/ul>\n\n<\/div>\r\n<\/div>\r\n<\/div>\n\n\n\n<hr class=\"wp-block-separator has-css-opacity advgb-dyn-c3f4f0ad\"\/>\n\n\n\n<div class=\"wp-block-button aligncenter advgb-dyn-320a9b31\"><a class=\"wp-block-button__link has-vivid-red-background-color has-background wp-element-button\" href=\"https:\/\/wkf.ms\/4mWxSft\">Then apply here!<\/a><\/div>\n\n\n\n<div class=\"wp-block-columns is-layout-flex wp-container-15 wp-block-columns-is-layout-flex\">\n<div class=\"wp-block-column is-layout-flow wp-block-column-is-layout-flow\">\n<div class=\"wp-block-columns is-layout-flex wp-container-9 wp-block-columns-is-layout-flex\">\n<div class=\"wp-block-column is-layout-flow wp-block-column-is-layout-flow\">\n<figure class=\"wp-block-image size-large is-style-default\"><a href=\"https:\/\/www.octanes.de\/cost-report\/\"><img decoding=\"async\" loading=\"lazy\" width=\"1024\" height=\"1024\" src=\"https:\/\/www.octanes.de\/wp-content\/uploads\/2020\/10\/Cost_Report-1024x1024.png\" alt=\"\" class=\"wp-image-5032\" srcset=\"https:\/\/voltages.de\/wp-content\/uploads\/2020\/10\/Cost_Report-1024x1024.png 1024w, https:\/\/voltages.de\/wp-content\/uploads\/2020\/10\/Cost_Report-300x300.png 300w, https:\/\/voltages.de\/wp-content\/uploads\/2020\/10\/Cost_Report-150x150.png 150w, https:\/\/voltages.de\/wp-content\/uploads\/2020\/10\/Cost_Report-768x768.png 768w, https:\/\/voltages.de\/wp-content\/uploads\/2020\/10\/Cost_Report-1000x1000.png 1000w, https:\/\/voltages.de\/wp-content\/uploads\/2020\/10\/Cost_Report-600x600.png 600w, https:\/\/voltages.de\/wp-content\/uploads\/2020\/10\/Cost_Report-50x50.png 50w, https:\/\/voltages.de\/wp-content\/uploads\/2020\/10\/Cost_Report-1536x1536.png 1536w, https:\/\/voltages.de\/wp-content\/uploads\/2020\/10\/Cost_Report-2048x2048.png 2048w\" sizes=\"(max-width: 1024px) 100vw, 1024px\" \/><\/a><\/figure>\n\n\n\n<h5 class=\"wp-block-heading advgb-dyn-efd2f6d8\">Cost Report<\/h5>\n<\/div>\n\n\n\n<div class=\"wp-block-column is-layout-flow wp-block-column-is-layout-flow\">\n<figure class=\"wp-block-image size-large\"><a href=\"https:\/\/www.octanes.de\/aerodynamik\/\"><img decoding=\"async\" loading=\"lazy\" width=\"300\" height=\"300\" src=\"http:\/\/www.octanes.de\/wp-content\/uploads\/2019\/09\/Untitled.png\" alt=\"\" class=\"wp-image-4400\" srcset=\"https:\/\/voltages.de\/wp-content\/uploads\/2019\/09\/Untitled.png 300w, https:\/\/voltages.de\/wp-content\/uploads\/2019\/09\/Untitled-150x150.png 150w, https:\/\/voltages.de\/wp-content\/uploads\/2019\/09\/Untitled-50x50.png 50w\" sizes=\"(max-width: 300px) 100vw, 300px\" \/><\/a><\/figure>\n\n\n\n<h5 class=\"wp-block-heading advgb-dyn-e40d37bc\">Aerodynamics<\/h5>\n<\/div>\n<\/div>\n<\/div>\n\n\n\n<div class=\"wp-block-column is-layout-flow wp-block-column-is-layout-flow\">\n<div class=\"wp-block-columns is-layout-flex wp-container-13 wp-block-columns-is-layout-flex\">\n<div class=\"wp-block-column is-layout-flow wp-block-column-is-layout-flow\">\n<figure class=\"wp-block-image size-large\"><a href=\"https:\/\/www.octanes.de\/medien-und-organisation\/\"><img decoding=\"async\" loading=\"lazy\" width=\"300\" height=\"300\" src=\"http:\/\/www.octanes.de\/wp-content\/uploads\/2019\/09\/orga-1.png\" alt=\"\" class=\"wp-image-4399\" srcset=\"https:\/\/voltages.de\/wp-content\/uploads\/2019\/09\/orga-1.png 300w, https:\/\/voltages.de\/wp-content\/uploads\/2019\/09\/orga-1-150x150.png 150w, https:\/\/voltages.de\/wp-content\/uploads\/2019\/09\/orga-1-50x50.png 50w\" sizes=\"(max-width: 300px) 100vw, 300px\" \/><\/a><\/figure>\n\n\n\n<h5 class=\"wp-block-heading advgb-dyn-267c14a0\">Orga+PR<\/h5>\n<\/div>\n\n\n\n<div class=\"wp-block-column is-layout-flow wp-block-column-is-layout-flow\">\n<figure class=\"wp-block-image size-large\"><a href=\"https:\/\/www.octanes.de\/chassis\/\"><img decoding=\"async\" loading=\"lazy\" width=\"1024\" height=\"1024\" src=\"http:\/\/www.octanes.de\/wp-content\/uploads\/2019\/09\/chassis-1-1024x1024.png\" alt=\"\" class=\"wp-image-4398\" srcset=\"https:\/\/voltages.de\/wp-content\/uploads\/2019\/09\/chassis-1-1024x1024.png 1024w, https:\/\/voltages.de\/wp-content\/uploads\/2019\/09\/chassis-1-150x150.png 150w, https:\/\/voltages.de\/wp-content\/uploads\/2019\/09\/chassis-1-300x300.png 300w, https:\/\/voltages.de\/wp-content\/uploads\/2019\/09\/chassis-1-768x768.png 768w, https:\/\/voltages.de\/wp-content\/uploads\/2019\/09\/chassis-1-1000x1000.png 1000w, https:\/\/voltages.de\/wp-content\/uploads\/2019\/09\/chassis-1-600x600.png 600w, https:\/\/voltages.de\/wp-content\/uploads\/2019\/09\/chassis-1-50x50.png 50w, https:\/\/voltages.de\/wp-content\/uploads\/2019\/09\/chassis-1.png 1920w\" sizes=\"(max-width: 1024px) 100vw, 1024px\" \/><\/a><\/figure>\n\n\n\n<h5 class=\"wp-block-heading advgb-dyn-fb6796ef\">Body and Frame<\/h5>\n<\/div>\n<\/div>\n<\/div>\n<\/div>\n\n\n\n<div class=\"wp-block-columns is-layout-flex wp-container-24 wp-block-columns-is-layout-flex\">\n<div class=\"wp-block-column is-layout-flow wp-block-column-is-layout-flow\">\n<div class=\"wp-block-columns is-layout-flex wp-container-18 wp-block-columns-is-layout-flex\">\n<div class=\"wp-block-column is-layout-flow wp-block-column-is-layout-flow\">\n<figure class=\"wp-block-image size-large\"><a href=\"https:\/\/www.octanes.de\/dv-mechanik\/\"><img decoding=\"async\" loading=\"lazy\" width=\"300\" height=\"300\" src=\"http:\/\/www.octanes.de\/wp-content\/uploads\/2019\/09\/dvMechanik.png\" alt=\"\" class=\"wp-image-4402\" srcset=\"https:\/\/voltages.de\/wp-content\/uploads\/2019\/09\/dvMechanik.png 300w, https:\/\/voltages.de\/wp-content\/uploads\/2019\/09\/dvMechanik-150x150.png 150w, https:\/\/voltages.de\/wp-content\/uploads\/2019\/09\/dvMechanik-50x50.png 50w\" sizes=\"(max-width: 300px) 100vw, 300px\" \/><\/a><\/figure>\n\n\n\n<h5 class=\"wp-block-heading advgb-dyn-eeb808fa\">DV-Mechanik<\/h5>\n<\/div>\n\n\n\n<div class=\"wp-block-column is-layout-flow wp-block-column-is-layout-flow\">\n<figure class=\"wp-block-image size-large\"><a href=\"https:\/\/www.octanes.de\/elektronik\/\"><img decoding=\"async\" loading=\"lazy\" width=\"300\" height=\"300\" src=\"http:\/\/www.octanes.de\/wp-content\/uploads\/2019\/09\/elektronik.png\" alt=\"\" class=\"wp-image-4403\" srcset=\"https:\/\/voltages.de\/wp-content\/uploads\/2019\/09\/elektronik.png 300w, https:\/\/voltages.de\/wp-content\/uploads\/2019\/09\/elektronik-150x150.png 150w, https:\/\/voltages.de\/wp-content\/uploads\/2019\/09\/elektronik-50x50.png 50w\" sizes=\"(max-width: 300px) 100vw, 300px\" \/><\/a><\/figure>\n\n\n\n<h5 class=\"wp-block-heading advgb-dyn-537fc097\">Electronics<\/h5>\n<\/div>\n<\/div>\n<\/div>\n\n\n\n<div class=\"wp-block-column is-layout-flow wp-block-column-is-layout-flow\">\n<div class=\"wp-block-columns is-layout-flex wp-container-22 wp-block-columns-is-layout-flex\">\n<div class=\"wp-block-column is-layout-flow wp-block-column-is-layout-flow\">\n<figure class=\"wp-block-image size-large\"><a href=\"https:\/\/www.octanes.de\/electric-powertrain\/\"><img decoding=\"async\" loading=\"lazy\" width=\"813\" height=\"845\" src=\"http:\/\/www.octanes.de\/wp-content\/uploads\/2020\/04\/EV_Drivertrain.jpg\" alt=\"\" class=\"wp-image-4824\" srcset=\"https:\/\/voltages.de\/wp-content\/uploads\/2020\/04\/EV_Drivertrain.jpg 813w, https:\/\/voltages.de\/wp-content\/uploads\/2020\/04\/EV_Drivertrain-289x300.jpg 289w, https:\/\/voltages.de\/wp-content\/uploads\/2020\/04\/EV_Drivertrain-768x798.jpg 768w\" sizes=\"(max-width: 813px) 100vw, 813px\" \/><\/a><\/figure>\n\n\n\n<h5 class=\"wp-block-heading advgb-dyn-c355a1b9\">Electric Powertrain<\/h5>\n<\/div>\n\n\n\n<div class=\"wp-block-column is-layout-flow wp-block-column-is-layout-flow\">\n<figure class=\"wp-block-image size-large\"><a href=\"https:\/\/www.octanes.de\/business-plan\/\"><img decoding=\"async\" loading=\"lazy\" width=\"1024\" height=\"1024\" src=\"https:\/\/www.octanes.de\/wp-content\/uploads\/2020\/10\/Businessplan-1-1024x1024.png\" alt=\"\" class=\"wp-image-5034\" srcset=\"https:\/\/voltages.de\/wp-content\/uploads\/2020\/10\/Businessplan-1-1024x1024.png 1024w, https:\/\/voltages.de\/wp-content\/uploads\/2020\/10\/Businessplan-1-300x300.png 300w, https:\/\/voltages.de\/wp-content\/uploads\/2020\/10\/Businessplan-1-150x150.png 150w, https:\/\/voltages.de\/wp-content\/uploads\/2020\/10\/Businessplan-1-768x768.png 768w, https:\/\/voltages.de\/wp-content\/uploads\/2020\/10\/Businessplan-1-1000x1000.png 1000w, https:\/\/voltages.de\/wp-content\/uploads\/2020\/10\/Businessplan-1-600x600.png 600w, https:\/\/voltages.de\/wp-content\/uploads\/2020\/10\/Businessplan-1-50x50.png 50w, https:\/\/voltages.de\/wp-content\/uploads\/2020\/10\/Businessplan-1-1536x1536.png 1536w, https:\/\/voltages.de\/wp-content\/uploads\/2020\/10\/Businessplan-1-2048x2048.png 2048w\" sizes=\"(max-width: 1024px) 100vw, 1024px\" \/><\/a><\/figure>\n\n\n\n<h5 class=\"wp-block-heading advgb-dyn-eac72dcc\">Businessplan<\/h5>\n<\/div>\n<\/div>\n<\/div>\n<\/div>\n\n\n\n<div class=\"wp-block-columns is-layout-flex wp-container-33 wp-block-columns-is-layout-flex\">\n<div class=\"wp-block-column is-layout-flow wp-block-column-is-layout-flow\">\n<div class=\"wp-block-columns is-layout-flex wp-container-27 wp-block-columns-is-layout-flex\">\n<div class=\"wp-block-column is-layout-flow wp-block-column-is-layout-flow\"><\/div>\n\n\n\n<div class=\"wp-block-column is-layout-flow wp-block-column-is-layout-flow\">\n<figure class=\"wp-block-image size-large\"><a href=\"https:\/\/www.octanes.de\/fahrwerk\/\"><img decoding=\"async\" loading=\"lazy\" width=\"300\" height=\"300\" src=\"http:\/\/www.octanes.de\/wp-content\/uploads\/2019\/09\/fw.png\" alt=\"\" class=\"wp-image-4401\" srcset=\"https:\/\/voltages.de\/wp-content\/uploads\/2019\/09\/fw.png 300w, https:\/\/voltages.de\/wp-content\/uploads\/2019\/09\/fw-150x150.png 150w, https:\/\/voltages.de\/wp-content\/uploads\/2019\/09\/fw-50x50.png 50w\" sizes=\"(max-width: 300px) 100vw, 300px\" \/><\/a><\/figure>\n\n\n\n<h5 class=\"wp-block-heading advgb-dyn-43ce8d90\">Suspension<\/h5>\n<\/div>\n<\/div>\n<\/div>\n\n\n\n<div class=\"wp-block-column is-layout-flow wp-block-column-is-layout-flow\">\n<div class=\"wp-block-columns is-layout-flex wp-container-31 wp-block-columns-is-layout-flex\">\n<div class=\"wp-block-column is-layout-flow wp-block-column-is-layout-flow\">\n<figure class=\"wp-block-image size-large\"><a href=\"https:\/\/www.octanes.de\/dv-software\/\"><img decoding=\"async\" loading=\"lazy\" width=\"300\" height=\"300\" src=\"http:\/\/www.octanes.de\/wp-content\/uploads\/2019\/09\/DVsoftware.png\" alt=\"\" class=\"wp-image-4406\" srcset=\"https:\/\/voltages.de\/wp-content\/uploads\/2019\/09\/DVsoftware.png 300w, https:\/\/voltages.de\/wp-content\/uploads\/2019\/09\/DVsoftware-150x150.png 150w, https:\/\/voltages.de\/wp-content\/uploads\/2019\/09\/DVsoftware-50x50.png 50w\" sizes=\"(max-width: 300px) 100vw, 300px\" \/><\/a><\/figure>\n\n\n\n<h5 class=\"wp-block-heading advgb-dyn-b223140c\">DV-Software<\/h5>\n<\/div>\n\n\n\n<div class=\"wp-block-column is-layout-flow wp-block-column-is-layout-flow\"><\/div>\n<\/div>\n<\/div>\n<\/div>","protected":false},"excerpt":{"rendered":"<p>Du m\u00f6chtest Teil des Teams werden? Oder schau dir unsere Stellenausschreibungen an! Dieses Teilteam besch\u00e4ftigt sich mit dem Antriebsstrang unseres elektrischen Rennwagens. Neben den Motoren und Getrieben geh\u00f6ren auch die Wechselrichter und die mechanischen Aspekte des Akkus zu den Aufgaben des Teams Electric Powertrain. Cost Report Aerodynamik Orga+PR Chassis DV-Mechanik<\/p>","protected":false},"author":4,"featured_media":0,"parent":0,"menu_order":0,"comment_status":"closed","ping_status":"closed","template":"","meta":{"advgb_blocks_editor_width":"","advgb_blocks_columns_visual_guide":"","footnotes":""},"coauthors":[],"author_meta":{"author_link":"https:\/\/voltages.de\/en\/author\/meike\/","display_name":"meike"},"relative_dates":{"created":"Posted 6 years ago","modified":"Updated 6 months ago"},"absolute_dates":{"created":"Posted on 22. April 2020","modified":"Updated on 15. October 2025"},"absolute_dates_time":{"created":"Posted on 22. April 2020 19:10","modified":"Updated on 15. October 2025 14:20"},"featured_img_caption":"","featured_img":false,"series_order":"","_links":{"self":[{"href":"https:\/\/voltages.de\/en\/wp-json\/wp\/v2\/pages\/4808"}],"collection":[{"href":"https:\/\/voltages.de\/en\/wp-json\/wp\/v2\/pages"}],"about":[{"href":"https:\/\/voltages.de\/en\/wp-json\/wp\/v2\/types\/page"}],"author":[{"embeddable":true,"href":"https:\/\/voltages.de\/en\/wp-json\/wp\/v2\/users\/4"}],"replies":[{"embeddable":true,"href":"https:\/\/voltages.de\/en\/wp-json\/wp\/v2\/comments?post=4808"}],"version-history":[{"count":9,"href":"https:\/\/voltages.de\/en\/wp-json\/wp\/v2\/pages\/4808\/revisions"}],"predecessor-version":[{"id":6491,"href":"https:\/\/voltages.de\/en\/wp-json\/wp\/v2\/pages\/4808\/revisions\/6491"}],"wp:attachment":[{"href":"https:\/\/voltages.de\/en\/wp-json\/wp\/v2\/media?parent=4808"}],"curies":[{"name":"wp","href":"https:\/\/api.w.org\/{rel}","templated":true}]}}