{"id":5591,"date":"2022-09-22T14:17:02","date_gmt":"2022-09-22T12:17:02","guid":{"rendered":"https:\/\/www.octanes.de\/?page_id=5591"},"modified":"2023-03-04T13:26:34","modified_gmt":"2023-03-04T12:26:34","slug":"faumax-omikron","status":"publish","type":"page","link":"https:\/\/voltages.de\/en\/rennwagen\/rennwagen-electric\/faumax-omikron\/","title":{"rendered":"FAUmax omikron"},"content":{"rendered":"<p>Zu Beginn der Saison des FAUmax omikron haben wir die Designprinzipien unseres Rennautos mit Hilfe unserer Rundenzeitsimulation festgelegt: Compact Powertrain, Lightweight Design, Aerodynamic Efficiency und die Integration der DV-Komponenten. In diesen vier Zielen k\u00f6nnen wir das Wissen aus dem langj\u00e4hrigen Bau der Verbrenner- und DV-Rennw\u00e4gen, sowie unserem ersten elektrischen Rennwagen dem FAUmax xi zusammenf\u00fchren. Neben unseren Design-Prinzipien legten wir w\u00e4hrend der Konstruktion des FAUmax omikron Wert auf Ergonomie und die Integration von neuen Innovationen, wie dem selbst entwickelten aktiven Fahrwerk.<\/p>\n<p>&nbsp;<\/p>\n<div class=\"wp-block-advgb-list\"><img decoding=\"async\" loading=\"lazy\" src=\"http:\/\/www.octanes.de\/wp-content\/uploads\/2022\/09\/omi-300x108.jpg\" alt=\"\" class=\"aligncenter wp-image-5615\" width=\"1024\" height=\"369\" srcset=\"https:\/\/voltages.de\/wp-content\/uploads\/2022\/09\/omi-300x108.jpg 300w, https:\/\/voltages.de\/wp-content\/uploads\/2022\/09\/omi-1024x369.jpg 1024w, https:\/\/voltages.de\/wp-content\/uploads\/2022\/09\/omi-768x277.jpg 768w, https:\/\/voltages.de\/wp-content\/uploads\/2022\/09\/omi-1536x553.jpg 1536w, https:\/\/voltages.de\/wp-content\/uploads\/2022\/09\/omi-2048x737.jpg 2048w, https:\/\/voltages.de\/wp-content\/uploads\/2022\/09\/omi-18x6.jpg 18w\" sizes=\"(max-width: 1024px) 100vw, 1024px\" \/><\/div>\n\n\n\n<hr class=\"wp-block-separator has-css-opacity advgb-dyn-c3f4f0ad\"\/>\n\n\n\n<h2 class=\"has-text-align-center wp-block-heading\" id=\"auf-einen-blick\">At the glance<\/h2>\n\n\n\n<hr class=\"wp-block-separator has-css-opacity advgb-dyn-c3f4f0ad\"\/>\n\n\n\n<div class=\"wp-block-stevehenty-drop-shadow-box dropshadowboxes-container\" style=\"width:auto\"><div class=\"dropshadowboxes-drop-shadow dropshadowboxes-lifted-both dropshadowboxes-rounded-corners dropshadowboxes-inside-and-outside-shadow\" style=\"background-color:#FFFFFF;border-style:solid;border-width:2px;border-color:#DDDDDD;width:;padding:10px\"><div>\n<div class=\"wp-block-advgb-count-up advgb-count-up count-up-b4ac7022-6d5c-4eac-adac-0bc764dde67c advgb-dyn-7aea5ecd\" style=\"display:flex\"><div class=\"advgb-count-up-columns-one\"><h4 style=\"color:#cf2e2e\" class=\"advgb-count-up-header\">Power<\/h4><div class=\"advgb-counter\" style=\"font-size:55px\"><span class=\"advgb-counter-number\">70 kW<\/span><\/div><p class=\"advgb-count-up-desc\"><\/p><\/div><div class=\"advgb-count-up-columns-two\"><h4 style=\"color:#cf2e2e\" class=\"advgb-count-up-header\">Torque<\/h4><div class=\"advgb-counter\" style=\"font-size:55px\"><span class=\"advgb-counter-number\">635 Nm<\/span><\/div><p class=\"advgb-count-up-desc\"><\/p><\/div><div class=\"advgb-count-up-columns-three\"><h4 style=\"color:#cf2e2e\" class=\"advgb-count-up-header\">Weight with DV<\/h4><div class=\"advgb-counter\" style=\"font-size:55px\"><span class=\"advgb-counter-number\">175 kg<\/span><\/div><p class=\"advgb-count-up-desc\"><\/p><\/div><\/div>\n<\/div><\/div><\/div>\n\n\n\n<hr>\n<h2 style=\"text-align: center;\">Best Innovation<\/h2>\n<p>This season we built an active suspension system that allows us to dynamically adjust the damping to the current driving situation. This helps us not only to reduce the rolling and pitching of the car, but also to dynamically influence its self-steering behaviour. Apart from the clear vehicle dynamic advantages, this greatly benefits our strong aerodynamic approach, allowing us to differentiate between straights and corners. The active suspension won the \u201cBest technology Innovation Award\u201d at Formula Student Spain 2022.<\/p>\n<div class=\"wp-block-advgb-list\"><\/div>\n\n\n\n<hr class=\"wp-block-separator\">\n\n\n\n<h2 style=\"text-align: center;\">Impressions of the season<\/h2>\n<div id=\"metaslider-id-5596\" style=\"max-width: 1200px; margin: 0 auto;\" class=\"ml-slider-3-108-0 metaslider metaslider-flex metaslider-5596 ml-slider has-dots-nav ms-theme-default\" role=\"region\" aria-label=\"FAUmax omikron\" data-height=\"800\" data-width=\"1200\">\n    <div id=\"metaslider_container_5596\">\n        <div id=\"metaslider_5596\">\n            <ul class='slides'>\n                <li style=\"display: block; width: 100%;\" class=\"slide-5605 ms-image\" aria-roledescription=\"slide\" data-date=\"2022-09-22 13:19:04\" data-filename=\"DSC05503-scaled-1200x800.jpg\" data-slide-type=\"image\"><img src=\"https:\/\/voltages.de\/wp-content\/uploads\/2022\/09\/DSC05503-scaled-1200x800.jpg\" height=\"800\" width=\"1200\" alt=\"\" class=\"slider-5596 slide-5605 msDefaultImage\" title=\"DSC05503\" \/><div class=\"caption-wrap\"><div class=\"caption\">Team FAUmax omikron | Rollout 2022<\/div><\/div><\/li>\n                <li style=\"display: none; width: 100%;\" class=\"slide-5607 ms-image\" aria-roledescription=\"slide\" data-date=\"2022-09-22 13:19:04\" data-filename=\"DSCF2755-1-scaled-e1677507459718-1200x800.jpg\" data-slide-type=\"image\"><img src=\"https:\/\/voltages.de\/wp-content\/uploads\/2022\/09\/DSCF2755-1-scaled-e1677507459718-1200x800.jpg\" height=\"800\" width=\"1200\" alt=\"\" class=\"slider-5596 slide-5607 msDefaultImage\" title=\"DSCF2755 (1)\" \/><div class=\"caption-wrap\"><div class=\"caption\">Formula Student Spain 2022<\/div><\/div><\/li>\n                <li style=\"display: none; width: 100%;\" class=\"slide-5606 ms-image\" aria-roledescription=\"slide\" data-date=\"2022-09-22 13:19:04\" data-filename=\"DSC05713-scaled-1200x800.jpg\" data-slide-type=\"image\"><img src=\"https:\/\/voltages.de\/wp-content\/uploads\/2022\/09\/DSC05713-scaled-1200x800.jpg\" height=\"800\" width=\"1200\" alt=\"\" class=\"slider-5596 slide-5606 msDefaultImage\" title=\"DSC05713\" \/><div class=\"caption-wrap\"><div class=\"caption\">Teamleaders 2022 | Rollout 2022<\/div><\/div><\/li>\n                <li style=\"display: none; width: 100%;\" class=\"slide-5608 ms-image\" aria-roledescription=\"slide\" data-date=\"2022-09-22 13:19:04\" data-filename=\"IMG_2134-scaled-1200x800.jpg\" data-slide-type=\"image\"><img src=\"https:\/\/voltages.de\/wp-content\/uploads\/2022\/09\/IMG_2134-scaled-1200x800.jpg\" height=\"800\" width=\"1200\" alt=\"\" class=\"slider-5596 slide-5608 msDefaultImage\" title=\"IMG_2134\" \/><div class=\"caption-wrap\"><div class=\"caption\">Best technology Innovation | Formula Student Spain 2022<\/div><\/div><\/li>\n                <li style=\"display: none; width: 100%;\" class=\"slide-5610 ms-image\" aria-roledescription=\"slide\" data-date=\"2022-09-22 13:19:04\" data-filename=\"PSW07375-scaled-1200x800.jpg\" data-slide-type=\"image\"><img src=\"https:\/\/voltages.de\/wp-content\/uploads\/2022\/09\/PSW07375-scaled-1200x800.jpg\" height=\"800\" width=\"1200\" alt=\"\" class=\"slider-5596 slide-5610 msDefaultImage\" title=\"PSW07375\" \/><div class=\"caption-wrap\"><div class=\"caption\">Porsche and FAUmax omikron at FSG 2022<\/div><\/div><\/li>\n                <li style=\"display: none; width: 100%;\" class=\"slide-5609 ms-image\" aria-roledescription=\"slide\" data-date=\"2022-09-22 13:19:04\" data-filename=\"PSW07300-scaled-1200x800.jpg\" data-slide-type=\"image\"><img src=\"https:\/\/voltages.de\/wp-content\/uploads\/2022\/09\/PSW07300-scaled-1200x800.jpg\" height=\"800\" width=\"1200\" alt=\"\" class=\"slider-5596 slide-5609 msDefaultImage\" title=\"PSW07300\" \/><div class=\"caption-wrap\"><div class=\"caption\">Engineering Design at FSG 2022<\/div><\/div><\/li>\n                <li style=\"display: none; width: 100%;\" class=\"slide-5611 ms-image\" aria-roledescription=\"slide\" data-date=\"2022-09-22 13:19:04\" data-filename=\"PSW08160-scaled-1200x800.jpg\" data-slide-type=\"image\"><img src=\"https:\/\/voltages.de\/wp-content\/uploads\/2022\/09\/PSW08160-scaled-1200x800.jpg\" height=\"800\" width=\"1200\" alt=\"\" class=\"slider-5596 slide-5611 msDefaultImage\" title=\"PSW08160\" \/><div class=\"caption-wrap\"><div class=\"caption\">Finish Line Hockenheim <\/div><\/div><\/li>\n                <li style=\"display: none; width: 100%;\" class=\"slide-5612 ms-image\" aria-roledescription=\"slide\" data-date=\"2022-09-22 13:19:04\" data-filename=\"PSW09283-scaled-1200x800.jpg\" data-slide-type=\"image\"><img src=\"https:\/\/voltages.de\/wp-content\/uploads\/2022\/09\/PSW09283-scaled-1200x800.jpg\" height=\"800\" width=\"1200\" alt=\"\" class=\"slider-5596 slide-5612 msDefaultImage\" title=\"PSW09283\" \/><div class=\"caption-wrap\"><div class=\"caption\">Ready to Race at Formula Student<\/div><\/div><\/li>\n            <\/ul>\n        <\/div>\n        \n    <\/div>\n<\/div>\n\n\n\n<hr class=\"wp-block-separator has-css-opacity advgb-dyn-c3f4f0ad\"\/>\n\n\n\n<figure class=\"wp-block-image\"><img decoding=\"async\" loading=\"lazy\" src=\"http:\/\/www.octanes.de\/wp-content\/uploads\/2022\/09\/Sponsoren-296x300.png\" alt=\"\" class=\"wp-image-5592 aligncenter\" width=\"681\" height=\"690\" srcset=\"https:\/\/voltages.de\/wp-content\/uploads\/2022\/09\/Sponsoren-296x300.png 296w, https:\/\/voltages.de\/wp-content\/uploads\/2022\/09\/Sponsoren-1011x1024.png 1011w, https:\/\/voltages.de\/wp-content\/uploads\/2022\/09\/Sponsoren-768x778.png 768w, https:\/\/voltages.de\/wp-content\/uploads\/2022\/09\/Sponsoren-50x50.png 50w, https:\/\/voltages.de\/wp-content\/uploads\/2022\/09\/Sponsoren-1516x1536.png 1516w, https:\/\/voltages.de\/wp-content\/uploads\/2022\/09\/Sponsoren-2022x2048.png 2022w, https:\/\/voltages.de\/wp-content\/uploads\/2022\/09\/Sponsoren-12x12.png 12w\" sizes=\"(max-width: 681px) 100vw, 681px\" \/><\/figure>\n\n\n<div class=\"lyte-wrapper\" title=\"Manufacturing of FAUmax omikron | High-Octane Motorsports e.V.\" style=\"width:853px;max-width:100%;margin:5px auto;\"><div class=\"lyMe hidef\" id=\"WYL_Yt45qFp32S4\"><div id=\"lyte_Yt45qFp32S4\" data-src=\"https:\/\/voltages.de\/wp-content\/plugins\/wp-youtube-lyte\/lyteCache.php?origThumbUrl=https%3A%2F%2Fi.ytimg.com%2Fvi%2FYt45qFp32S4%2Fmaxresdefault.jpg\" class=\"pL\"><div class=\"tC\"><div class=\"tT\">Manufacturing of FAUmax omikron | High-Octane Motorsports e.V.<\/div><\/div><div class=\"play\"><\/div><div class=\"ctrl\"><div class=\"Lctrl\"><\/div><div class=\"Rctrl\"><\/div><\/div><\/div><noscript><a href=\"https:\/\/youtu.be\/Yt45qFp32S4\" rel=\"nofollow\"><img src=\"https:\/\/voltages.de\/wp-content\/plugins\/wp-youtube-lyte\/lyteCache.php?origThumbUrl=https%3A%2F%2Fi.ytimg.com%2Fvi%2FYt45qFp32S4%2F0.jpg\" alt=\"Manufacturing of FAUmax omikron | High-Octane Motorsports e.V.\" width=\"853\" height=\"460\" \/><br \/>Watch this video on YouTube<\/a><\/noscript><\/div><\/div><div class=\"lL\" style=\"max-width:100%;width:853px;margin:5px auto;\"><br\/><span class=\"lyte_disclaimer\">Durch Klicken auf das Video werden Daten an den jeweiligen Anbieter \u00fcbermittelt.<\/span><\/div>\n\n\n\n<hr class=\"wp-block-separator has-css-opacity advgb-dyn-c3f4f0ad\"\/>\n\n\n\n<div class=\"wp-block-advgb-social-links advgb-social-links-block\" style=\"text-align: center;\">\n<div class=\"advgb-social-icons\"><\/div>\n<\/div>\n\n\n\n<div style=\"height:50px\" aria-hidden=\"true\" class=\"wp-block-spacer\"><\/div>","protected":false},"excerpt":{"rendered":"<p>Zu Beginn der Saison des FAUmax omikron haben wir die Designprinzipien unseres Rennautos mit Hilfe unserer Rundenzeitsimulation festgelegt: Compact Powertrain, Lightweight Design, Aerodynamic Efficiency und die Integration der DV-Komponenten. In diesen vier Zielen k\u00f6nnen wir das Wissen aus dem langj\u00e4hrigen Bau der Verbrenner- und DV-Rennw\u00e4gen, sowie unserem ersten elektrischen Rennwagen<\/p>","protected":false},"author":6,"featured_media":0,"parent":5566,"menu_order":0,"comment_status":"closed","ping_status":"closed","template":"","meta":{"advgb_blocks_editor_width":"","advgb_blocks_columns_visual_guide":"","footnotes":""},"coauthors":[],"author_meta":{"author_link":"https:\/\/voltages.de\/en\/author\/pauline\/","display_name":"pauline"},"relative_dates":{"created":"Posted 4 years ago","modified":"Updated 3 years ago"},"absolute_dates":{"created":"Posted on 22. September 2022","modified":"Updated on 4. March 2023"},"absolute_dates_time":{"created":"Posted on 22. September 2022 14:17","modified":"Updated on 4. March 2023 13:26"},"featured_img_caption":"","featured_img":false,"series_order":"","_links":{"self":[{"href":"https:\/\/voltages.de\/en\/wp-json\/wp\/v2\/pages\/5591"}],"collection":[{"href":"https:\/\/voltages.de\/en\/wp-json\/wp\/v2\/pages"}],"about":[{"href":"https:\/\/voltages.de\/en\/wp-json\/wp\/v2\/types\/page"}],"author":[{"embeddable":true,"href":"https:\/\/voltages.de\/en\/wp-json\/wp\/v2\/users\/6"}],"replies":[{"embeddable":true,"href":"https:\/\/voltages.de\/en\/wp-json\/wp\/v2\/comments?post=5591"}],"version-history":[{"count":24,"href":"https:\/\/voltages.de\/en\/wp-json\/wp\/v2\/pages\/5591\/revisions"}],"predecessor-version":[{"id":6506,"href":"https:\/\/voltages.de\/en\/wp-json\/wp\/v2\/pages\/5591\/revisions\/6506"}],"up":[{"embeddable":true,"href":"https:\/\/voltages.de\/en\/wp-json\/wp\/v2\/pages\/5566"}],"wp:attachment":[{"href":"https:\/\/voltages.de\/en\/wp-json\/wp\/v2\/media?parent=5591"}],"curies":[{"name":"wp","href":"https:\/\/api.w.org\/{rel}","templated":true}]}}