{"id":6177,"date":"2024-10-05T11:42:32","date_gmt":"2024-10-05T09:42:32","guid":{"rendered":"https:\/\/voltages.de\/?page_id=6177"},"modified":"2024-10-05T12:21:32","modified_gmt":"2024-10-05T10:21:32","slug":"faumax-xi","status":"publish","type":"page","link":"https:\/\/voltages.de\/en\/rennwagen\/rennwagen-electric\/faumax-xi\/","title":{"rendered":"FAUmax xi"},"content":{"rendered":"<div class=\"flex max-w-full flex-col flex-grow\">\n<div data-message-author-role=\"assistant\" data-message-id=\"dfdd01f2-2615-4feb-a21b-fd5df3d5ddbd\" dir=\"auto\" class=\"min-h-8 text-message flex w-full flex-col items-end gap-2 whitespace-normal break-words [.text-message+&amp;]:mt-5\">\n<div class=\"flex w-full flex-col gap-1 empty:hidden first:pt-[3px]\">\n<div class=\"markdown prose w-full break-words dark:prose-invert light\">\n<p>Der FAUmax xi ist der erste Meilenstein der elektrischen Mobilit\u00e4t unseres Teams. Dieser erste elektrische und insgesamt vierzehnte Rennwagen markiert den Grundstein f\u00fcr eine neue Generation von Rennfahrzeugen und Ingenieurskunst.<\/p>\n<p>Im Herzen des FAUmax xi schl\u00e4gt ein einziger <em>lightweight<\/em>-Motor: der EMRAX 208. Mit seinem kompakten Design und herausragender Effizienz verleiht dieser Hochleistungsmotor dem Wagen nicht nur immense Beschleunigung, sondern auch ein beeindruckend niedriges Gesamtgewicht.<\/p>\n<p>Im Sommer 2021, unter strahlender Sonne Kroatiens, wurde der Xi zu ersten mal auf die Rennstrecke gehoben. Er repr\u00e4sentierte die Zukunft des Universit\u00e4tsprojekts und sammelte das wertvolle Know-how f\u00fcr die kommenden Jahre. Das Team nutzte diese Plattform, um sich nicht nur mit der neuesten Technologie auseinanderzusetzen, sondern auch um F\u00e4higkeiten und Erfahrungen zu sammeln, die die n\u00e4chste Generation von Ingenieuren pr\u00e4gen.<\/p>\n<div id=\"metaslider-id-6190\" style=\"max-width: 1200px; margin: 0 auto;\" class=\"ml-slider-3-108-0 metaslider metaslider-flex metaslider-6190 ml-slider has-dots-nav ms-theme-default\" role=\"region\" aria-label=\"FAUmax xi slider\" data-height=\"800\" data-width=\"1200\">\n    <div id=\"metaslider_container_6190\">\n        <div id=\"metaslider_6190\">\n            <ul class='slides'>\n                <li style=\"display: block; width: 100%;\" class=\"slide-6191 ms-image \" aria-roledescription=\"slide\" data-date=\"2024-10-05 12:18:21\" data-filename=\"FSAA_xi-1-1200x800.png\" data-slide-type=\"image\"><img src=\"https:\/\/voltages.de\/wp-content\/uploads\/2024\/10\/FSAA_xi-1-1200x800.png\" height=\"800\" width=\"1200\" alt=\"\" class=\"slider-6190 slide-6191 msDefaultImage\" title=\"FSAA_xi (1)\" \/><\/li>\n                <li style=\"display: none; width: 100%;\" class=\"slide-6192 ms-image \" aria-roledescription=\"slide\" data-date=\"2024-10-05 12:18:21\" data-filename=\"FSAA_xi-4-1200x800.png\" data-slide-type=\"image\"><img src=\"https:\/\/voltages.de\/wp-content\/uploads\/2024\/10\/FSAA_xi-4-1200x800.png\" height=\"800\" width=\"1200\" alt=\"\" class=\"slider-6190 slide-6192 msDefaultImage\" title=\"FSAA_xi (4)\" \/><\/li>\n                <li style=\"display: none; width: 100%;\" class=\"slide-6193 ms-image \" aria-roledescription=\"slide\" data-date=\"2024-10-05 12:18:21\" data-filename=\"FSAA_xi-3-1200x800.png\" data-slide-type=\"image\"><img src=\"https:\/\/voltages.de\/wp-content\/uploads\/2024\/10\/FSAA_xi-3-1200x800.png\" height=\"800\" width=\"1200\" alt=\"\" class=\"slider-6190 slide-6193 msDefaultImage\" title=\"FSAA_xi (3)\" \/><\/li>\n                <li style=\"display: none; width: 100%;\" class=\"slide-6194 ms-image \" aria-roledescription=\"slide\" data-date=\"2024-10-05 12:18:21\" data-filename=\"FSAA_xi-2-1200x800.png\" data-slide-type=\"image\"><img src=\"https:\/\/voltages.de\/wp-content\/uploads\/2024\/10\/FSAA_xi-2-1200x800.png\" height=\"800\" width=\"1200\" alt=\"\" class=\"slider-6190 slide-6194 msDefaultImage\" title=\"FSAA_xi (2)\" \/><\/li>\n            <\/ul>\n        <\/div>\n        \n    <\/div>\n<\/div>\n<\/div>\n<\/div>\n<\/div>\n<\/div>\n","protected":false},"excerpt":{"rendered":"<p>Der FAUmax xi ist der erste Meilenstein der elektrischen Mobilit\u00e4t unseres Teams. Dieser erste elektrische und insgesamt vierzehnte Rennwagen markiert den Grundstein f\u00fcr eine neue Generation von Rennfahrzeugen und Ingenieurskunst. Im Herzen des FAUmax xi schl\u00e4gt ein einziger lightweight-Motor: der EMRAX 208. Mit seinem kompakten Design und herausragender Effizienz verleiht<\/p>","protected":false},"author":6,"featured_media":0,"parent":5566,"menu_order":0,"comment_status":"closed","ping_status":"closed","template":"","meta":{"advgb_blocks_editor_width":"","advgb_blocks_columns_visual_guide":"","footnotes":""},"coauthors":[],"author_meta":{"author_link":"https:\/\/voltages.de\/en\/author\/pauline\/","display_name":"pauline"},"relative_dates":{"created":"Posted 2 years ago","modified":"Updated 2 years ago"},"absolute_dates":{"created":"Posted on 5. October 2024","modified":"Updated on 5. October 2024"},"absolute_dates_time":{"created":"Posted on 5. October 2024 11:42","modified":"Updated on 5. October 2024 12:21"},"featured_img_caption":"","featured_img":false,"series_order":"","_links":{"self":[{"href":"https:\/\/voltages.de\/en\/wp-json\/wp\/v2\/pages\/6177"}],"collection":[{"href":"https:\/\/voltages.de\/en\/wp-json\/wp\/v2\/pages"}],"about":[{"href":"https:\/\/voltages.de\/en\/wp-json\/wp\/v2\/types\/page"}],"author":[{"embeddable":true,"href":"https:\/\/voltages.de\/en\/wp-json\/wp\/v2\/users\/6"}],"replies":[{"embeddable":true,"href":"https:\/\/voltages.de\/en\/wp-json\/wp\/v2\/comments?post=6177"}],"version-history":[{"count":6,"href":"https:\/\/voltages.de\/en\/wp-json\/wp\/v2\/pages\/6177\/revisions"}],"predecessor-version":[{"id":6196,"href":"https:\/\/voltages.de\/en\/wp-json\/wp\/v2\/pages\/6177\/revisions\/6196"}],"up":[{"embeddable":true,"href":"https:\/\/voltages.de\/en\/wp-json\/wp\/v2\/pages\/5566"}],"wp:attachment":[{"href":"https:\/\/voltages.de\/en\/wp-json\/wp\/v2\/media?parent=6177"}],"curies":[{"name":"wp","href":"https:\/\/api.w.org\/{rel}","templated":true}]}}