{"id":903,"date":"2018-08-30T13:56:37","date_gmt":"2018-08-30T11:56:37","guid":{"rendered":"http:\/\/wp.octanes.de\/?page_id=903"},"modified":"2021-05-03T12:19:35","modified_gmt":"2021-05-03T10:19:35","slug":"walloffame","status":"publish","type":"page","link":"https:\/\/voltages.de\/en\/team\/walloffame\/","title":{"rendered":"Wall of Fame"},"content":{"rendered":"\n<p style=\"font-size:18px\">Hier finden sich die Namen aller Teamleiter der vergangenen Jahre. Im Namen des gesamten Vereins ein riesengro\u00dfes Dankesch\u00f6n an jeden Einzelnen der hier gelistet ist und selbstverst\u00e4ndlich auch an jedes einzelne Teammitglied, das den Verein <strong>High-Octane Motorsports e.V.<\/strong> zu dem gemacht hat, was er heute ist!<\/p>\n\n\n<p>[a-team-showcase id=&#8220;3064&#8243;]<\/p>","protected":false},"excerpt":{"rendered":"<p>Hier finden sich die Namen aller Teamleiter der vergangenen Jahre. Im Namen des gesamten Vereins ein riesengro\u00dfes Dankesch\u00f6n an jeden Einzelnen der hier gelistet ist und selbstverst\u00e4ndlich auch an jedes einzelne Teammitglied, das den Verein High-Octane Motorsports e.V. zu dem gemacht hat, was er heute ist! [a-team-showcase id=&#8220;3064&#8243;]<\/p>\n","protected":false},"author":1,"featured_media":0,"parent":89,"menu_order":0,"comment_status":"closed","ping_status":"closed","template":"","meta":{"advgb_blocks_editor_width":"","advgb_blocks_columns_visual_guide":"","footnotes":""},"coauthors":[],"author_meta":{"author_link":"https:\/\/voltages.de\/en\/author\/admin_octane\/","display_name":"High-Octane Motorsports e.V."},"relative_dates":{"created":"Posted 8 years ago","modified":"Updated 5 years ago"},"absolute_dates":{"created":"Posted on 30. August 2018","modified":"Updated on 3. May 2021"},"absolute_dates_time":{"created":"Posted on 30. August 2018 13:56","modified":"Updated on 3. May 2021 12:19"},"featured_img_caption":"","featured_img":false,"series_order":"","_links":{"self":[{"href":"https:\/\/voltages.de\/en\/wp-json\/wp\/v2\/pages\/903"}],"collection":[{"href":"https:\/\/voltages.de\/en\/wp-json\/wp\/v2\/pages"}],"about":[{"href":"https:\/\/voltages.de\/en\/wp-json\/wp\/v2\/types\/page"}],"author":[{"embeddable":true,"href":"https:\/\/voltages.de\/en\/wp-json\/wp\/v2\/users\/1"}],"replies":[{"embeddable":true,"href":"https:\/\/voltages.de\/en\/wp-json\/wp\/v2\/comments?post=903"}],"version-history":[{"count":48,"href":"https:\/\/voltages.de\/en\/wp-json\/wp\/v2\/pages\/903\/revisions"}],"predecessor-version":[{"id":3421,"href":"https:\/\/voltages.de\/en\/wp-json\/wp\/v2\/pages\/903\/revisions\/3421"}],"up":[{"embeddable":true,"href":"https:\/\/voltages.de\/en\/wp-json\/wp\/v2\/pages\/89"}],"wp:attachment":[{"href":"https:\/\/voltages.de\/en\/wp-json\/wp\/v2\/media?parent=903"}],"curies":[{"name":"wp","href":"https:\/\/api.w.org\/{rel}","templated":true}]}}